{"id":88316,"date":"2021-02-21T21:01:25","date_gmt":"2021-02-21T21:01:25","guid":{"rendered":"https:\/\/www.autonvaraosahaku.fi\/?product=febi-bilstein-30916-tukivarren-hela"},"modified":"2021-02-21T21:01:28","modified_gmt":"2021-02-21T21:01:28","slug":"febi-bilstein-30916-tukivarren-hela","status":"publish","type":"product","link":"https:\/\/www.autonvaraosahaku.fi\/?product=febi-bilstein-30916-tukivarren-hela","title":{"rendered":"FEBI BILSTEIN 30916 Tukivarren hela"},"content":{"rendered":"<p>Paksuus [mm]: 46,0; Sis\u00e4l\u00e4pimitta [mm]: 12,0; Ulkol\u00e4pimitta [mm]: 60,0, 23,0; Materiaali: Kumi-metalli; Asennuspuoli: etuakseli molemminpuoleinen, Alla, Takana; Paino [kg]: 0,205, 0,205; Alustanumerosta: 033314; CHEVROLET: KALOS,AVEO Schr\u00e4gheck T250, T255,AVEO Schr\u00e4gheck T300,AVEO Stufenheck T250, T255,KALOS Stufenheck,AVEO Stufenheck T300,AVEO Stufenheck T200,AVEO Schr\u00e4gheck T200; DAEWOO: KALOS KLAS,KALOS Stufenheck KLAS; 95479763, 96535088, 96653381, 95479763, 96535088, 96653381<\/p>\n","protected":false},"excerpt":{"rendered":"<p>FEBI BILSTEIN Tukivarren Hela 30916  CHEVROLET,DAEWOO,KALOS,AVEO Schr\u00e4gheck T250, T255,AVEO Schr\u00e4gheck T300,AVEO Stufenheck T250, T255<\/p>\n","protected":false},"featured_media":0,"template":"","meta":{"site-sidebar-layout":"default","site-content-layout":"default","ast-global-header-display":"","ast-main-header-display":"","ast-hfb-above-header-display":"","ast-hfb-below-header-display":"","ast-hfb-mobile-header-display":"","site-post-title":"","ast-breadcrumbs-content":"","ast-featured-img":"","footer-sml-layout":"","theme-transparent-header-meta":"","adv-header-id-meta":"","stick-header-meta":"","header-above-stick-meta":"","header-main-stick-meta":"","header-below-stick-meta":""},"pwb-brand":[50],"product_cat":[115],"product_tag":[],"class_list":{"0":"post-88316","1":"product","2":"type-product","3":"status-publish","5":"pwb-brand-febi-bilstein","6":"product_cat-tukivarren-hela","7":"desktop-align-left","8":"tablet-align-left","9":"mobile-align-left","11":"first","12":"instock","13":"product-type-external"},"brands":[{"id":50,"name":"FEBI BILSTEIN","slug":"febi-bilstein"}],"_links":{"self":[{"href":"https:\/\/www.autonvaraosahaku.fi\/index.php?rest_route=\/wp\/v2\/product\/88316","targetHints":{"allow":["GET"]}}],"collection":[{"href":"https:\/\/www.autonvaraosahaku.fi\/index.php?rest_route=\/wp\/v2\/product"}],"about":[{"href":"https:\/\/www.autonvaraosahaku.fi\/index.php?rest_route=\/wp\/v2\/types\/product"}],"wp:attachment":[{"href":"https:\/\/www.autonvaraosahaku.fi\/index.php?rest_route=%2Fwp%2Fv2%2Fmedia&parent=88316"}],"wp:term":[{"taxonomy":"pwb-brand","embeddable":true,"href":"https:\/\/www.autonvaraosahaku.fi\/index.php?rest_route=%2Fwp%2Fv2%2Fpwb-brand&post=88316"},{"taxonomy":"product_cat","embeddable":true,"href":"https:\/\/www.autonvaraosahaku.fi\/index.php?rest_route=%2Fwp%2Fv2%2Fproduct_cat&post=88316"},{"taxonomy":"product_tag","embeddable":true,"href":"https:\/\/www.autonvaraosahaku.fi\/index.php?rest_route=%2Fwp%2Fv2%2Fproduct_tag&post=88316"}],"curies":[{"name":"wp","href":"https:\/\/api.w.org\/{rel}","templated":true}]}}