{"id":8832,"date":"2021-02-21T14:04:09","date_gmt":"2021-02-21T14:04:09","guid":{"rendered":"https:\/\/www.autonvaraosahaku.fi\/?product=lemforder-37890-01-muut-luokat"},"modified":"2021-02-21T14:04:11","modified_gmt":"2021-02-21T14:04:11","slug":"lemforder-37890-01-muut-luokat","status":"publish","type":"product","link":"https:\/\/www.autonvaraosahaku.fi\/?product=lemforder-37890-01-muut-luokat","title":{"rendered":"LEMF\u00d6RDER 37890 01 Muut luokat"},"content":{"rendered":"<p>Asennuspuoli: Etuakseli, Molemminpuolin, Alla; tuotenumerolle: 35737 01, 35736 01; VW: TOUAREG 7P5; AUDI: Q7 4L; PORSCHE: CAYENNE; 7P0407151E, 7P0407152E, N10335304, N10532602, WHT001796A, WHT001833, WHT001938, 95834105300, 95834105400, N10335304, N10532602, WHT001796A, WHT001833, WHT001938, N10532602, WHT001796A, WHT001833, 7P0407151E, 7P0407152E, N10335304, N10532602, WHT001796A, WHT001833, WHT001938<\/p>\n","protected":false},"excerpt":{"rendered":"<p>LEMF\u00d6RDER Korjaussarja, Py\u00f6r\u00e4ntuenta Service Pack 37890 01  VW,AUDI,PORSCHE,TOUAREG 7P5,Q7 4L,CAYENNE<\/p>\n","protected":false},"featured_media":0,"template":"","meta":{"site-sidebar-layout":"default","site-content-layout":"default","ast-global-header-display":"","ast-main-header-display":"","ast-hfb-above-header-display":"","ast-hfb-below-header-display":"","ast-hfb-mobile-header-display":"","site-post-title":"","ast-breadcrumbs-content":"","ast-featured-img":"","footer-sml-layout":"","theme-transparent-header-meta":"","adv-header-id-meta":"","stick-header-meta":"","header-above-stick-meta":"","header-main-stick-meta":"","header-below-stick-meta":""},"pwb-brand":[77],"product_cat":[37],"product_tag":[],"class_list":{"0":"post-8832","1":"product","2":"type-product","3":"status-publish","5":"pwb-brand-lemforder","6":"product_cat-muut-luokat","7":"desktop-align-left","8":"tablet-align-left","9":"mobile-align-left","11":"first","12":"instock","13":"product-type-external"},"brands":[{"id":77,"name":"LEMF\u00d6RDER","slug":"lemforder"}],"_links":{"self":[{"href":"https:\/\/www.autonvaraosahaku.fi\/index.php?rest_route=\/wp\/v2\/product\/8832","targetHints":{"allow":["GET"]}}],"collection":[{"href":"https:\/\/www.autonvaraosahaku.fi\/index.php?rest_route=\/wp\/v2\/product"}],"about":[{"href":"https:\/\/www.autonvaraosahaku.fi\/index.php?rest_route=\/wp\/v2\/types\/product"}],"wp:attachment":[{"href":"https:\/\/www.autonvaraosahaku.fi\/index.php?rest_route=%2Fwp%2Fv2%2Fmedia&parent=8832"}],"wp:term":[{"taxonomy":"pwb-brand","embeddable":true,"href":"https:\/\/www.autonvaraosahaku.fi\/index.php?rest_route=%2Fwp%2Fv2%2Fpwb-brand&post=8832"},{"taxonomy":"product_cat","embeddable":true,"href":"https:\/\/www.autonvaraosahaku.fi\/index.php?rest_route=%2Fwp%2Fv2%2Fproduct_cat&post=8832"},{"taxonomy":"product_tag","embeddable":true,"href":"https:\/\/www.autonvaraosahaku.fi\/index.php?rest_route=%2Fwp%2Fv2%2Fproduct_tag&post=8832"}],"curies":[{"name":"wp","href":"https:\/\/api.w.org\/{rel}","templated":true}]}}