{"id":88322,"date":"2021-02-21T21:01:25","date_gmt":"2021-02-21T21:01:25","guid":{"rendered":"https:\/\/www.autonvaraosahaku.fi\/?product=ajusa-10070310-kannentiiviste"},"modified":"2021-02-21T21:01:30","modified_gmt":"2021-02-21T21:01:30","slug":"ajusa-10070310-kannentiiviste","status":"publish","type":"product","link":"https:\/\/www.autonvaraosahaku.fi\/?product=ajusa-10070310-kannentiiviste","title":{"rendered":"AJUSA 10070310 Kannentiiviste"},"content":{"rendered":"<p>L\u00e4pimitta [mm]: 92,5; Lovi-\/reik\u00e4lukum\u00e4\u00e4r\u00e4: 3; Paksuus [mm]: 1,50; M\u00e4nn\u00e4nylitys alkaen [mm]: 0,620; M\u00e4nn\u00e4nylitys korkeintaan [mm]: 0,680; Leveys (mm): 175; Pituus (mm): 450; Paino [g]: 400; Tuotelinja: FIBERMAX; TECDOC-moottorinumero: 4682; HYUNDAI: H-1 Travel TQ,GALLOPER II JK-01,H-1 Kasten,H-1 Cargo TQ,H-1 \/ STAREX,GALLOPER I,H100 Bus P,H100 Kasten,H-1 Pritsche\/Fahrgestell,PORTER Pritsche\/Fahrgestell,H100 Pick-up,H100 Pritsche\/Fahrgestell,PORTER Pick-up; MITSUBISHI: PAJERO III V7_W, V6_W,L 200 K7_T, K6_T,PAJERO II V3_W, V2_W, V4_W,L 300 Bus P0_W, P1_W, P2_W,PAJERO SPORT K90,PAJERO I L04_G, L14_G,L 400 \/ SPACE GEAR Bus PD_W, PC_W, PA_V, PB_V,GALLOPER JK-01,L 300 Pritsche\/Fahrgestell L03_P,PAJERO SPORT VAN K90,PAJERO III Gel\u00e4ndewagen offen V6_W, V7_W,L 300 Kasten P0_W, P1_W,PAJERO I Canvas Top L04_G,L 200 K3_T, K2_T, K1_T, K0_T,PAJERO II Canvas Top V2_W, V4_W,L 400 Kasten PD_W, PC_W, PB_V, PA_W, PA_V,L 300 Pritsche\/Fahrgestell P1_T,DELICA,Canter (FE3, FE4) 5.Generation; MD302891, MD302892; Tiiviste, Sylinterikansi<\/p>\n","protected":false},"excerpt":{"rendered":"<p>AJUSA Kannentiiviste 10070310 Tiiviste, Sylinterikansi HYUNDAI,MITSUBISHI,H-1 Travel TQ,GALLOPER II JK-01,H-1 Kasten,H-1 Cargo TQ,H-1 \/ STAREX<\/p>\n","protected":false},"featured_media":0,"template":"","meta":{"site-sidebar-layout":"default","site-content-layout":"default","ast-global-header-display":"","ast-main-header-display":"","ast-hfb-above-header-display":"","ast-hfb-below-header-display":"","ast-hfb-mobile-header-display":"","site-post-title":"","ast-breadcrumbs-content":"","ast-featured-img":"","footer-sml-layout":"","theme-transparent-header-meta":"","adv-header-id-meta":"","stick-header-meta":"","header-above-stick-meta":"","header-main-stick-meta":"","header-below-stick-meta":""},"pwb-brand":[211],"product_cat":[230],"product_tag":[],"class_list":{"0":"post-88322","1":"product","2":"type-product","3":"status-publish","5":"pwb-brand-ajusa","6":"product_cat-kannentiiviste","7":"desktop-align-left","8":"tablet-align-left","9":"mobile-align-left","11":"first","12":"instock","13":"product-type-external"},"brands":[{"id":211,"name":"AJUSA","slug":"ajusa"}],"_links":{"self":[{"href":"https:\/\/www.autonvaraosahaku.fi\/index.php?rest_route=\/wp\/v2\/product\/88322","targetHints":{"allow":["GET"]}}],"collection":[{"href":"https:\/\/www.autonvaraosahaku.fi\/index.php?rest_route=\/wp\/v2\/product"}],"about":[{"href":"https:\/\/www.autonvaraosahaku.fi\/index.php?rest_route=\/wp\/v2\/types\/product"}],"wp:attachment":[{"href":"https:\/\/www.autonvaraosahaku.fi\/index.php?rest_route=%2Fwp%2Fv2%2Fmedia&parent=88322"}],"wp:term":[{"taxonomy":"pwb-brand","embeddable":true,"href":"https:\/\/www.autonvaraosahaku.fi\/index.php?rest_route=%2Fwp%2Fv2%2Fpwb-brand&post=88322"},{"taxonomy":"product_cat","embeddable":true,"href":"https:\/\/www.autonvaraosahaku.fi\/index.php?rest_route=%2Fwp%2Fv2%2Fproduct_cat&post=88322"},{"taxonomy":"product_tag","embeddable":true,"href":"https:\/\/www.autonvaraosahaku.fi\/index.php?rest_route=%2Fwp%2Fv2%2Fproduct_tag&post=88322"}],"curies":[{"name":"wp","href":"https:\/\/api.w.org\/{rel}","templated":true}]}}