{"id":88337,"date":"2021-02-21T21:01:34","date_gmt":"2021-02-21T21:01:34","guid":{"rendered":"https:\/\/www.autonvaraosahaku.fi\/?product=johns-ksp-95-23-002-polttoainepumppu"},"modified":"2021-02-21T21:01:37","modified_gmt":"2021-02-21T21:01:37","slug":"johns-ksp-95-23-002-polttoainepumppu","status":"publish","type":"product","link":"https:\/\/www.autonvaraosahaku.fi\/?product=johns-ksp-95-23-002-polttoainepumppu","title":{"rendered":"JOHNS KSP 95 23-002 Polttoainepumppu"},"content":{"rendered":"<p>K\u00e4ytt\u00f6: S\u00e4hk\u00f6inen; Asennuspuoli: polttoaines\u00e4ili\u00f6ss\u00e4; Paine (bar): 0,24; Siirtom\u00e4\u00e4r\u00e4 (l\/h): 130; Korvaava tuote\/korvaava tiedote 2: Suodattimella; Moottorinumero: DX; VW: GOLF II 19E, 1G1,GOLF I Cabriolet 155,POLO 86C, 80,POLO Coupe 86C, 80,CORRADO 53I,SCIROCCO 53B,GOLF I 17,JETTA II 19E, 1G2, 165; MERCEDES-BENZ: C-CLASS W203,C-CLASS T-Model S203,SL R230; SEAT: TOLEDO I 1L; 191906092, 191906092C, 191906092G, 357906092C<\/p>\n","protected":false},"excerpt":{"rendered":"<p>JOHNS Polttoainepumppu KSP 95 23-002  VW,MERCEDES-BENZ,SEAT,GOLF II 19E, 1G1,GOLF I Cabriolet 155,POLO 86C, 80,POLO Coupe 86C, 80,CORRADO 53I<\/p>\n","protected":false},"featured_media":0,"template":"","meta":{"site-sidebar-layout":"default","site-content-layout":"default","ast-global-header-display":"","ast-main-header-display":"","ast-hfb-above-header-display":"","ast-hfb-below-header-display":"","ast-hfb-mobile-header-display":"","site-post-title":"","ast-breadcrumbs-content":"","ast-featured-img":"","footer-sml-layout":"","theme-transparent-header-meta":"","adv-header-id-meta":"","stick-header-meta":"","header-above-stick-meta":"","header-main-stick-meta":"","header-below-stick-meta":""},"pwb-brand":[214],"product_cat":[73],"product_tag":[],"class_list":{"0":"post-88337","1":"product","2":"type-product","3":"status-publish","5":"pwb-brand-johns","6":"product_cat-polttoainepumppu","7":"desktop-align-left","8":"tablet-align-left","9":"mobile-align-left","11":"first","12":"instock","13":"product-type-external"},"brands":[{"id":214,"name":"JOHNS","slug":"johns"}],"_links":{"self":[{"href":"https:\/\/www.autonvaraosahaku.fi\/index.php?rest_route=\/wp\/v2\/product\/88337","targetHints":{"allow":["GET"]}}],"collection":[{"href":"https:\/\/www.autonvaraosahaku.fi\/index.php?rest_route=\/wp\/v2\/product"}],"about":[{"href":"https:\/\/www.autonvaraosahaku.fi\/index.php?rest_route=\/wp\/v2\/types\/product"}],"wp:attachment":[{"href":"https:\/\/www.autonvaraosahaku.fi\/index.php?rest_route=%2Fwp%2Fv2%2Fmedia&parent=88337"}],"wp:term":[{"taxonomy":"pwb-brand","embeddable":true,"href":"https:\/\/www.autonvaraosahaku.fi\/index.php?rest_route=%2Fwp%2Fv2%2Fpwb-brand&post=88337"},{"taxonomy":"product_cat","embeddable":true,"href":"https:\/\/www.autonvaraosahaku.fi\/index.php?rest_route=%2Fwp%2Fv2%2Fproduct_cat&post=88337"},{"taxonomy":"product_tag","embeddable":true,"href":"https:\/\/www.autonvaraosahaku.fi\/index.php?rest_route=%2Fwp%2Fv2%2Fproduct_tag&post=88337"}],"curies":[{"name":"wp","href":"https:\/\/api.w.org\/{rel}","templated":true}]}}