{"id":88350,"date":"2021-02-21T21:01:43","date_gmt":"2021-02-21T21:01:43","guid":{"rendered":"https:\/\/www.autonvaraosahaku.fi\/?product=japanparts-cf-803-painelaakeri"},"modified":"2021-02-21T21:01:43","modified_gmt":"2021-02-21T21:01:43","slug":"japanparts-cf-803-painelaakeri","status":"publish","type":"product","link":"https:\/\/www.autonvaraosahaku.fi\/?product=japanparts-cf-803-painelaakeri","title":{"rendered":"JAPANPARTS CF-803 Painelaakeri"},"content":{"rendered":"<p>Sis\u00e4l\u00e4pimitta [mm]: 33; Ulkol\u00e4pimitta [mm]: 65; Korkeus (mm): 26; Pituus (mm): 74; Valmistusvuosi alkaen: 06\/1984; SUZUKI: SWIFT III MZ, EZ,SAMURAI SJ,SWIFT II Schr\u00e4gheck EA, MA,VITARA ET, TA,VITARA Cabrio ET, TA,LIANA Schr\u00e4gheck,SJ 413,LIANA ER,BALENO Kombi EG,BALENO EG,BALENO Schr\u00e4gheck EG,SJ 410 Cabrio,SJ 410,X-90 EL,SWIFT II Stufenheck AH, AJ,SUPER CARRY Bus ED; SUBARU: JUSTY II JMA, MS; 0926933001, 0926933002, 0926933002000, 0926933003, 0926933003000, 0926933004, 0926933005, 0926933005000, 09269A33001, 09269B33001, 09269B33003, 09269C33001, 09269C3301, 2326570C00, 2326570C00000, 2326570D00, 2326584C00, 2326584C00000, 2326585200, 2326585200000, 2326586CA0, 2326586CA0000, 926933001, 926933003, 926933005, RCTS338SA4; Kytkimen Laakeri<\/p>\n","protected":false},"excerpt":{"rendered":"<p>JAPANPARTS Painelaakeri CF-803 Kytkimen Laakeri SUZUKI,SUBARU,SWIFT III MZ, EZ,SAMURAI SJ,SWIFT II Schr\u00e4gheck EA, MA,VITARA ET, TA<\/p>\n","protected":false},"featured_media":0,"template":"","meta":{"site-sidebar-layout":"default","site-content-layout":"default","ast-global-header-display":"","ast-main-header-display":"","ast-hfb-above-header-display":"","ast-hfb-below-header-display":"","ast-hfb-mobile-header-display":"","site-post-title":"","ast-breadcrumbs-content":"","ast-featured-img":"","footer-sml-layout":"","theme-transparent-header-meta":"","adv-header-id-meta":"","stick-header-meta":"","header-above-stick-meta":"","header-main-stick-meta":"","header-below-stick-meta":""},"pwb-brand":[334],"product_cat":[223],"product_tag":[],"class_list":{"0":"post-88350","1":"product","2":"type-product","3":"status-publish","5":"pwb-brand-japanparts","6":"product_cat-painelaakeri","7":"desktop-align-left","8":"tablet-align-left","9":"mobile-align-left","11":"first","12":"instock","13":"product-type-external"},"brands":[{"id":334,"name":"JAPANPARTS","slug":"japanparts"}],"_links":{"self":[{"href":"https:\/\/www.autonvaraosahaku.fi\/index.php?rest_route=\/wp\/v2\/product\/88350","targetHints":{"allow":["GET"]}}],"collection":[{"href":"https:\/\/www.autonvaraosahaku.fi\/index.php?rest_route=\/wp\/v2\/product"}],"about":[{"href":"https:\/\/www.autonvaraosahaku.fi\/index.php?rest_route=\/wp\/v2\/types\/product"}],"wp:attachment":[{"href":"https:\/\/www.autonvaraosahaku.fi\/index.php?rest_route=%2Fwp%2Fv2%2Fmedia&parent=88350"}],"wp:term":[{"taxonomy":"pwb-brand","embeddable":true,"href":"https:\/\/www.autonvaraosahaku.fi\/index.php?rest_route=%2Fwp%2Fv2%2Fpwb-brand&post=88350"},{"taxonomy":"product_cat","embeddable":true,"href":"https:\/\/www.autonvaraosahaku.fi\/index.php?rest_route=%2Fwp%2Fv2%2Fproduct_cat&post=88350"},{"taxonomy":"product_tag","embeddable":true,"href":"https:\/\/www.autonvaraosahaku.fi\/index.php?rest_route=%2Fwp%2Fv2%2Fproduct_tag&post=88350"}],"curies":[{"name":"wp","href":"https:\/\/api.w.org\/{rel}","templated":true}]}}