{"id":88352,"date":"2021-02-21T21:01:43","date_gmt":"2021-02-21T21:01:43","guid":{"rendered":"https:\/\/www.autonvaraosahaku.fi\/?product=metzger-0915229-lampokytkin-jaahdyttimen-puhallin"},"modified":"2021-02-21T21:01:44","modified_gmt":"2021-02-21T21:01:44","slug":"metzger-0915229-lampokytkin-jaahdyttimen-puhallin","status":"publish","type":"product","link":"https:\/\/www.autonvaraosahaku.fi\/?product=metzger-0915229-lampokytkin-jaahdyttimen-puhallin","title":{"rendered":"METZGER 0915229 L\u00e4mp\u00f6kytkin j\u00e4\u00e4hdyttimen puhallin"},"content":{"rendered":"<p>Vaihtopiste alkaen [\u00b0C]: 100; Vaihtopiste enint. [\u00b0C]: 95; Kierremitta: M 14&#215;1,5; Napojen m\u00e4\u00e4r\u00e4: 2; V\u00e4ri: Punainen; Varusteet: Autoihin ilman ilmastointilaitetta; BMW: 3 E36; VOLVO: 340-360 Stufenheck 344; MERCEDES-BENZ: 190 W201,SLK R170,E-CLASS W210,M-CLASS W163,Stufenheck W124,E-CLASS Kombi S210,SL R129,Stufenheck W123,S-CLASS W126,KOMBI Kombi S124,E-CLASS W124,G-CLASS W463,COUPE C124,G-CLASS W460,S-CLASS W140,E-CLASS Kombi S124,COUPE C123,S-CLASS Coupe C126,G-CLASS W461,KOMBI Kombi S123,T1 Bus 601,100 Bus 631,E-CLASS Cabriolet A124,E-CLASS Coupe C124,T1 Pritsche\/Fahrgestell 602,T1 Kasten 602,T1 Pritsche\/Fahrgestell 601,T1 Kasten 601,CABRIOLET A124,T1 Bus 602,G-CLASS Cabrio W463; 0065451524, 0065454024, A0065451524, A0065454024<\/p>\n","protected":false},"excerpt":{"rendered":"<p>METZGER L\u00e4mp\u00f6kytkin J\u00e4\u00e4hdyttimen Puhallin 0915229  BMW,VOLVO,MERCEDES-BENZ,3 E36,340-360 Stufenheck 344,190 W201,SLK R170,E-CLASS W210,M-CLASS W163<\/p>\n","protected":false},"featured_media":0,"template":"","meta":{"site-sidebar-layout":"default","site-content-layout":"default","ast-global-header-display":"","ast-main-header-display":"","ast-hfb-above-header-display":"","ast-hfb-below-header-display":"","ast-hfb-mobile-header-display":"","site-post-title":"","ast-breadcrumbs-content":"","ast-featured-img":"","footer-sml-layout":"","theme-transparent-header-meta":"","adv-header-id-meta":"","stick-header-meta":"","header-above-stick-meta":"","header-main-stick-meta":"","header-below-stick-meta":""},"pwb-brand":[69],"product_cat":[290],"product_tag":[],"class_list":{"0":"post-88352","1":"product","2":"type-product","3":"status-publish","5":"pwb-brand-metzger","6":"product_cat-lampokytkin-jaahdyttimen-puhallin","7":"desktop-align-left","8":"tablet-align-left","9":"mobile-align-left","11":"first","12":"instock","13":"product-type-external"},"brands":[{"id":69,"name":"METZGER","slug":"metzger"}],"_links":{"self":[{"href":"https:\/\/www.autonvaraosahaku.fi\/index.php?rest_route=\/wp\/v2\/product\/88352","targetHints":{"allow":["GET"]}}],"collection":[{"href":"https:\/\/www.autonvaraosahaku.fi\/index.php?rest_route=\/wp\/v2\/product"}],"about":[{"href":"https:\/\/www.autonvaraosahaku.fi\/index.php?rest_route=\/wp\/v2\/types\/product"}],"wp:attachment":[{"href":"https:\/\/www.autonvaraosahaku.fi\/index.php?rest_route=%2Fwp%2Fv2%2Fmedia&parent=88352"}],"wp:term":[{"taxonomy":"pwb-brand","embeddable":true,"href":"https:\/\/www.autonvaraosahaku.fi\/index.php?rest_route=%2Fwp%2Fv2%2Fpwb-brand&post=88352"},{"taxonomy":"product_cat","embeddable":true,"href":"https:\/\/www.autonvaraosahaku.fi\/index.php?rest_route=%2Fwp%2Fv2%2Fproduct_cat&post=88352"},{"taxonomy":"product_tag","embeddable":true,"href":"https:\/\/www.autonvaraosahaku.fi\/index.php?rest_route=%2Fwp%2Fv2%2Fproduct_tag&post=88352"}],"curies":[{"name":"wp","href":"https:\/\/api.w.org\/{rel}","templated":true}]}}