{"id":88356,"date":"2021-02-21T21:01:43","date_gmt":"2021-02-21T21:01:43","guid":{"rendered":"https:\/\/www.autonvaraosahaku.fi\/?product=japanparts-ba-101-jaahdytysnesteen-lampotila-anturi"},"modified":"2021-02-21T21:01:45","modified_gmt":"2021-02-21T21:01:45","slug":"japanparts-ba-101-jaahdytysnesteen-lampotila-anturi","status":"publish","type":"product","link":"https:\/\/www.autonvaraosahaku.fi\/?product=japanparts-ba-101-jaahdytysnesteen-lampotila-anturi","title":{"rendered":"JAPANPARTS BA-101 J\u00e4\u00e4hdytysnesteen l\u00e4mp\u00f6tila anturi"},"content":{"rendered":"<p>Ulkokierre [mm]: 12; NISSAN: PATROL GR II Wagon Y61,ALMERA I Hatchback N15,PICK UP D22,PATHFINDER R50,MICRA I K10,ALMERA I N15,MAXIMA QX A33,VANETTE Bus C22,PULSAR V Schr\u00e4gheck N14,PRIMERA Traveller W10,BLUEBIRD T72 , T12,BLUEBIRD Hatchback T72, T12,BLUEBIRD Station Wagon WU11,BLUEBIRD U11,VANETTE Kasten C22,BLUEBIRD 910,VANETTE Bus KC120,MAXIMA Station Wagon,BLUEBIRD Traveller W910; 2508089903, 2508089907; J\u00e4\u00e4hdytysnestel\u00e4mp\u00f6tilan Sensori<\/p>\n","protected":false},"excerpt":{"rendered":"<p>JAPANPARTS J\u00e4\u00e4hdytysnesteen L\u00e4mp\u00f6tila Anturi BA-101 J\u00e4\u00e4hdytysnestel\u00e4mp\u00f6tilan Sensori NISSAN,PATROL GR II Wagon Y61,ALMERA I Hatchback N15,PICK UP D22<\/p>\n","protected":false},"featured_media":0,"template":"","meta":{"site-sidebar-layout":"default","site-content-layout":"default","ast-global-header-display":"","ast-main-header-display":"","ast-hfb-above-header-display":"","ast-hfb-below-header-display":"","ast-hfb-mobile-header-display":"","site-post-title":"","ast-breadcrumbs-content":"","ast-featured-img":"","footer-sml-layout":"","theme-transparent-header-meta":"","adv-header-id-meta":"","stick-header-meta":"","header-above-stick-meta":"","header-main-stick-meta":"","header-below-stick-meta":""},"pwb-brand":[334],"product_cat":[200],"product_tag":[],"class_list":{"0":"post-88356","1":"product","2":"type-product","3":"status-publish","5":"pwb-brand-japanparts","6":"product_cat-jaahdytysnesteen-lampotila-anturi","7":"desktop-align-left","8":"tablet-align-left","9":"mobile-align-left","11":"first","12":"instock","13":"product-type-external"},"brands":[{"id":334,"name":"JAPANPARTS","slug":"japanparts"}],"_links":{"self":[{"href":"https:\/\/www.autonvaraosahaku.fi\/index.php?rest_route=\/wp\/v2\/product\/88356","targetHints":{"allow":["GET"]}}],"collection":[{"href":"https:\/\/www.autonvaraosahaku.fi\/index.php?rest_route=\/wp\/v2\/product"}],"about":[{"href":"https:\/\/www.autonvaraosahaku.fi\/index.php?rest_route=\/wp\/v2\/types\/product"}],"wp:attachment":[{"href":"https:\/\/www.autonvaraosahaku.fi\/index.php?rest_route=%2Fwp%2Fv2%2Fmedia&parent=88356"}],"wp:term":[{"taxonomy":"pwb-brand","embeddable":true,"href":"https:\/\/www.autonvaraosahaku.fi\/index.php?rest_route=%2Fwp%2Fv2%2Fpwb-brand&post=88356"},{"taxonomy":"product_cat","embeddable":true,"href":"https:\/\/www.autonvaraosahaku.fi\/index.php?rest_route=%2Fwp%2Fv2%2Fproduct_cat&post=88356"},{"taxonomy":"product_tag","embeddable":true,"href":"https:\/\/www.autonvaraosahaku.fi\/index.php?rest_route=%2Fwp%2Fv2%2Fproduct_tag&post=88356"}],"curies":[{"name":"wp","href":"https:\/\/api.w.org\/{rel}","templated":true}]}}