{"id":8837,"date":"2021-02-21T14:04:09","date_gmt":"2021-02-21T14:04:09","guid":{"rendered":"https:\/\/www.autonvaraosahaku.fi\/?product=hella-5dv-009-932-001-muut-luokat"},"modified":"2021-02-21T14:04:11","modified_gmt":"2021-02-21T14:04:11","slug":"hella-5dv-009-932-001-muut-luokat","status":"publish","type":"product","link":"https:\/\/www.autonvaraosahaku.fi\/?product=hella-5dv-009-932-001-muut-luokat","title":{"rendered":"HELLA 5DV 009 932-001 Muut luokat"},"content":{"rendered":"<p>Korvaava tuote\/korvaava tiedote 2: Ohjainta\/ohjelmaa EI SAA kouluttaa\/p\u00e4ivitt\u00e4\u00e4, Elektromagneettinen yhteensopivuus; Lyhdyn muoto: Xenon; Tarkistuskilpi: ECE; Nimellisj\u00e4nnite (V): 12; Lamppumalli: D3S (kaasupurkauslamppu); Valmistusvuosi alkaen: 10\/2014; OPEL: INSIGNIA Caravan,INSIGNIA,INSIGNIA Stufenheck,INSIGNIA A Country Tourer G09; PORSCHE: CAYENNE; VAUXHALL: INSIGNIA Mk I A,INSIGNIA Mk I A Estate,INSIGNIA Mk I A Sedan,INSIGNIA Mk I A Country Tourer G09; 1207255, 13434016, 95863159701, 1207255, 13434016<\/p>\n","protected":false},"excerpt":{"rendered":"<p>HELLA Kytkent\u00e4laite, Kaasupurkauslamppu 5DV 009 932-001  OPEL,PORSCHE,VAUXHALL,INSIGNIA Caravan,INSIGNIA,INSIGNIA Stufenheck<\/p>\n","protected":false},"featured_media":0,"template":"","meta":{"site-sidebar-layout":"default","site-content-layout":"default","ast-global-header-display":"","ast-main-header-display":"","ast-hfb-above-header-display":"","ast-hfb-below-header-display":"","ast-hfb-mobile-header-display":"","site-post-title":"","ast-breadcrumbs-content":"","ast-featured-img":"","footer-sml-layout":"","theme-transparent-header-meta":"","adv-header-id-meta":"","stick-header-meta":"","header-above-stick-meta":"","header-main-stick-meta":"","header-below-stick-meta":""},"pwb-brand":[24],"product_cat":[37],"product_tag":[],"class_list":{"0":"post-8837","1":"product","2":"type-product","3":"status-publish","5":"pwb-brand-hella","6":"product_cat-muut-luokat","7":"desktop-align-left","8":"tablet-align-left","9":"mobile-align-left","11":"first","12":"instock","13":"product-type-external"},"brands":[{"id":24,"name":"HELLA","slug":"hella"}],"_links":{"self":[{"href":"https:\/\/www.autonvaraosahaku.fi\/index.php?rest_route=\/wp\/v2\/product\/8837","targetHints":{"allow":["GET"]}}],"collection":[{"href":"https:\/\/www.autonvaraosahaku.fi\/index.php?rest_route=\/wp\/v2\/product"}],"about":[{"href":"https:\/\/www.autonvaraosahaku.fi\/index.php?rest_route=\/wp\/v2\/types\/product"}],"wp:attachment":[{"href":"https:\/\/www.autonvaraosahaku.fi\/index.php?rest_route=%2Fwp%2Fv2%2Fmedia&parent=8837"}],"wp:term":[{"taxonomy":"pwb-brand","embeddable":true,"href":"https:\/\/www.autonvaraosahaku.fi\/index.php?rest_route=%2Fwp%2Fv2%2Fpwb-brand&post=8837"},{"taxonomy":"product_cat","embeddable":true,"href":"https:\/\/www.autonvaraosahaku.fi\/index.php?rest_route=%2Fwp%2Fv2%2Fproduct_cat&post=8837"},{"taxonomy":"product_tag","embeddable":true,"href":"https:\/\/www.autonvaraosahaku.fi\/index.php?rest_route=%2Fwp%2Fv2%2Fproduct_tag&post=8837"}],"curies":[{"name":"wp","href":"https:\/\/api.w.org\/{rel}","templated":true}]}}