{"id":88376,"date":"2021-02-21T21:01:50","date_gmt":"2021-02-21T21:01:50","guid":{"rendered":"https:\/\/www.autonvaraosahaku.fi\/?product=nissens-72002-lammityslaitteen-kenno"},"modified":"2021-02-21T21:01:53","modified_gmt":"2021-02-21T21:01:53","slug":"nissens-72002-lammityslaitteen-kenno","status":"publish","type":"product","link":"https:\/\/www.autonvaraosahaku.fi\/?product=nissens-72002-lammityslaitteen-kenno","title":{"rendered":"NISSENS 72002 L\u00e4mmityslaitteen kenno"},"content":{"rendered":"<p>Korvaava tuote\/korvaava tiedote 2: johdolla; Vasen \/ oikea liikenne: Oikean-\/vasemmanpuolinen ohjaus; Kennon mitat: 290 x 157 x 40 mm; Verkon pituus [mm]: 290; Verkon leveys [mm]: 157; Verkon syvyys [mm]: 40; Matriaali j\u00e4\u00e4hdyttimen s\u00e4ili\u00f6: Muovi; J\u00e4hdytysripamateriaali: Alumiini; J\u00e4\u00e4hdytintyyppi: J\u00e4\u00e4hdytysrivat mekaan. kiinnitetyt; Varusteet: f\u00fcr Fahrzeuge mit\/ohne Klimaanlage; MERCEDES-BENZ: 190 W201; 0028353701, 0028355401, A0028355401; L\u00e4mmityskenno<\/p>\n","protected":false},"excerpt":{"rendered":"<p>NISSENS L\u00e4mmityslaitteen Kenno 72002 L\u00e4mmityskenno MERCEDES-BENZ,190 W201<\/p>\n","protected":false},"featured_media":0,"template":"","meta":{"site-sidebar-layout":"default","site-content-layout":"default","ast-global-header-display":"","ast-main-header-display":"","ast-hfb-above-header-display":"","ast-hfb-below-header-display":"","ast-hfb-mobile-header-display":"","site-post-title":"","ast-breadcrumbs-content":"","ast-featured-img":"","footer-sml-layout":"","theme-transparent-header-meta":"","adv-header-id-meta":"","stick-header-meta":"","header-above-stick-meta":"","header-main-stick-meta":"","header-below-stick-meta":""},"pwb-brand":[315],"product_cat":[292],"product_tag":[],"class_list":{"0":"post-88376","1":"product","2":"type-product","3":"status-publish","5":"pwb-brand-nissens","6":"product_cat-lammityslaitteen-kenno","7":"desktop-align-left","8":"tablet-align-left","9":"mobile-align-left","11":"first","12":"instock","13":"product-type-external"},"brands":[{"id":315,"name":"NISSENS","slug":"nissens"}],"_links":{"self":[{"href":"https:\/\/www.autonvaraosahaku.fi\/index.php?rest_route=\/wp\/v2\/product\/88376","targetHints":{"allow":["GET"]}}],"collection":[{"href":"https:\/\/www.autonvaraosahaku.fi\/index.php?rest_route=\/wp\/v2\/product"}],"about":[{"href":"https:\/\/www.autonvaraosahaku.fi\/index.php?rest_route=\/wp\/v2\/types\/product"}],"wp:attachment":[{"href":"https:\/\/www.autonvaraosahaku.fi\/index.php?rest_route=%2Fwp%2Fv2%2Fmedia&parent=88376"}],"wp:term":[{"taxonomy":"pwb-brand","embeddable":true,"href":"https:\/\/www.autonvaraosahaku.fi\/index.php?rest_route=%2Fwp%2Fv2%2Fpwb-brand&post=88376"},{"taxonomy":"product_cat","embeddable":true,"href":"https:\/\/www.autonvaraosahaku.fi\/index.php?rest_route=%2Fwp%2Fv2%2Fproduct_cat&post=88376"},{"taxonomy":"product_tag","embeddable":true,"href":"https:\/\/www.autonvaraosahaku.fi\/index.php?rest_route=%2Fwp%2Fv2%2Fproduct_tag&post=88376"}],"curies":[{"name":"wp","href":"https:\/\/api.w.org\/{rel}","templated":true}]}}