{"id":88424,"date":"2021-02-21T21:02:11","date_gmt":"2021-02-21T21:02:11","guid":{"rendered":"https:\/\/www.autonvaraosahaku.fi\/?product=eibach-e10-81-010-04-22-jouset"},"modified":"2021-02-21T21:02:21","modified_gmt":"2021-02-21T21:02:21","slug":"eibach-e10-81-010-04-22-jouset","status":"publish","type":"product","link":"https:\/\/www.autonvaraosahaku.fi\/?product=eibach-e10-81-010-04-22-jouset","title":{"rendered":"EIBACH E10-81-010-04-22 Jouset"},"content":{"rendered":"<p>Rekister\u00f6ity tyyppi: T\u00dcV-hyv\u00e4ksytty; Akselikuorma, etu, enint. [kg]: 870; Akselikuorma, taka, enint. [kg]: 840; Alustarakenne: kaikille vakiovaimennusj\u00e4rjestelmille, Autoihin, joissa s\u00e4hk. vaim. s\u00e4\u00e4t\u00f6; Varusteet: Autoihin ilman tasons\u00e4\u00e4t\u00f6\u00e4; Tuotelinja: Pro-Kit; Tuning: 1; Huomioi huolto-ohjeet: ; SKODA: FABIA NJ3; SEAT: IBIZA V 6J5, 6P5,IBIZA V ST 6J8, 6P8,IBIZA V SPORTCOUPE 6J1, 6P1; Alustasarja Jouset<\/p>\n","protected":false},"excerpt":{"rendered":"<p>EIBACH Madallusjouset E10-81-010-04-22 Alustasarja Jouset SKODA,SEAT,FABIA NJ3,IBIZA V 6J5, 6P5,IBIZA V ST 6J8, 6P8,IBIZA V SPORTCOUPE 6J1, 6P1<\/p>\n","protected":false},"featured_media":0,"template":"","meta":{"site-sidebar-layout":"default","site-content-layout":"default","ast-global-header-display":"","ast-main-header-display":"","ast-hfb-above-header-display":"","ast-hfb-below-header-display":"","ast-hfb-mobile-header-display":"","site-post-title":"","ast-breadcrumbs-content":"","ast-featured-img":"","footer-sml-layout":"","theme-transparent-header-meta":"","adv-header-id-meta":"","stick-header-meta":"","header-above-stick-meta":"","header-main-stick-meta":"","header-below-stick-meta":""},"pwb-brand":[328],"product_cat":[171],"product_tag":[],"class_list":{"0":"post-88424","1":"product","2":"type-product","3":"status-publish","5":"pwb-brand-eibach","6":"product_cat-jouset","7":"desktop-align-left","8":"tablet-align-left","9":"mobile-align-left","11":"first","12":"instock","13":"product-type-external"},"brands":[{"id":328,"name":"EIBACH","slug":"eibach"}],"_links":{"self":[{"href":"https:\/\/www.autonvaraosahaku.fi\/index.php?rest_route=\/wp\/v2\/product\/88424","targetHints":{"allow":["GET"]}}],"collection":[{"href":"https:\/\/www.autonvaraosahaku.fi\/index.php?rest_route=\/wp\/v2\/product"}],"about":[{"href":"https:\/\/www.autonvaraosahaku.fi\/index.php?rest_route=\/wp\/v2\/types\/product"}],"wp:attachment":[{"href":"https:\/\/www.autonvaraosahaku.fi\/index.php?rest_route=%2Fwp%2Fv2%2Fmedia&parent=88424"}],"wp:term":[{"taxonomy":"pwb-brand","embeddable":true,"href":"https:\/\/www.autonvaraosahaku.fi\/index.php?rest_route=%2Fwp%2Fv2%2Fpwb-brand&post=88424"},{"taxonomy":"product_cat","embeddable":true,"href":"https:\/\/www.autonvaraosahaku.fi\/index.php?rest_route=%2Fwp%2Fv2%2Fproduct_cat&post=88424"},{"taxonomy":"product_tag","embeddable":true,"href":"https:\/\/www.autonvaraosahaku.fi\/index.php?rest_route=%2Fwp%2Fv2%2Fproduct_tag&post=88424"}],"curies":[{"name":"wp","href":"https:\/\/api.w.org\/{rel}","templated":true}]}}