{"id":88425,"date":"2021-02-21T21:02:11","date_gmt":"2021-02-21T21:02:11","guid":{"rendered":"https:\/\/www.autonvaraosahaku.fi\/?product=meyle-614-498-0013-vetonivel"},"modified":"2021-02-21T21:02:21","modified_gmt":"2021-02-21T21:02:21","slug":"meyle-614-498-0013-vetonivel","status":"publish","type":"product","link":"https:\/\/www.autonvaraosahaku.fi\/?product=meyle-614-498-0013-vetonivel","title":{"rendered":"MEYLE 614 498 0013 Vetonivel"},"content":{"rendered":"<p>Asennuspuoli: Py\u00f6r\u00e4n puoli; Ulkohammastus, py\u00f6r\u00e4npuoli: 22; Sis\u00e4hammastus, py\u00f6r\u00e4npuoli: 28; Tiivisteen l\u00e4pimitta [mm]: 52; Nivelmalli: Vakionopeusnivel; Vetoakseli: ABS-renkaalla; Pituus (mm): 155; Ulkol\u00e4pimitta [mm]: 80; Hammasluku, ABS-keh\u00e4: 29; Kierremitta: M20X1; lis\u00e4tieto: ORIGINAL Quality; Vaihteistomalli: Schaltgetriebe; OPEL: CORSA C F08, F68,MERIVA,CORSA B 73_, 78_, 79_,TIGRA TwinTop,COMBO Kasten\/Kombi,COMBO Tour,TIGRA 95_,CORSA C Kasten F08, W5L,COMBO 71_; VAUXHALL: CORSA Mk II C W5L, F08,CORSA Mk I B,CORSAVAN Mk II C,TIGRA Convertible,COMBO Mk I B,TIGRA Mk I F07,COMBO Mk II C Kasten\/Kombi F25; 0374218, 0374377, 0374460, 374218, 374377, 374460, 0374218, 0374377, 0374460, 26032411, 374218, 374377, 374460; Nivelsarja, Vetoakseli<\/p>\n","protected":false},"excerpt":{"rendered":"<p>MEYLE Vetonivel 614 498 0013 Nivelsarja, Vetoakseli OPEL,VAUXHALL,CORSA C F08, F68,MERIVA,CORSA B 73_, 78_, 79_,TIGRA TwinTop,COMBO Kasten\/Kombi<\/p>\n","protected":false},"featured_media":0,"template":"","meta":{"site-sidebar-layout":"default","site-content-layout":"default","ast-global-header-display":"","ast-main-header-display":"","ast-hfb-above-header-display":"","ast-hfb-below-header-display":"","ast-hfb-mobile-header-display":"","site-post-title":"","ast-breadcrumbs-content":"","ast-featured-img":"","footer-sml-layout":"","theme-transparent-header-meta":"","adv-header-id-meta":"","stick-header-meta":"","header-above-stick-meta":"","header-main-stick-meta":"","header-below-stick-meta":""},"pwb-brand":[84],"product_cat":[175],"product_tag":[],"class_list":{"0":"post-88425","1":"product","2":"type-product","3":"status-publish","5":"pwb-brand-meyle","6":"product_cat-vetonivel","7":"desktop-align-left","8":"tablet-align-left","9":"mobile-align-left","11":"first","12":"instock","13":"product-type-external"},"brands":[{"id":84,"name":"MEYLE","slug":"meyle"}],"_links":{"self":[{"href":"https:\/\/www.autonvaraosahaku.fi\/index.php?rest_route=\/wp\/v2\/product\/88425","targetHints":{"allow":["GET"]}}],"collection":[{"href":"https:\/\/www.autonvaraosahaku.fi\/index.php?rest_route=\/wp\/v2\/product"}],"about":[{"href":"https:\/\/www.autonvaraosahaku.fi\/index.php?rest_route=\/wp\/v2\/types\/product"}],"wp:attachment":[{"href":"https:\/\/www.autonvaraosahaku.fi\/index.php?rest_route=%2Fwp%2Fv2%2Fmedia&parent=88425"}],"wp:term":[{"taxonomy":"pwb-brand","embeddable":true,"href":"https:\/\/www.autonvaraosahaku.fi\/index.php?rest_route=%2Fwp%2Fv2%2Fpwb-brand&post=88425"},{"taxonomy":"product_cat","embeddable":true,"href":"https:\/\/www.autonvaraosahaku.fi\/index.php?rest_route=%2Fwp%2Fv2%2Fproduct_cat&post=88425"},{"taxonomy":"product_tag","embeddable":true,"href":"https:\/\/www.autonvaraosahaku.fi\/index.php?rest_route=%2Fwp%2Fv2%2Fproduct_tag&post=88425"}],"curies":[{"name":"wp","href":"https:\/\/api.w.org\/{rel}","templated":true}]}}