{"id":88427,"date":"2021-02-21T21:02:11","date_gmt":"2021-02-21T21:02:11","guid":{"rendered":"https:\/\/www.autonvaraosahaku.fi\/?product=meyle-614-498-0012-vetonivel"},"modified":"2021-02-21T21:02:22","modified_gmt":"2021-02-21T21:02:22","slug":"meyle-614-498-0012-vetonivel","status":"publish","type":"product","link":"https:\/\/www.autonvaraosahaku.fi\/?product=meyle-614-498-0012-vetonivel","title":{"rendered":"MEYLE 614 498 0012 Vetonivel"},"content":{"rendered":"<p>Asennuspuoli: Py\u00f6r\u00e4n puoli; Ulkohammastus, py\u00f6r\u00e4npuoli: 22; Sis\u00e4hammastus, py\u00f6r\u00e4npuoli: 28; Tiivisteen l\u00e4pimitta [mm]: 52; Nivelmalli: Vakionopeusnivel; Vetoakseli: ABS-renkaalla; Pituus (mm): 150; Ulkol\u00e4pimitta [mm]: 76; Hammasluku, ABS-keh\u00e4: 29; lis\u00e4tieto: ORIGINAL Quality; Vaihteistomalli: Schaltgetriebe; OPEL: CORSA C F08, F68,CORSA B 73_, 78_, 79_,CORSA C Kasten F08, W5L; VAUXHALL: CORSA Mk II C W5L, F08,CORSAVAN Mk II C; 0374053, 0374368, 374053, 374368, 0374053, 0374368, 374053, 374368; Nivelsarja, Vetoakseli<\/p>\n","protected":false},"excerpt":{"rendered":"<p>MEYLE Vetonivel 614 498 0012 Nivelsarja, Vetoakseli OPEL,VAUXHALL,CORSA C F08, F68,CORSA B 73_, 78_, 79_,CORSA C Kasten F08, W5L<\/p>\n","protected":false},"featured_media":0,"template":"","meta":{"site-sidebar-layout":"default","site-content-layout":"default","ast-global-header-display":"","ast-main-header-display":"","ast-hfb-above-header-display":"","ast-hfb-below-header-display":"","ast-hfb-mobile-header-display":"","site-post-title":"","ast-breadcrumbs-content":"","ast-featured-img":"","footer-sml-layout":"","theme-transparent-header-meta":"","adv-header-id-meta":"","stick-header-meta":"","header-above-stick-meta":"","header-main-stick-meta":"","header-below-stick-meta":""},"pwb-brand":[84],"product_cat":[175],"product_tag":[],"class_list":{"0":"post-88427","1":"product","2":"type-product","3":"status-publish","5":"pwb-brand-meyle","6":"product_cat-vetonivel","7":"desktop-align-left","8":"tablet-align-left","9":"mobile-align-left","11":"first","12":"instock","13":"product-type-external"},"brands":[{"id":84,"name":"MEYLE","slug":"meyle"}],"_links":{"self":[{"href":"https:\/\/www.autonvaraosahaku.fi\/index.php?rest_route=\/wp\/v2\/product\/88427","targetHints":{"allow":["GET"]}}],"collection":[{"href":"https:\/\/www.autonvaraosahaku.fi\/index.php?rest_route=\/wp\/v2\/product"}],"about":[{"href":"https:\/\/www.autonvaraosahaku.fi\/index.php?rest_route=\/wp\/v2\/types\/product"}],"wp:attachment":[{"href":"https:\/\/www.autonvaraosahaku.fi\/index.php?rest_route=%2Fwp%2Fv2%2Fmedia&parent=88427"}],"wp:term":[{"taxonomy":"pwb-brand","embeddable":true,"href":"https:\/\/www.autonvaraosahaku.fi\/index.php?rest_route=%2Fwp%2Fv2%2Fpwb-brand&post=88427"},{"taxonomy":"product_cat","embeddable":true,"href":"https:\/\/www.autonvaraosahaku.fi\/index.php?rest_route=%2Fwp%2Fv2%2Fproduct_cat&post=88427"},{"taxonomy":"product_tag","embeddable":true,"href":"https:\/\/www.autonvaraosahaku.fi\/index.php?rest_route=%2Fwp%2Fv2%2Fproduct_tag&post=88427"}],"curies":[{"name":"wp","href":"https:\/\/api.w.org\/{rel}","templated":true}]}}