{"id":88436,"date":"2021-02-21T21:02:25","date_gmt":"2021-02-21T21:02:25","guid":{"rendered":"https:\/\/www.autonvaraosahaku.fi\/?product=meyle-514-610-0006-hd-tukivarren-hela"},"modified":"2021-02-21T21:02:29","modified_gmt":"2021-02-21T21:02:29","slug":"meyle-514-610-0006-hd-tukivarren-hela","status":"publish","type":"product","link":"https:\/\/www.autonvaraosahaku.fi\/?product=meyle-514-610-0006-hd-tukivarren-hela","title":{"rendered":"MEYLE 514 610 0006\/HD Tukivarren hela"},"content":{"rendered":"<p>Asennuspuoli: Edess\u00e4, Alla, Etuakseli, oikea, Etuakseli, vasen; Korkeus (mm): 55; Ulkol\u00e4pimitta [mm]: 48; Vahvistettu malli: ; lis\u00e4tieto: Quality; VOLVO: V70 II SW,S60 I,S80 I TS, XY,XC70 CROSS COUNTRY; 9443882, 9465971<\/p>\n","protected":false},"excerpt":{"rendered":"<p>MEYLE Laakerihela, Tukivarsi 514 610 0006\/HD  VOLVO,V70 II SW,S60 I,S80 I TS, XY,XC70 CROSS COUNTRY<\/p>\n","protected":false},"featured_media":0,"template":"","meta":{"site-sidebar-layout":"default","site-content-layout":"default","ast-global-header-display":"","ast-main-header-display":"","ast-hfb-above-header-display":"","ast-hfb-below-header-display":"","ast-hfb-mobile-header-display":"","site-post-title":"","ast-breadcrumbs-content":"","ast-featured-img":"","footer-sml-layout":"","theme-transparent-header-meta":"","adv-header-id-meta":"","stick-header-meta":"","header-above-stick-meta":"","header-main-stick-meta":"","header-below-stick-meta":""},"pwb-brand":[84],"product_cat":[115],"product_tag":[],"class_list":{"0":"post-88436","1":"product","2":"type-product","3":"status-publish","5":"pwb-brand-meyle","6":"product_cat-tukivarren-hela","7":"desktop-align-left","8":"tablet-align-left","9":"mobile-align-left","11":"first","12":"instock","13":"product-type-external"},"brands":[{"id":84,"name":"MEYLE","slug":"meyle"}],"_links":{"self":[{"href":"https:\/\/www.autonvaraosahaku.fi\/index.php?rest_route=\/wp\/v2\/product\/88436","targetHints":{"allow":["GET"]}}],"collection":[{"href":"https:\/\/www.autonvaraosahaku.fi\/index.php?rest_route=\/wp\/v2\/product"}],"about":[{"href":"https:\/\/www.autonvaraosahaku.fi\/index.php?rest_route=\/wp\/v2\/types\/product"}],"wp:attachment":[{"href":"https:\/\/www.autonvaraosahaku.fi\/index.php?rest_route=%2Fwp%2Fv2%2Fmedia&parent=88436"}],"wp:term":[{"taxonomy":"pwb-brand","embeddable":true,"href":"https:\/\/www.autonvaraosahaku.fi\/index.php?rest_route=%2Fwp%2Fv2%2Fpwb-brand&post=88436"},{"taxonomy":"product_cat","embeddable":true,"href":"https:\/\/www.autonvaraosahaku.fi\/index.php?rest_route=%2Fwp%2Fv2%2Fproduct_cat&post=88436"},{"taxonomy":"product_tag","embeddable":true,"href":"https:\/\/www.autonvaraosahaku.fi\/index.php?rest_route=%2Fwp%2Fv2%2Fproduct_tag&post=88436"}],"curies":[{"name":"wp","href":"https:\/\/api.w.org\/{rel}","templated":true}]}}