{"id":88460,"date":"2021-02-21T21:02:38","date_gmt":"2021-02-21T21:02:38","guid":{"rendered":"https:\/\/www.autonvaraosahaku.fi\/?product=eibach-s90-2-15-018-muut-luokat"},"modified":"2021-02-21T21:02:44","modified_gmt":"2021-02-21T21:02:44","slug":"eibach-s90-2-15-018-muut-luokat","status":"publish","type":"product","link":"https:\/\/www.autonvaraosahaku.fi\/?product=eibach-s90-2-15-018-muut-luokat","title":{"rendered":"EIBACH S90-2-15-018 Muut luokat"},"content":{"rendered":"<p>Paksuus [mm]: 15; Raidev\u00e4lin suurennus per akseli: 30; keskitt\u00e4misl\u00e4pimitta [mm]: 71,5; Kierremitta: M14x1,5; Reik\u00e4ympyr\u00e4-\u00d8 [mm]: 130; Reikien m\u00e4\u00e4r\u00e4: 5; Pinta: eloksoitu; V\u00e4ri: Natur; Huomioi asennusohje: ; Tuotelinja: Pro-Spacer; Materiaali: Alumiini; Tuning: 1; Huomioi huolto-ohjeet: ; VW: TOUAREG 7LA, 7L6, 7L7,TOUAREG 7P5; AUDI: Q7 4L; PORSCHE: CAYENNE 955,BOXSTER 986,911 996,911 997,BOXSTER 987,CAYENNE,PANAMERA,911 Cabriolet 996,CAYMAN 987,911 Cabriolet 997,BOXSTER 981,911 991,911 Targa 996,CAYMAN 981,911 Targa 997,911 Cabriolet 991,BOXTER Spyder,718 BOXSTER 982,718 CAYMAN 982,CAYENNE 9YA,911 Targa 991; Raidev\u00e4lilevennys<\/p>\n","protected":false},"excerpt":{"rendered":"<p>EIBACH Levikepalat S90-2-15-018 Raidev\u00e4lilevennys VW,AUDI,PORSCHE,TOUAREG 7LA, 7L6, 7L7,TOUAREG 7P5,Q7 4L,CAYENNE 955,BOXSTER 986,911 996,911 997<\/p>\n","protected":false},"featured_media":0,"template":"","meta":{"site-sidebar-layout":"default","site-content-layout":"default","ast-global-header-display":"","ast-main-header-display":"","ast-hfb-above-header-display":"","ast-hfb-below-header-display":"","ast-hfb-mobile-header-display":"","site-post-title":"","ast-breadcrumbs-content":"","ast-featured-img":"","footer-sml-layout":"","theme-transparent-header-meta":"","adv-header-id-meta":"","stick-header-meta":"","header-above-stick-meta":"","header-main-stick-meta":"","header-below-stick-meta":""},"pwb-brand":[328],"product_cat":[37],"product_tag":[],"class_list":{"0":"post-88460","1":"product","2":"type-product","3":"status-publish","5":"pwb-brand-eibach","6":"product_cat-muut-luokat","7":"desktop-align-left","8":"tablet-align-left","9":"mobile-align-left","11":"first","12":"instock","13":"product-type-external"},"brands":[{"id":328,"name":"EIBACH","slug":"eibach"}],"_links":{"self":[{"href":"https:\/\/www.autonvaraosahaku.fi\/index.php?rest_route=\/wp\/v2\/product\/88460","targetHints":{"allow":["GET"]}}],"collection":[{"href":"https:\/\/www.autonvaraosahaku.fi\/index.php?rest_route=\/wp\/v2\/product"}],"about":[{"href":"https:\/\/www.autonvaraosahaku.fi\/index.php?rest_route=\/wp\/v2\/types\/product"}],"wp:attachment":[{"href":"https:\/\/www.autonvaraosahaku.fi\/index.php?rest_route=%2Fwp%2Fv2%2Fmedia&parent=88460"}],"wp:term":[{"taxonomy":"pwb-brand","embeddable":true,"href":"https:\/\/www.autonvaraosahaku.fi\/index.php?rest_route=%2Fwp%2Fv2%2Fpwb-brand&post=88460"},{"taxonomy":"product_cat","embeddable":true,"href":"https:\/\/www.autonvaraosahaku.fi\/index.php?rest_route=%2Fwp%2Fv2%2Fproduct_cat&post=88460"},{"taxonomy":"product_tag","embeddable":true,"href":"https:\/\/www.autonvaraosahaku.fi\/index.php?rest_route=%2Fwp%2Fv2%2Fproduct_tag&post=88460"}],"curies":[{"name":"wp","href":"https:\/\/api.w.org\/{rel}","templated":true}]}}