{"id":88465,"date":"2021-02-21T21:02:38","date_gmt":"2021-02-21T21:02:38","guid":{"rendered":"https:\/\/www.autonvaraosahaku.fi\/?product=meyle-300-343-0000-jarrupalojen-kulumisen-ilmaisin"},"modified":"2021-02-21T21:02:47","modified_gmt":"2021-02-21T21:02:47","slug":"meyle-300-343-0000-jarrupalojen-kulumisen-ilmaisin","status":"publish","type":"product","link":"https:\/\/www.autonvaraosahaku.fi\/?product=meyle-300-343-0000-jarrupalojen-kulumisen-ilmaisin","title":{"rendered":"MEYLE 300 343 0000 Jarrupalojen kulumisen ilmaisin"},"content":{"rendered":"<p>Jarrutyyppi: Levyjarru; Asennuspuoli: Etuakseli; Varoittimen pituus [mm]: 670; Tarvittava kappalem\u00e4\u00e4r\u00e4: 1; lis\u00e4tieto: ORIGINAL Quality; BMW: 5 E60,5 Touring E61,6 E63,6 Cabriolet E64; 34356759917, 34356764298, 34356768595, 34356776421, 34356789492; Kulumisenilmaisin, Jarrupala<\/p>\n","protected":false},"excerpt":{"rendered":"<p>MEYLE Jarrupalojen Kulumisen Ilmaisin 300 343 0000 Kulumisenilmaisin, Jarrupala BMW,5 E60,5 Touring E61,6 E63,6 Cabriolet E64<\/p>\n","protected":false},"featured_media":0,"template":"","meta":{"site-sidebar-layout":"default","site-content-layout":"default","ast-global-header-display":"","ast-main-header-display":"","ast-hfb-above-header-display":"","ast-hfb-below-header-display":"","ast-hfb-mobile-header-display":"","site-post-title":"","ast-breadcrumbs-content":"","ast-featured-img":"","footer-sml-layout":"","theme-transparent-header-meta":"","adv-header-id-meta":"","stick-header-meta":"","header-above-stick-meta":"","header-main-stick-meta":"","header-below-stick-meta":""},"pwb-brand":[84],"product_cat":[111],"product_tag":[],"class_list":{"0":"post-88465","1":"product","2":"type-product","3":"status-publish","5":"pwb-brand-meyle","6":"product_cat-jarrupalojen-kulumisen-ilmaisin","7":"desktop-align-left","8":"tablet-align-left","9":"mobile-align-left","11":"first","12":"instock","13":"product-type-external"},"brands":[{"id":84,"name":"MEYLE","slug":"meyle"}],"_links":{"self":[{"href":"https:\/\/www.autonvaraosahaku.fi\/index.php?rest_route=\/wp\/v2\/product\/88465","targetHints":{"allow":["GET"]}}],"collection":[{"href":"https:\/\/www.autonvaraosahaku.fi\/index.php?rest_route=\/wp\/v2\/product"}],"about":[{"href":"https:\/\/www.autonvaraosahaku.fi\/index.php?rest_route=\/wp\/v2\/types\/product"}],"wp:attachment":[{"href":"https:\/\/www.autonvaraosahaku.fi\/index.php?rest_route=%2Fwp%2Fv2%2Fmedia&parent=88465"}],"wp:term":[{"taxonomy":"pwb-brand","embeddable":true,"href":"https:\/\/www.autonvaraosahaku.fi\/index.php?rest_route=%2Fwp%2Fv2%2Fpwb-brand&post=88465"},{"taxonomy":"product_cat","embeddable":true,"href":"https:\/\/www.autonvaraosahaku.fi\/index.php?rest_route=%2Fwp%2Fv2%2Fproduct_cat&post=88465"},{"taxonomy":"product_tag","embeddable":true,"href":"https:\/\/www.autonvaraosahaku.fi\/index.php?rest_route=%2Fwp%2Fv2%2Fproduct_tag&post=88465"}],"curies":[{"name":"wp","href":"https:\/\/api.w.org\/{rel}","templated":true}]}}