{"id":88466,"date":"2021-02-21T21:02:38","date_gmt":"2021-02-21T21:02:38","guid":{"rendered":"https:\/\/www.autonvaraosahaku.fi\/?product=eibach-s90-1-05-012-muut-luokat"},"modified":"2021-02-21T21:02:47","modified_gmt":"2021-02-21T21:02:47","slug":"eibach-s90-1-05-012-muut-luokat","status":"publish","type":"product","link":"https:\/\/www.autonvaraosahaku.fi\/?product=eibach-s90-1-05-012-muut-luokat","title":{"rendered":"EIBACH S90-1-05-012 Muut luokat"},"content":{"rendered":"<p>Paksuus [mm]: 5; Raidev\u00e4lin suurennus per akseli: 10; keskitt\u00e4misl\u00e4pimitta [mm]: 65; Reik\u00e4ympyr\u00e4-\u00d8 [mm]: 108; Reikien m\u00e4\u00e4r\u00e4: 4; Pinta: eloksoitu; V\u00e4ri: Natur; Huomioi asennusohje: ; Tuotelinja: Pro-Spacer; Materiaali: Alumiini; Tuning: 1; Huomioi huolto-ohjeet: ; VOLVO: V70 I LV,S70 LS; CITRO\u00cbN: XSARA PICASSO N68,C2 JM_,C3 I FC_,SAXO S0, S1,DS3,C3 II,C3 Pluriel HB_,DS4,DS3 Cabriolet,C2 ENTERPRISE,C3 III SX,SAXO Hatchback van S3_; PEUGEOT: 206 Schr\u00e4gheck 2A\/C,206 CC 2D,207 WA_, WC_,307 SW 3H,207 CC WD_,307 CC 3B,307 3A\/C,207 SW WK_,308 SW,206 SW 2E\/K,106 II 1,206+ T3E,308 4A_, 4C_,307 Break 3E,306 Schr\u00e4gheck 7A, 7C, N3, N5,306 Cabriolet 7D, N3, N5,406 Break 8E\/F,308 CC,1007 KM_,205 II 20A\/C,406 Coupe 8C,306 Break 7E, N3, N5,406 8B,306 7B, N3, N5,205 I Cabriolet 741B, 20D,207 Stufenheck,206 Stufenheck,205 I 741A\/C,405 I 15B,206 Van,405 II 4B,106 Van 1_,306 Van N_, 7_,405 II Break 4E,405 I Break 15E,205 Kasten,207 Van,306 Kasten\/Schr\u00e4gheck; DS: DS 3,DS5,DS7 Crossback,DS 4 \/ DS 4 CROSSBACK,DS 3 Cabriolet; Raidev\u00e4lilevennys<\/p>\n","protected":false},"excerpt":{"rendered":"<p>EIBACH Levikepalat S90-1-05-012 Raidev\u00e4lilevennys VOLVO,CITRO\u00cbN,PEUGEOT,V70 I LV,S70 LS,XSARA PICASSO N68,C2 JM_,C3 I FC_,SAXO S0, S1,DS3,C3 II<\/p>\n","protected":false},"featured_media":0,"template":"","meta":{"site-sidebar-layout":"default","site-content-layout":"default","ast-global-header-display":"","ast-main-header-display":"","ast-hfb-above-header-display":"","ast-hfb-below-header-display":"","ast-hfb-mobile-header-display":"","site-post-title":"","ast-breadcrumbs-content":"","ast-featured-img":"","footer-sml-layout":"","theme-transparent-header-meta":"","adv-header-id-meta":"","stick-header-meta":"","header-above-stick-meta":"","header-main-stick-meta":"","header-below-stick-meta":""},"pwb-brand":[328],"product_cat":[37],"product_tag":[],"class_list":{"0":"post-88466","1":"product","2":"type-product","3":"status-publish","5":"pwb-brand-eibach","6":"product_cat-muut-luokat","7":"desktop-align-left","8":"tablet-align-left","9":"mobile-align-left","11":"first","12":"instock","13":"product-type-external"},"brands":[{"id":328,"name":"EIBACH","slug":"eibach"}],"_links":{"self":[{"href":"https:\/\/www.autonvaraosahaku.fi\/index.php?rest_route=\/wp\/v2\/product\/88466","targetHints":{"allow":["GET"]}}],"collection":[{"href":"https:\/\/www.autonvaraosahaku.fi\/index.php?rest_route=\/wp\/v2\/product"}],"about":[{"href":"https:\/\/www.autonvaraosahaku.fi\/index.php?rest_route=\/wp\/v2\/types\/product"}],"wp:attachment":[{"href":"https:\/\/www.autonvaraosahaku.fi\/index.php?rest_route=%2Fwp%2Fv2%2Fmedia&parent=88466"}],"wp:term":[{"taxonomy":"pwb-brand","embeddable":true,"href":"https:\/\/www.autonvaraosahaku.fi\/index.php?rest_route=%2Fwp%2Fv2%2Fpwb-brand&post=88466"},{"taxonomy":"product_cat","embeddable":true,"href":"https:\/\/www.autonvaraosahaku.fi\/index.php?rest_route=%2Fwp%2Fv2%2Fproduct_cat&post=88466"},{"taxonomy":"product_tag","embeddable":true,"href":"https:\/\/www.autonvaraosahaku.fi\/index.php?rest_route=%2Fwp%2Fv2%2Fproduct_tag&post=88466"}],"curies":[{"name":"wp","href":"https:\/\/api.w.org\/{rel}","templated":true}]}}