{"id":88491,"date":"2021-02-21T21:03:01","date_gmt":"2021-02-21T21:03:01","guid":{"rendered":"https:\/\/www.autonvaraosahaku.fi\/?product=meyle-100-750-0002-pyoranlaakerit"},"modified":"2021-02-21T21:03:02","modified_gmt":"2021-02-21T21:03:02","slug":"meyle-100-750-0002-pyoranlaakerit","status":"publish","type":"product","link":"https:\/\/www.autonvaraosahaku.fi\/?product=meyle-100-750-0002-pyoranlaakerit","title":{"rendered":"MEYLE 100 750 0002 Py\u00f6r\u00e4nlaakerit"},"content":{"rendered":"<p>Asennuspuoli: Taka-akseli, molemminpuolinen; Lis\u00e4tarvike\/lis\u00e4tieto: Asennusmateriaalilla; Sis\u00e4l\u00e4pimitta [mm]: 43; Ulkol\u00e4pimitta [mm]: 82; Korkeus (mm): 37; Laakerityyppi: Kuulalaakeri; lis\u00e4tieto: ORIGINAL Quality; Alustarakenne: f\u00fcr Fahrzeuge mit Sportfahrwerk; AUDI: A4 Avant 8ED, B7,A4 Avant 8E5, B6,A4 8E2, B6,A4 Cabriolet 8H7, B6, 8HE, B7,A4 8EC, B7; 8E0598625; Py\u00f6r\u00e4nlaakerisarja<\/p>\n","protected":false},"excerpt":{"rendered":"<p>MEYLE Py\u00f6r\u00e4nlaakerit 100 750 0002 Py\u00f6r\u00e4nlaakerisarja AUDI,A4 Avant 8ED, B7,A4 Avant 8E5, B6,A4 8E2, B6,A4 Cabriolet 8H7, B6, 8HE, B7,A4 8EC, B7<\/p>\n","protected":false},"featured_media":0,"template":"","meta":{"site-sidebar-layout":"default","site-content-layout":"default","ast-global-header-display":"","ast-main-header-display":"","ast-hfb-above-header-display":"","ast-hfb-below-header-display":"","ast-hfb-mobile-header-display":"","site-post-title":"","ast-breadcrumbs-content":"","ast-featured-img":"","footer-sml-layout":"","theme-transparent-header-meta":"","adv-header-id-meta":"","stick-header-meta":"","header-above-stick-meta":"","header-main-stick-meta":"","header-below-stick-meta":""},"pwb-brand":[84],"product_cat":[83],"product_tag":[],"class_list":{"0":"post-88491","1":"product","2":"type-product","3":"status-publish","5":"pwb-brand-meyle","6":"product_cat-pyoranlaakerit","7":"desktop-align-left","8":"tablet-align-left","9":"mobile-align-left","11":"first","12":"instock","13":"product-type-external"},"brands":[{"id":84,"name":"MEYLE","slug":"meyle"}],"_links":{"self":[{"href":"https:\/\/www.autonvaraosahaku.fi\/index.php?rest_route=\/wp\/v2\/product\/88491","targetHints":{"allow":["GET"]}}],"collection":[{"href":"https:\/\/www.autonvaraosahaku.fi\/index.php?rest_route=\/wp\/v2\/product"}],"about":[{"href":"https:\/\/www.autonvaraosahaku.fi\/index.php?rest_route=\/wp\/v2\/types\/product"}],"wp:attachment":[{"href":"https:\/\/www.autonvaraosahaku.fi\/index.php?rest_route=%2Fwp%2Fv2%2Fmedia&parent=88491"}],"wp:term":[{"taxonomy":"pwb-brand","embeddable":true,"href":"https:\/\/www.autonvaraosahaku.fi\/index.php?rest_route=%2Fwp%2Fv2%2Fpwb-brand&post=88491"},{"taxonomy":"product_cat","embeddable":true,"href":"https:\/\/www.autonvaraosahaku.fi\/index.php?rest_route=%2Fwp%2Fv2%2Fproduct_cat&post=88491"},{"taxonomy":"product_tag","embeddable":true,"href":"https:\/\/www.autonvaraosahaku.fi\/index.php?rest_route=%2Fwp%2Fv2%2Fproduct_tag&post=88491"}],"curies":[{"name":"wp","href":"https:\/\/api.w.org\/{rel}","templated":true}]}}