{"id":88499,"date":"2021-02-21T21:03:01","date_gmt":"2021-02-21T21:03:01","guid":{"rendered":"https:\/\/www.autonvaraosahaku.fi\/?product=a-b-s-623632-jarrusatula"},"modified":"2021-02-21T21:03:05","modified_gmt":"2021-02-21T21:03:05","slug":"a-b-s-623632-jarrusatula","status":"publish","type":"product","link":"https:\/\/www.autonvaraosahaku.fi\/?product=a-b-s-623632-jarrusatula","title":{"rendered":"A.B.S. 623632 Jarrusatula"},"content":{"rendered":"<p>Jarruj\u00e4rjestelm\u00e4: BOSCH\/BENDIX; parilliset tuotenumerot: 623621; Materiaali: Alumiini; Jarrusatulatyyppi: Jarrusatula (1-m\u00e4nt\u00e4); Liittimi\u00e4: 1; Kierremitta: M10X1; Kiinnityrreikien et\u00e4isyys [mm]: 82; Paino [kg]: 2,36; Jarrulevypaksuudelle [mm]: 10, 10; Asennuspuoli: Vorderachse; PEUGEOT: 106 II 1,106 I 1A, 1C,205 II 20A\/C,205 I Cabriolet 741B, 20D,309 II 3C, 3A,205 I 741A\/C,405 I 15B,106 Van 1_,309 I 10C, 10A,405 I Break 15E,305 II 581M,305 II Break 581E,305 I 581A,205 Kasten,305 I Break 581D; CITRO\u00cbN: SAXO S0, S1,AX ZA-_,ZX N2,ZX Break N2,C15 VD-_,SAXO Hatchback van S3_; 4400F5, 4400K2, 441004, 96015070, 440069, 440094, 4400K2<\/p>\n","protected":false},"excerpt":{"rendered":"<p>A.B.S. Jarrusatula 623632  PEUGEOT,CITRO\u00cbN,106 II 1,106 I 1A, 1C,205 II 20A\/C,205 I Cabriolet 741B, 20D,309 II 3C, 3A,205 I 741A\/C,405 I 15B<\/p>\n","protected":false},"featured_media":0,"template":"","meta":{"site-sidebar-layout":"default","site-content-layout":"default","ast-global-header-display":"","ast-main-header-display":"","ast-hfb-above-header-display":"","ast-hfb-below-header-display":"","ast-hfb-mobile-header-display":"","site-post-title":"","ast-breadcrumbs-content":"","ast-featured-img":"","footer-sml-layout":"","theme-transparent-header-meta":"","adv-header-id-meta":"","stick-header-meta":"","header-above-stick-meta":"","header-main-stick-meta":"","header-below-stick-meta":""},"pwb-brand":[326],"product_cat":[177],"product_tag":[],"class_list":{"0":"post-88499","1":"product","2":"type-product","3":"status-publish","5":"pwb-brand-a-b-s","6":"product_cat-jarrusatula","7":"desktop-align-left","8":"tablet-align-left","9":"mobile-align-left","11":"first","12":"instock","13":"product-type-external"},"brands":[{"id":326,"name":"A.B.S.","slug":"a-b-s"}],"_links":{"self":[{"href":"https:\/\/www.autonvaraosahaku.fi\/index.php?rest_route=\/wp\/v2\/product\/88499","targetHints":{"allow":["GET"]}}],"collection":[{"href":"https:\/\/www.autonvaraosahaku.fi\/index.php?rest_route=\/wp\/v2\/product"}],"about":[{"href":"https:\/\/www.autonvaraosahaku.fi\/index.php?rest_route=\/wp\/v2\/types\/product"}],"wp:attachment":[{"href":"https:\/\/www.autonvaraosahaku.fi\/index.php?rest_route=%2Fwp%2Fv2%2Fmedia&parent=88499"}],"wp:term":[{"taxonomy":"pwb-brand","embeddable":true,"href":"https:\/\/www.autonvaraosahaku.fi\/index.php?rest_route=%2Fwp%2Fv2%2Fpwb-brand&post=88499"},{"taxonomy":"product_cat","embeddable":true,"href":"https:\/\/www.autonvaraosahaku.fi\/index.php?rest_route=%2Fwp%2Fv2%2Fproduct_cat&post=88499"},{"taxonomy":"product_tag","embeddable":true,"href":"https:\/\/www.autonvaraosahaku.fi\/index.php?rest_route=%2Fwp%2Fv2%2Fproduct_tag&post=88499"}],"curies":[{"name":"wp","href":"https:\/\/api.w.org\/{rel}","templated":true}]}}