{"id":88504,"date":"2021-02-21T21:03:01","date_gmt":"2021-02-21T21:03:01","guid":{"rendered":"https:\/\/www.autonvaraosahaku.fi\/?product=a-b-s-51957-kytkimen-tyosylinteri"},"modified":"2021-02-21T21:03:07","modified_gmt":"2021-02-21T21:03:07","slug":"a-b-s-51957-kytkimen-tyosylinteri","status":"publish","type":"product","link":"https:\/\/www.autonvaraosahaku.fi\/?product=a-b-s-51957-kytkimen-tyosylinteri","title":{"rendered":"A.B.S. 51957 Kytkimen ty\u00f6sylinteri"},"content":{"rendered":"<p>Asennuspuoli: Edess\u00e4; L\u00e4pimitta 1\/l\u00e4pimitta 2 [mm]: 19.05; Jarruj\u00e4rjestelm\u00e4: LUCAS\/TRW; Materiaali: Valurauta; Kiinnitysreikien lukum\u00e4\u00e4r\u00e4: 2; Kierre 1: 1x M10x1.0; Kiinnitysruuvien v\u00e4li [mm]: 35; Paino [kg]: 0,5; Jarru- \/ ajo-ominaisuus: f\u00fcr ABS; HONDA: PRELUDE V BB,ACCORD V CE, CF,PRELUDE IV BB,ACCORD IV CB,ACCORD V Aerodeck CE,ACCORD V CC, CD,ACCORD V Coupe CD,ACCORD IV Aerodeck CB,ACCORD IV Coupe CB, CC; ROVER: 600 RH; 46930SM4003, 46930SM4013, 46930SM4A03, 46930SN7000, 46930SN7003, 46930SN7010, GSY90150, UUB100050EVA; Ty\u00f6sylinteri, Kytkin<\/p>\n","protected":false},"excerpt":{"rendered":"<p>A.B.S. Kytkimen Ty\u00f6sylinteri 51957 Ty\u00f6sylinteri, Kytkin HONDA,ROVER,PRELUDE V BB,ACCORD V CE, CF,PRELUDE IV BB,ACCORD IV CB,ACCORD V Aerodeck CE<\/p>\n","protected":false},"featured_media":0,"template":"","meta":{"site-sidebar-layout":"default","site-content-layout":"default","ast-global-header-display":"","ast-main-header-display":"","ast-hfb-above-header-display":"","ast-hfb-below-header-display":"","ast-hfb-mobile-header-display":"","site-post-title":"","ast-breadcrumbs-content":"","ast-featured-img":"","footer-sml-layout":"","theme-transparent-header-meta":"","adv-header-id-meta":"","stick-header-meta":"","header-above-stick-meta":"","header-main-stick-meta":"","header-below-stick-meta":""},"pwb-brand":[326],"product_cat":[310],"product_tag":[],"class_list":{"0":"post-88504","1":"product","2":"type-product","3":"status-publish","5":"pwb-brand-a-b-s","6":"product_cat-kytkimen-tyosylinteri","7":"desktop-align-left","8":"tablet-align-left","9":"mobile-align-left","11":"first","12":"instock","13":"product-type-external"},"brands":[{"id":326,"name":"A.B.S.","slug":"a-b-s"}],"_links":{"self":[{"href":"https:\/\/www.autonvaraosahaku.fi\/index.php?rest_route=\/wp\/v2\/product\/88504","targetHints":{"allow":["GET"]}}],"collection":[{"href":"https:\/\/www.autonvaraosahaku.fi\/index.php?rest_route=\/wp\/v2\/product"}],"about":[{"href":"https:\/\/www.autonvaraosahaku.fi\/index.php?rest_route=\/wp\/v2\/types\/product"}],"wp:attachment":[{"href":"https:\/\/www.autonvaraosahaku.fi\/index.php?rest_route=%2Fwp%2Fv2%2Fmedia&parent=88504"}],"wp:term":[{"taxonomy":"pwb-brand","embeddable":true,"href":"https:\/\/www.autonvaraosahaku.fi\/index.php?rest_route=%2Fwp%2Fv2%2Fpwb-brand&post=88504"},{"taxonomy":"product_cat","embeddable":true,"href":"https:\/\/www.autonvaraosahaku.fi\/index.php?rest_route=%2Fwp%2Fv2%2Fproduct_cat&post=88504"},{"taxonomy":"product_tag","embeddable":true,"href":"https:\/\/www.autonvaraosahaku.fi\/index.php?rest_route=%2Fwp%2Fv2%2Fproduct_tag&post=88504"}],"curies":[{"name":"wp","href":"https:\/\/api.w.org\/{rel}","templated":true}]}}