{"id":88506,"date":"2021-02-21T21:03:01","date_gmt":"2021-02-21T21:03:01","guid":{"rendered":"https:\/\/www.autonvaraosahaku.fi\/?product=optimal-f8-5356-vetonivelen-suojakumi"},"modified":"2021-02-21T21:03:07","modified_gmt":"2021-02-21T21:03:07","slug":"optimal-f8-5356-vetonivelen-suojakumi","status":"publish","type":"product","link":"https:\/\/www.autonvaraosahaku.fi\/?product=optimal-f8-5356-vetonivelen-suojakumi","title":{"rendered":"OPTIMAL F8-5356 Vetonivelen suojakumi"},"content":{"rendered":"<p>Pituus (mm): 172; Asennuspuoli: Etuakseli, Molemminpuolin, Vaihteiston puoli; L\u00e4pimitta 1 [mm]: 72; L\u00e4pimitta 2 [mm]: 19; Vaihteistomalli: BE1; CITRO\u00cbN: BERLINGO MF,SAXO S0, S1,BERLINGO Kasten M_,AX ZA-_,ZX N2,BX XB-_,ZX Break N2,BX Break XB-_,C15 VD-_; PEUGEOT: 106 II 1,306 Schr\u00e4gheck 7A, 7C, N3, N5,306 Cabriolet 7D, N3, N5,PARTNER Combispace 5F,106 I 1A, 1C,205 II 20A\/C,PARTNER Kasten 5,306 Break 7E, N3, N5,306 7B, N3, N5,205 I Cabriolet 741B, 20D,309 II 3C, 3A,205 I 741A\/C,405 I 15B,405 II 4B,106 Van 1_,309 I 10C, 10A,405 II Break 4E,405 I Break 15E; 328769, 328769; Vetoakselin Suojakumi,Paljekumi, Vetoakseli<\/p>\n","protected":false},"excerpt":{"rendered":"<p>OPTIMAL Vetonivelen Suojakumi F8-5356 Vetoakselin Suojakumi,Paljekumi, Vetoakseli CITRO\u00cbN,PEUGEOT,BERLINGO MF,SAXO S0, S1,BERLINGO Kasten M_,AX ZA-_<\/p>\n","protected":false},"featured_media":0,"template":"","meta":{"site-sidebar-layout":"default","site-content-layout":"default","ast-global-header-display":"","ast-main-header-display":"","ast-hfb-above-header-display":"","ast-hfb-below-header-display":"","ast-hfb-mobile-header-display":"","site-post-title":"","ast-breadcrumbs-content":"","ast-featured-img":"","footer-sml-layout":"","theme-transparent-header-meta":"","adv-header-id-meta":"","stick-header-meta":"","header-above-stick-meta":"","header-main-stick-meta":"","header-below-stick-meta":""},"pwb-brand":[307],"product_cat":[42],"product_tag":[],"class_list":{"0":"post-88506","1":"product","2":"type-product","3":"status-publish","5":"pwb-brand-optimal","6":"product_cat-vetonivelen-suojakumi","7":"desktop-align-left","8":"tablet-align-left","9":"mobile-align-left","11":"first","12":"instock","13":"product-type-external"},"brands":[{"id":307,"name":"OPTIMAL","slug":"optimal"}],"_links":{"self":[{"href":"https:\/\/www.autonvaraosahaku.fi\/index.php?rest_route=\/wp\/v2\/product\/88506","targetHints":{"allow":["GET"]}}],"collection":[{"href":"https:\/\/www.autonvaraosahaku.fi\/index.php?rest_route=\/wp\/v2\/product"}],"about":[{"href":"https:\/\/www.autonvaraosahaku.fi\/index.php?rest_route=\/wp\/v2\/types\/product"}],"wp:attachment":[{"href":"https:\/\/www.autonvaraosahaku.fi\/index.php?rest_route=%2Fwp%2Fv2%2Fmedia&parent=88506"}],"wp:term":[{"taxonomy":"pwb-brand","embeddable":true,"href":"https:\/\/www.autonvaraosahaku.fi\/index.php?rest_route=%2Fwp%2Fv2%2Fpwb-brand&post=88506"},{"taxonomy":"product_cat","embeddable":true,"href":"https:\/\/www.autonvaraosahaku.fi\/index.php?rest_route=%2Fwp%2Fv2%2Fproduct_cat&post=88506"},{"taxonomy":"product_tag","embeddable":true,"href":"https:\/\/www.autonvaraosahaku.fi\/index.php?rest_route=%2Fwp%2Fv2%2Fproduct_tag&post=88506"}],"curies":[{"name":"wp","href":"https:\/\/api.w.org\/{rel}","templated":true}]}}