{"id":88515,"date":"2021-02-21T21:03:09","date_gmt":"2021-02-21T21:03:09","guid":{"rendered":"https:\/\/www.autonvaraosahaku.fi\/?product=optimal-a-1475g-iskunvaimennin"},"modified":"2021-02-21T21:03:11","modified_gmt":"2021-02-21T21:03:11","slug":"optimal-a-1475g-iskunvaimennin","status":"publish","type":"product","link":"https:\/\/www.autonvaraosahaku.fi\/?product=optimal-a-1475g-iskunvaimennin","title":{"rendered":"OPTIMAL A-1475G Iskunvaimennin"},"content":{"rendered":"<p>Asennuspuoli: Vasen, Oikea, Taka-akseli; Iskunvaimennin tyyppi: Kaasupaine; Iskunvaimennin malli: Vaimennin, jousituella; Iskunvaimennin asennustapa: Silmukka alhaalla, Tappi ylh\u00e4\u00e4ll\u00e4; Iskunvaimennusj\u00e4rjestelm\u00e4: Kaksiputki; Suositellun tarvikkeen tuotenumero: AK-735095; Alustarakenne: f\u00fcr Fahrzeuge mit Standard Fahrwerk; MAZDA: 2 DY; FORD: FIESTA V JH_, JD_,FIESTA V Van; 1140374, 1141301, 1146189, 1148626, 1151457, 1203954, 1206032, 1251758, 1305612, 1327469, 2S6118008AA, 2S6118008AB, 2S6118008AC, 2S6118008AD, 2S6118008AE, 2S6118008BJ, 2S6118008BK, 2S6118008BL, 2S6118080BC, 2S6118080BD, 2S6118080BE, 2S6118080BF, 2S6118080BG, 2S6118080BH, 1209075, DD322870XD; Iskarit,Iskunvaimennin<\/p>\n","protected":false},"excerpt":{"rendered":"<p>OPTIMAL Iskunvaimentimet A-1475G Iskarit,Iskunvaimennin MAZDA,FORD,2 DY,FIESTA V JH_, JD_,FIESTA V Van<\/p>\n","protected":false},"featured_media":0,"template":"","meta":{"site-sidebar-layout":"default","site-content-layout":"default","ast-global-header-display":"","ast-main-header-display":"","ast-hfb-above-header-display":"","ast-hfb-below-header-display":"","ast-hfb-mobile-header-display":"","site-post-title":"","ast-breadcrumbs-content":"","ast-featured-img":"","footer-sml-layout":"","theme-transparent-header-meta":"","adv-header-id-meta":"","stick-header-meta":"","header-above-stick-meta":"","header-main-stick-meta":"","header-below-stick-meta":""},"pwb-brand":[307],"product_cat":[80],"product_tag":[],"class_list":{"0":"post-88515","1":"product","2":"type-product","3":"status-publish","5":"pwb-brand-optimal","6":"product_cat-iskunvaimennin","7":"desktop-align-left","8":"tablet-align-left","9":"mobile-align-left","11":"first","12":"instock","13":"product-type-external"},"brands":[{"id":307,"name":"OPTIMAL","slug":"optimal"}],"_links":{"self":[{"href":"https:\/\/www.autonvaraosahaku.fi\/index.php?rest_route=\/wp\/v2\/product\/88515","targetHints":{"allow":["GET"]}}],"collection":[{"href":"https:\/\/www.autonvaraosahaku.fi\/index.php?rest_route=\/wp\/v2\/product"}],"about":[{"href":"https:\/\/www.autonvaraosahaku.fi\/index.php?rest_route=\/wp\/v2\/types\/product"}],"wp:attachment":[{"href":"https:\/\/www.autonvaraosahaku.fi\/index.php?rest_route=%2Fwp%2Fv2%2Fmedia&parent=88515"}],"wp:term":[{"taxonomy":"pwb-brand","embeddable":true,"href":"https:\/\/www.autonvaraosahaku.fi\/index.php?rest_route=%2Fwp%2Fv2%2Fpwb-brand&post=88515"},{"taxonomy":"product_cat","embeddable":true,"href":"https:\/\/www.autonvaraosahaku.fi\/index.php?rest_route=%2Fwp%2Fv2%2Fproduct_cat&post=88515"},{"taxonomy":"product_tag","embeddable":true,"href":"https:\/\/www.autonvaraosahaku.fi\/index.php?rest_route=%2Fwp%2Fv2%2Fproduct_tag&post=88515"}],"curies":[{"name":"wp","href":"https:\/\/api.w.org\/{rel}","templated":true}]}}