{"id":88525,"date":"2021-02-21T21:03:09","date_gmt":"2021-02-21T21:03:09","guid":{"rendered":"https:\/\/www.autonvaraosahaku.fi\/?product=reinz-81-10377-00-nokka-akselin-tiiviste"},"modified":"2021-02-21T21:03:15","modified_gmt":"2021-02-21T21:03:15","slug":"reinz-81-10377-00-nokka-akselin-tiiviste","status":"publish","type":"product","link":"https:\/\/www.autonvaraosahaku.fi\/?product=reinz-81-10377-00-nokka-akselin-tiiviste","title":{"rendered":"REINZ 81-10377-00 Nokka akselin tiiviste"},"content":{"rendered":"<p>Materiaali: ACM (polyakryyli-kautsu); Sis\u00e4l\u00e4pimitta [mm]: 40,5; Ulkol\u00e4pimitta [mm]: 52,5; Leveys (mm): 6,5; Akselitiivisteen malli: A SL; Rihlamalli: Oikea kierre; Tarvittava kappalem\u00e4\u00e4r\u00e4: 2; LEXUS: IS I JCE1_, GXE1_,GS UZS161, JZS160,IS SportCross,GS JZS147; TOYOTA: SUPRA JZA80,CROWN Stufenheck JZS13_, YS13_, LS13_, GS13_; 9031140020, 9031140014, 9031140020; Akselitiiviste, Nokka-Akseli<\/p>\n","protected":false},"excerpt":{"rendered":"<p>REINZ Nokka Akselin Tiiviste 81-10377-00 Akselitiiviste, Nokka-Akseli LEXUS,TOYOTA,IS I JCE1_, GXE1_,GS UZS161, JZS160,IS SportCross,GS JZS147<\/p>\n","protected":false},"featured_media":0,"template":"","meta":{"site-sidebar-layout":"default","site-content-layout":"default","ast-global-header-display":"","ast-main-header-display":"","ast-hfb-above-header-display":"","ast-hfb-below-header-display":"","ast-hfb-mobile-header-display":"","site-post-title":"","ast-breadcrumbs-content":"","ast-featured-img":"","footer-sml-layout":"","theme-transparent-header-meta":"","adv-header-id-meta":"","stick-header-meta":"","header-above-stick-meta":"","header-main-stick-meta":"","header-below-stick-meta":""},"pwb-brand":[138],"product_cat":[122],"product_tag":[],"class_list":{"0":"post-88525","1":"product","2":"type-product","3":"status-publish","5":"pwb-brand-reinz","6":"product_cat-nokka-akselin-tiiviste","7":"desktop-align-left","8":"tablet-align-left","9":"mobile-align-left","11":"first","12":"instock","13":"product-type-external"},"brands":[{"id":138,"name":"REINZ","slug":"reinz"}],"_links":{"self":[{"href":"https:\/\/www.autonvaraosahaku.fi\/index.php?rest_route=\/wp\/v2\/product\/88525","targetHints":{"allow":["GET"]}}],"collection":[{"href":"https:\/\/www.autonvaraosahaku.fi\/index.php?rest_route=\/wp\/v2\/product"}],"about":[{"href":"https:\/\/www.autonvaraosahaku.fi\/index.php?rest_route=\/wp\/v2\/types\/product"}],"wp:attachment":[{"href":"https:\/\/www.autonvaraosahaku.fi\/index.php?rest_route=%2Fwp%2Fv2%2Fmedia&parent=88525"}],"wp:term":[{"taxonomy":"pwb-brand","embeddable":true,"href":"https:\/\/www.autonvaraosahaku.fi\/index.php?rest_route=%2Fwp%2Fv2%2Fpwb-brand&post=88525"},{"taxonomy":"product_cat","embeddable":true,"href":"https:\/\/www.autonvaraosahaku.fi\/index.php?rest_route=%2Fwp%2Fv2%2Fproduct_cat&post=88525"},{"taxonomy":"product_tag","embeddable":true,"href":"https:\/\/www.autonvaraosahaku.fi\/index.php?rest_route=%2Fwp%2Fv2%2Fproduct_tag&post=88525"}],"curies":[{"name":"wp","href":"https:\/\/api.w.org\/{rel}","templated":true}]}}