{"id":88526,"date":"2021-02-21T21:03:09","date_gmt":"2021-02-21T21:03:09","guid":{"rendered":"https:\/\/www.autonvaraosahaku.fi\/?product=ajusa-15055300-kampiakselin-tiiviste"},"modified":"2021-02-21T21:03:15","modified_gmt":"2021-02-21T21:03:15","slug":"ajusa-15055300-kampiakselin-tiiviste","status":"publish","type":"product","link":"https:\/\/www.autonvaraosahaku.fi\/?product=ajusa-15055300-kampiakselin-tiiviste","title":{"rendered":"AJUSA 15055300 Kampiakselin tiiviste"},"content":{"rendered":"<p>Sis\u00e4l\u00e4pimitta [mm]: 55; Ulkol\u00e4pimitta [mm]: 68; Korkeus (mm): 8; Asennuspuoli: stirnseitig; VW: PHAETON 3D_; AUDI: A6 Avant 4B5, C5,A6 4B2, C5,A8 4E_,A8 4D2, 4D8; OPEL: ZAFIRA A F75_,ASTRA G CC F48_, F08_,ASTRA G Caravan F35_,VECTRA C Caravan,SIGNUM,VECTRA C,VECTRA B 36_,OMEGA B Caravan 21_, 22_, 23_,OMEGA B 25_, 26_, 27_,VECTRA C GTS,VECTRA B Caravan 31_,ASTRA G Cabriolet F67,FRONTERA B 6B_,ASTRA G Coupe F07_,ASTRA G Stufenheck F69_,VECTRA B CC 38_,SINTRA,ASTRA G Kasten F70; FIAT: PUNTO 188,STILO 192,BARCHETTA 183,STILO Multi Wagon 192,COUPE FA\/175,BRAVO I 182,BRAVA 182,MAREA Weekend 185,MAREA 185; ALFA ROMEO: 147 937,156 Sportwagon 932,156 932,GT 937,SPIDER 916S_,166 936,GTV 916C_,145 930,155 167,146 930; LAND ROVER: FREELANDER LN,FREELANDER Soft Top; SAAB: 9-3 YS3F,9-5 Kombi YS3E,9-3 YS3D,9-5 YS3E; LANCIA: THESIS 841AX,LYBRA SW 839BX,KAPPA 838A,LYBRA 839AX,DELTA II 836,KAPPA SW 838B,KAPPA Coupe 838,DEDRA 835,DEDRA SW 835; ROVER: 75 RJ,75 Tourer RJ; MG: MG ZT- T,MG ZT; 60811144, 077115147A, 60603436, 60811144, 60603436; Akselitiiviste, Kampiakseli<\/p>\n","protected":false},"excerpt":{"rendered":"<p>AJUSA Kampiakselin Tiiviste 15055300 Akselitiiviste, Kampiakseli VW,AUDI,OPEL,PHAETON 3D_,A6 Avant 4B5, C5,A6 4B2, C5,A8 4E_,A8 4D2, 4D8,ZAFIRA A F75_<\/p>\n","protected":false},"featured_media":0,"template":"","meta":{"site-sidebar-layout":"default","site-content-layout":"default","ast-global-header-display":"","ast-main-header-display":"","ast-hfb-above-header-display":"","ast-hfb-below-header-display":"","ast-hfb-mobile-header-display":"","site-post-title":"","ast-breadcrumbs-content":"","ast-featured-img":"","footer-sml-layout":"","theme-transparent-header-meta":"","adv-header-id-meta":"","stick-header-meta":"","header-above-stick-meta":"","header-main-stick-meta":"","header-below-stick-meta":""},"pwb-brand":[211],"product_cat":[88],"product_tag":[],"class_list":{"0":"post-88526","1":"product","2":"type-product","3":"status-publish","5":"pwb-brand-ajusa","6":"product_cat-kampiakselin-tiiviste","7":"desktop-align-left","8":"tablet-align-left","9":"mobile-align-left","11":"first","12":"instock","13":"product-type-external"},"brands":[{"id":211,"name":"AJUSA","slug":"ajusa"}],"_links":{"self":[{"href":"https:\/\/www.autonvaraosahaku.fi\/index.php?rest_route=\/wp\/v2\/product\/88526","targetHints":{"allow":["GET"]}}],"collection":[{"href":"https:\/\/www.autonvaraosahaku.fi\/index.php?rest_route=\/wp\/v2\/product"}],"about":[{"href":"https:\/\/www.autonvaraosahaku.fi\/index.php?rest_route=\/wp\/v2\/types\/product"}],"wp:attachment":[{"href":"https:\/\/www.autonvaraosahaku.fi\/index.php?rest_route=%2Fwp%2Fv2%2Fmedia&parent=88526"}],"wp:term":[{"taxonomy":"pwb-brand","embeddable":true,"href":"https:\/\/www.autonvaraosahaku.fi\/index.php?rest_route=%2Fwp%2Fv2%2Fpwb-brand&post=88526"},{"taxonomy":"product_cat","embeddable":true,"href":"https:\/\/www.autonvaraosahaku.fi\/index.php?rest_route=%2Fwp%2Fv2%2Fproduct_cat&post=88526"},{"taxonomy":"product_tag","embeddable":true,"href":"https:\/\/www.autonvaraosahaku.fi\/index.php?rest_route=%2Fwp%2Fv2%2Fproduct_tag&post=88526"}],"curies":[{"name":"wp","href":"https:\/\/api.w.org\/{rel}","templated":true}]}}