{"id":88537,"date":"2021-02-21T21:03:18","date_gmt":"2021-02-21T21:03:18","guid":{"rendered":"https:\/\/www.autonvaraosahaku.fi\/?product=a-b-s-37800-jarrupalat"},"modified":"2021-02-21T21:03:21","modified_gmt":"2021-02-21T21:03:21","slug":"a-b-s-37800-jarrupalat","status":"publish","type":"product","link":"https:\/\/www.autonvaraosahaku.fi\/?product=a-b-s-37800-jarrupalat","title":{"rendered":"A.B.S. 37800 Jarrupalat"},"content":{"rendered":"<p>Leveys 1 (mm): 122,9; Korkeus 1 (mm): 53,2; Paksuus 1 [mm]: 17,8; Jarruj\u00e4rjestelm\u00e4: BOSCH; Varoittimen pituus [mm]: 215; Kulumisenilmaisimen liitos: kulumisanturilla; Kulumisvaroittimia [pro Achse]: 2; Paino [kg]: 1,36; M\u00e4\u00e4r\u00e4yksikk\u00f6: Akselisarja; Asennuspuoli: Vorderachse; ABARTH: 500C \/ 595C 312_; ALFA ROMEO: MITO 955; FIAT: GRANDE PUNTO 199,500 312,PUNTO EVO 199,500 C 312,PUNTO 199,LINEA 323,PUNTO Van 199; CITRO\u00cbN: NEMO Kasten AA_,NEMO Kombi,E-MEHARI; PEUGEOT: BIPPER AA_,BIPPER Tepee; 77365857, 71770098, 77365543, 77366134, 77366135, 1609253280, 1617283380, 1618111580, 4254C8, 71770098, 71770118, 77365465, 77365543, 77365857, 77366134, 77366135, 1609253280, 1617283380, 4254C8; Jarrupalasarja,Jarrupala, Levyjarru<\/p>\n","protected":false},"excerpt":{"rendered":"<p>A.B.S. Jarrupalat 37800 Jarrupalasarja,Jarrupala, Levyjarru ABARTH,ALFA ROMEO,FIAT,500C \/ 595C 312_,MITO 955,GRANDE PUNTO 199,500 312,PUNTO EVO 199<\/p>\n","protected":false},"featured_media":0,"template":"","meta":{"site-sidebar-layout":"default","site-content-layout":"default","ast-global-header-display":"","ast-main-header-display":"","ast-hfb-above-header-display":"","ast-hfb-below-header-display":"","ast-hfb-mobile-header-display":"","site-post-title":"","ast-breadcrumbs-content":"","ast-featured-img":"","footer-sml-layout":"","theme-transparent-header-meta":"","adv-header-id-meta":"","stick-header-meta":"","header-above-stick-meta":"","header-main-stick-meta":"","header-below-stick-meta":""},"pwb-brand":[326],"product_cat":[100],"product_tag":[],"class_list":{"0":"post-88537","1":"product","2":"type-product","3":"status-publish","5":"pwb-brand-a-b-s","6":"product_cat-jarrupalat","7":"desktop-align-left","8":"tablet-align-left","9":"mobile-align-left","11":"first","12":"instock","13":"product-type-external"},"brands":[{"id":326,"name":"A.B.S.","slug":"a-b-s"}],"_links":{"self":[{"href":"https:\/\/www.autonvaraosahaku.fi\/index.php?rest_route=\/wp\/v2\/product\/88537","targetHints":{"allow":["GET"]}}],"collection":[{"href":"https:\/\/www.autonvaraosahaku.fi\/index.php?rest_route=\/wp\/v2\/product"}],"about":[{"href":"https:\/\/www.autonvaraosahaku.fi\/index.php?rest_route=\/wp\/v2\/types\/product"}],"wp:attachment":[{"href":"https:\/\/www.autonvaraosahaku.fi\/index.php?rest_route=%2Fwp%2Fv2%2Fmedia&parent=88537"}],"wp:term":[{"taxonomy":"pwb-brand","embeddable":true,"href":"https:\/\/www.autonvaraosahaku.fi\/index.php?rest_route=%2Fwp%2Fv2%2Fpwb-brand&post=88537"},{"taxonomy":"product_cat","embeddable":true,"href":"https:\/\/www.autonvaraosahaku.fi\/index.php?rest_route=%2Fwp%2Fv2%2Fproduct_cat&post=88537"},{"taxonomy":"product_tag","embeddable":true,"href":"https:\/\/www.autonvaraosahaku.fi\/index.php?rest_route=%2Fwp%2Fv2%2Fproduct_tag&post=88537"}],"curies":[{"name":"wp","href":"https:\/\/api.w.org\/{rel}","templated":true}]}}