{"id":88538,"date":"2021-02-21T21:03:18","date_gmt":"2021-02-21T21:03:18","guid":{"rendered":"https:\/\/www.autonvaraosahaku.fi\/?product=optimal-f8-4043-tukivarren-hela"},"modified":"2021-02-21T21:03:21","modified_gmt":"2021-02-21T21:03:21","slug":"optimal-f8-4043-tukivarren-hela","status":"publish","type":"product","link":"https:\/\/www.autonvaraosahaku.fi\/?product=optimal-f8-4043-tukivarren-hela","title":{"rendered":"OPTIMAL F8-4043 Tukivarren hela"},"content":{"rendered":"<p>Asennuspuoli: Molemminpuolin, Etuakseli; Korkeus (mm): 44; Sis\u00e4l\u00e4pimitta [mm]: 10; Vaihdettava pareittain: ; Ulkol\u00e4pimitta 1 [mm]: 37; Ulkol\u00e4pimitta 2 [mm]: 54; Valmistusvuosi alkaen: 01\/1983; VW: PASSAT Variant 32B,PASSAT 32B,PASSAT Stufenheck 32B,SANTANA 32B; AUDI: 80 8C, B4,80 89, 89Q, 8A, B3,CABRIOLET 8G7, B4,80 Avant 8C, B4,COUPE 89, 8B,80 81, 85, B2,90 89, 89Q, 8A, B3,COUPE 81, 85,QUATTRO 85,90 81, 85, B2; 857407181, 8A0407181, 8A0407181<\/p>\n","protected":false},"excerpt":{"rendered":"<p>OPTIMAL Tukivarren Hela F8-4043  VW,AUDI,PASSAT Variant 32B,PASSAT 32B,PASSAT Stufenheck 32B,SANTANA 32B,80 8C, B4,80 89, 89Q, 8A, B3<\/p>\n","protected":false},"featured_media":0,"template":"","meta":{"site-sidebar-layout":"default","site-content-layout":"default","ast-global-header-display":"","ast-main-header-display":"","ast-hfb-above-header-display":"","ast-hfb-below-header-display":"","ast-hfb-mobile-header-display":"","site-post-title":"","ast-breadcrumbs-content":"","ast-featured-img":"","footer-sml-layout":"","theme-transparent-header-meta":"","adv-header-id-meta":"","stick-header-meta":"","header-above-stick-meta":"","header-main-stick-meta":"","header-below-stick-meta":""},"pwb-brand":[307],"product_cat":[115],"product_tag":[],"class_list":{"0":"post-88538","1":"product","2":"type-product","3":"status-publish","5":"pwb-brand-optimal","6":"product_cat-tukivarren-hela","7":"desktop-align-left","8":"tablet-align-left","9":"mobile-align-left","11":"first","12":"instock","13":"product-type-external"},"brands":[{"id":307,"name":"OPTIMAL","slug":"optimal"}],"_links":{"self":[{"href":"https:\/\/www.autonvaraosahaku.fi\/index.php?rest_route=\/wp\/v2\/product\/88538","targetHints":{"allow":["GET"]}}],"collection":[{"href":"https:\/\/www.autonvaraosahaku.fi\/index.php?rest_route=\/wp\/v2\/product"}],"about":[{"href":"https:\/\/www.autonvaraosahaku.fi\/index.php?rest_route=\/wp\/v2\/types\/product"}],"wp:attachment":[{"href":"https:\/\/www.autonvaraosahaku.fi\/index.php?rest_route=%2Fwp%2Fv2%2Fmedia&parent=88538"}],"wp:term":[{"taxonomy":"pwb-brand","embeddable":true,"href":"https:\/\/www.autonvaraosahaku.fi\/index.php?rest_route=%2Fwp%2Fv2%2Fpwb-brand&post=88538"},{"taxonomy":"product_cat","embeddable":true,"href":"https:\/\/www.autonvaraosahaku.fi\/index.php?rest_route=%2Fwp%2Fv2%2Fproduct_cat&post=88538"},{"taxonomy":"product_tag","embeddable":true,"href":"https:\/\/www.autonvaraosahaku.fi\/index.php?rest_route=%2Fwp%2Fv2%2Fproduct_tag&post=88538"}],"curies":[{"name":"wp","href":"https:\/\/api.w.org\/{rel}","templated":true}]}}