{"id":88547,"date":"2021-02-21T21:03:18","date_gmt":"2021-02-21T21:03:18","guid":{"rendered":"https:\/\/www.autonvaraosahaku.fi\/?product=alkar-6125307-sivupeilit"},"modified":"2021-02-21T21:03:25","modified_gmt":"2021-02-21T21:03:25","slug":"alkar-6125307-sivupeilit","status":"publish","type":"product","link":"https:\/\/www.autonvaraosahaku.fi\/?product=alkar-6125307-sivupeilit","title":{"rendered":"ALKAR 6125307 Sivupeilit"},"content":{"rendered":"<p>Asennuspuoli: Vasen; Laatu: ALKAR; K\u00e4ytt\u00f6: S\u00e4hk\u00f6inen; Vasen \/ oikea liikenne: Ohjaus vasemmalla; Pinta: Pohjustettu; Liittimi\u00e4: 5; Ulko-\/sis\u00e4peili: L\u00e4mmitetty, Asf\u00e4\u00e4rinen; PEUGEOT: 307 SW 3H,307 3A\/C,307 Break 3E; 8149AW; Ulkopeilit,Ulkopeili<\/p>\n","protected":false},"excerpt":{"rendered":"<p>ALKAR Sivupeilit 6125307 Ulkopeilit,Ulkopeili PEUGEOT,307 SW 3H,307 3A\/C,307 Break 3E<\/p>\n","protected":false},"featured_media":0,"template":"","meta":{"site-sidebar-layout":"default","site-content-layout":"default","ast-global-header-display":"","ast-main-header-display":"","ast-hfb-above-header-display":"","ast-hfb-below-header-display":"","ast-hfb-mobile-header-display":"","site-post-title":"","ast-breadcrumbs-content":"","ast-featured-img":"","footer-sml-layout":"","theme-transparent-header-meta":"","adv-header-id-meta":"","stick-header-meta":"","header-above-stick-meta":"","header-main-stick-meta":"","header-below-stick-meta":""},"pwb-brand":[320],"product_cat":[220],"product_tag":[],"class_list":{"0":"post-88547","1":"product","2":"type-product","3":"status-publish","5":"pwb-brand-alkar","6":"product_cat-sivupeilit","7":"desktop-align-left","8":"tablet-align-left","9":"mobile-align-left","11":"first","12":"instock","13":"product-type-external"},"brands":[{"id":320,"name":"ALKAR","slug":"alkar"}],"_links":{"self":[{"href":"https:\/\/www.autonvaraosahaku.fi\/index.php?rest_route=\/wp\/v2\/product\/88547","targetHints":{"allow":["GET"]}}],"collection":[{"href":"https:\/\/www.autonvaraosahaku.fi\/index.php?rest_route=\/wp\/v2\/product"}],"about":[{"href":"https:\/\/www.autonvaraosahaku.fi\/index.php?rest_route=\/wp\/v2\/types\/product"}],"wp:attachment":[{"href":"https:\/\/www.autonvaraosahaku.fi\/index.php?rest_route=%2Fwp%2Fv2%2Fmedia&parent=88547"}],"wp:term":[{"taxonomy":"pwb-brand","embeddable":true,"href":"https:\/\/www.autonvaraosahaku.fi\/index.php?rest_route=%2Fwp%2Fv2%2Fpwb-brand&post=88547"},{"taxonomy":"product_cat","embeddable":true,"href":"https:\/\/www.autonvaraosahaku.fi\/index.php?rest_route=%2Fwp%2Fv2%2Fproduct_cat&post=88547"},{"taxonomy":"product_tag","embeddable":true,"href":"https:\/\/www.autonvaraosahaku.fi\/index.php?rest_route=%2Fwp%2Fv2%2Fproduct_tag&post=88547"}],"curies":[{"name":"wp","href":"https:\/\/api.w.org\/{rel}","templated":true}]}}