{"id":88550,"date":"2021-02-21T21:03:28","date_gmt":"2021-02-21T21:03:28","guid":{"rendered":"https:\/\/www.autonvaraosahaku.fi\/?product=a-b-s-37388-jarrupalat"},"modified":"2021-02-21T21:03:29","modified_gmt":"2021-02-21T21:03:29","slug":"a-b-s-37388-jarrupalat","status":"publish","type":"product","link":"https:\/\/www.autonvaraosahaku.fi\/?product=a-b-s-37388-jarrupalat","title":{"rendered":"A.B.S. 37388 Jarrupalat"},"content":{"rendered":"<p>Leveys 1 (mm): 109,7; Korkeus 1 (mm): 69,3; Paksuus 1 [mm]: 15; Jarruj\u00e4rjestelm\u00e4: BREMBO; Kulumisenilmaisimen liitos: ilman kulumisanturia; Paino [kg]: 1,51; M\u00e4\u00e4r\u00e4yksikk\u00f6: Akselisarja; Asennuspuoli: Hinterachse; JEEP: GRAND CHEROKEE III WH, WK,GRAND CHEROKEE IV WK, WK2; CHRYSLER: 300 C Touring LX,300 C LX,300 C; JAGUAR: S-TYPE CCX,XJ X350, X358,XJ NAW, NBW,XK 8 Convertible QDV,XK 8 Coupe QEV; VOLVO: V70 II SW,S60 I; CITRO\u00cbN: DS3,DS3 Cabriolet; PEUGEOT: 208; DS: DS 3,DS 3 Cabriolet; DE TOMASO: PANTERA; DAIMLER: DAIMLER XJ X30_; 5174327AA, 5174327AB, 5174327AC, 68003610AB, 68034993AA, 68144223AA, 1619607480, 4254C6, JLM21282, MXD2750AA, C2C24016, C2C8361, JLM21282, MXD2750AA, 68003610AA, 68003610AB, 68034993AA, 68144432AA, 1619607480, 4254C6, 6KL698151, 306451360, 30665552, 306832740, 30683858, 306838580; Jarrupalasarja,Jarrupala, Levyjarru<\/p>\n","protected":false},"excerpt":{"rendered":"<p>A.B.S. Jarrupalat 37388 Jarrupalasarja,Jarrupala, Levyjarru JEEP,CHRYSLER,JAGUAR,GRAND CHEROKEE III WH, WK,GRAND CHEROKEE IV WK, WK2,300 C Touring LX<\/p>\n","protected":false},"featured_media":0,"template":"","meta":{"site-sidebar-layout":"default","site-content-layout":"default","ast-global-header-display":"","ast-main-header-display":"","ast-hfb-above-header-display":"","ast-hfb-below-header-display":"","ast-hfb-mobile-header-display":"","site-post-title":"","ast-breadcrumbs-content":"","ast-featured-img":"","footer-sml-layout":"","theme-transparent-header-meta":"","adv-header-id-meta":"","stick-header-meta":"","header-above-stick-meta":"","header-main-stick-meta":"","header-below-stick-meta":""},"pwb-brand":[326],"product_cat":[100],"product_tag":[],"class_list":{"0":"post-88550","1":"product","2":"type-product","3":"status-publish","5":"pwb-brand-a-b-s","6":"product_cat-jarrupalat","7":"desktop-align-left","8":"tablet-align-left","9":"mobile-align-left","11":"first","12":"instock","13":"product-type-external"},"brands":[{"id":326,"name":"A.B.S.","slug":"a-b-s"}],"_links":{"self":[{"href":"https:\/\/www.autonvaraosahaku.fi\/index.php?rest_route=\/wp\/v2\/product\/88550","targetHints":{"allow":["GET"]}}],"collection":[{"href":"https:\/\/www.autonvaraosahaku.fi\/index.php?rest_route=\/wp\/v2\/product"}],"about":[{"href":"https:\/\/www.autonvaraosahaku.fi\/index.php?rest_route=\/wp\/v2\/types\/product"}],"wp:attachment":[{"href":"https:\/\/www.autonvaraosahaku.fi\/index.php?rest_route=%2Fwp%2Fv2%2Fmedia&parent=88550"}],"wp:term":[{"taxonomy":"pwb-brand","embeddable":true,"href":"https:\/\/www.autonvaraosahaku.fi\/index.php?rest_route=%2Fwp%2Fv2%2Fpwb-brand&post=88550"},{"taxonomy":"product_cat","embeddable":true,"href":"https:\/\/www.autonvaraosahaku.fi\/index.php?rest_route=%2Fwp%2Fv2%2Fproduct_cat&post=88550"},{"taxonomy":"product_tag","embeddable":true,"href":"https:\/\/www.autonvaraosahaku.fi\/index.php?rest_route=%2Fwp%2Fv2%2Fproduct_tag&post=88550"}],"curies":[{"name":"wp","href":"https:\/\/api.w.org\/{rel}","templated":true}]}}