{"id":88552,"date":"2021-02-21T21:03:28","date_gmt":"2021-02-21T21:03:28","guid":{"rendered":"https:\/\/www.autonvaraosahaku.fi\/?product=ajusa-81017500-kannen-pultit"},"modified":"2021-02-21T21:03:30","modified_gmt":"2021-02-21T21:03:30","slug":"ajusa-81017500-kannen-pultit","status":"publish","type":"product","link":"https:\/\/www.autonvaraosahaku.fi\/?product=ajusa-81017500-kannen-pultit","title":{"rendered":"AJUSA 81017500 Kannen pultit"},"content":{"rendered":"<p>Kierremitta: M11; Kierrenousu (mm): 1,25; Pituus (mm): 105; Ruuvikanta\/mutteriprofiili: Torx, sis\u00e4; M\u00e4\u00e4r\u00e4: 10; Paino [g]: 912; Moottorinumerosta: 14137012; CHEVROLET: CAPTIVA C100, C140,EPICA KL1_,REZZO,EVANDA,LACETTI Stufenheck; DAEWOO: REZZO KLAU,EVANDA KLAL,LACETTI Schr\u00e4gheck KLAN,NUBIRA Stufenheck KLAN,NUBIRA Wagon KLAN,NUBIRA Wagon KLAJ,LEGANZA KLAV,NUBIRA Stufenheck KLAJ,NUBIRA KLAJ,LACETTI Stufenheck J200,LACETTI J150  Stufenheck,TOSCA,NUBIRA J150,NUBIRA Stufenheck J150,NUBIRA Kombi J150; OPEL: ZAFIRA B A05,ASTRA H Caravan L35,ZAFIRA A F75_,ASTRA G CC F48_, F08_,ASTRA H L48,ASTRA G Caravan F35_,ASTRA H GTC L08,VECTRA B 36_,ASTRA F CC 53_, 54_, 58_, 59_,OMEGA B Caravan 21_, 22_, 23_,OMEGA B 25_, 26_, 27_,ANTARA,VECTRA B Caravan 31_,ASTRA H TwinTop L67,ASTRA G Cabriolet F67,ASTRA F Caravan 51_, 52_,FRONTERA B 6B_,ASTRA G Coupe F07_,ASTRA G Stufenheck F69_,ZAFIRA B Van,CALIBRA A 85_,VECTRA B CC 38_,VECTRA A 86_, 87_,ASTRA F Cabriolet 53_B,ASTRA F 56_, 57_,KADETT E CC 33_, 34_, 43_, 44_,SINTRA,FRONTERA A 5_MWL4,VECTRA A CC 88_, 89_,KADETT E Cabriolet 43B_,SPEEDSTER; CATERHAM: SEVEN CF; CADILLAC: BLS,BLS Wagon; LOTUS: EUROPA S; VAUXHALL: CALIBRA,ZAFIRA Mk II B M75,ASTRA Mk V H CC,ZAFIRA Mk I A F75,ASTRA Mk V H Estate,ASTRA Mk V H Convertible,ASTRA Mk IV G CC,ANTARA J26, H26,ASTRA Mk III F CC,FRONTERA Mk II B,ASTRA Mk IV G Sedan,OMEGA B,ASTRA Mk II CC,VECTRA B CC,FRONTERA Mk I A,CAVALIER Mk III 87,VX220,VECTRA B Estate,VECTRA B,ASTRA Mk III F Estate,ASTRA Mk IV G Coupe F67,CAVALIER Mk III CC,OMEGA B Estate,ASTRA Mk IV G Convertible; 607256&#215;10; Sylinterikannen Pultit,Syl.Kannen Pulttisarja<\/p>\n","protected":false},"excerpt":{"rendered":"<p>AJUSA Kannen Pultit 81017500 Sylinterikannen Pultit,Syl.Kannen Pulttisarja CHEVROLET,DAEWOO,OPEL,CAPTIVA C100, C140,EPICA KL1_,REZZO,EVANDA<\/p>\n","protected":false},"featured_media":0,"template":"","meta":{"site-sidebar-layout":"default","site-content-layout":"default","ast-global-header-display":"","ast-main-header-display":"","ast-hfb-above-header-display":"","ast-hfb-below-header-display":"","ast-hfb-mobile-header-display":"","site-post-title":"","ast-breadcrumbs-content":"","ast-featured-img":"","footer-sml-layout":"","theme-transparent-header-meta":"","adv-header-id-meta":"","stick-header-meta":"","header-above-stick-meta":"","header-main-stick-meta":"","header-below-stick-meta":""},"pwb-brand":[211],"product_cat":[67],"product_tag":[],"class_list":{"0":"post-88552","1":"product","2":"type-product","3":"status-publish","5":"pwb-brand-ajusa","6":"product_cat-kannen-pultit","7":"desktop-align-left","8":"tablet-align-left","9":"mobile-align-left","11":"first","12":"instock","13":"product-type-external"},"brands":[{"id":211,"name":"AJUSA","slug":"ajusa"}],"_links":{"self":[{"href":"https:\/\/www.autonvaraosahaku.fi\/index.php?rest_route=\/wp\/v2\/product\/88552","targetHints":{"allow":["GET"]}}],"collection":[{"href":"https:\/\/www.autonvaraosahaku.fi\/index.php?rest_route=\/wp\/v2\/product"}],"about":[{"href":"https:\/\/www.autonvaraosahaku.fi\/index.php?rest_route=\/wp\/v2\/types\/product"}],"wp:attachment":[{"href":"https:\/\/www.autonvaraosahaku.fi\/index.php?rest_route=%2Fwp%2Fv2%2Fmedia&parent=88552"}],"wp:term":[{"taxonomy":"pwb-brand","embeddable":true,"href":"https:\/\/www.autonvaraosahaku.fi\/index.php?rest_route=%2Fwp%2Fv2%2Fpwb-brand&post=88552"},{"taxonomy":"product_cat","embeddable":true,"href":"https:\/\/www.autonvaraosahaku.fi\/index.php?rest_route=%2Fwp%2Fv2%2Fproduct_cat&post=88552"},{"taxonomy":"product_tag","embeddable":true,"href":"https:\/\/www.autonvaraosahaku.fi\/index.php?rest_route=%2Fwp%2Fv2%2Fproduct_tag&post=88552"}],"curies":[{"name":"wp","href":"https:\/\/api.w.org\/{rel}","templated":true}]}}