{"id":88567,"date":"2021-02-21T21:03:28","date_gmt":"2021-02-21T21:03:28","guid":{"rendered":"https:\/\/www.autonvaraosahaku.fi\/?product=eurotec-12060794-laturi"},"modified":"2021-02-21T21:03:39","modified_gmt":"2021-02-21T21:03:39","slug":"eurotec-12060794-laturi","status":"publish","type":"product","link":"https:\/\/www.autonvaraosahaku.fi\/?product=eurotec-12060794-laturi","title":{"rendered":"EUROTEC 12060794 Laturi"},"content":{"rendered":"<p>J\u00e4nnite (V): 14; Laturi varausvirta (A): 120; kiiloja: 6; Hihnapy\u00f6r\u00e4-\u00d8[mm]: 60; Hihnapy\u00f6r\u00e4t: V\u00e4lihihnapy\u00f6r\u00e4ll\u00e4; Moottorinumero: D4EA; KIA: SPORTAGE JE_, KM_,CARENS II FJ,CERATO LD,CERATO Stufenheck LD; HYUNDAI: TUCSON JM,SANTA F\u00c9 I SM,SANTA F\u00c9 II CM,TRAJET FO,SONATA V NF,ELANTRA XD,ELANTRA Stufenheck XD; 3730027010, 3730027031, 021319111, 021319112, 021319113, 021319311, 3730027011, 3730027012, 3730027013, 3730027030; Generaattori<\/p>\n","protected":false},"excerpt":{"rendered":"<p>EUROTEC Laturi 12060794 Generaattori KIA,HYUNDAI,SPORTAGE JE_, KM_,CARENS II FJ,CERATO LD,CERATO Stufenheck LD,TUCSON JM,SANTA F\u00c9 I SM,SANTA F\u00c9 II CM<\/p>\n","protected":false},"featured_media":0,"template":"","meta":{"site-sidebar-layout":"default","site-content-layout":"default","ast-global-header-display":"","ast-main-header-display":"","ast-hfb-above-header-display":"","ast-hfb-below-header-display":"","ast-hfb-mobile-header-display":"","site-post-title":"","ast-breadcrumbs-content":"","ast-featured-img":"","footer-sml-layout":"","theme-transparent-header-meta":"","adv-header-id-meta":"","stick-header-meta":"","header-above-stick-meta":"","header-main-stick-meta":"","header-below-stick-meta":""},"pwb-brand":[576],"product_cat":[357],"product_tag":[],"class_list":{"0":"post-88567","1":"product","2":"type-product","3":"status-publish","5":"pwb-brand-eurotec","6":"product_cat-laturi","7":"desktop-align-left","8":"tablet-align-left","9":"mobile-align-left","11":"first","12":"instock","13":"product-type-external"},"brands":[{"id":576,"name":"EUROTEC","slug":"eurotec"}],"_links":{"self":[{"href":"https:\/\/www.autonvaraosahaku.fi\/index.php?rest_route=\/wp\/v2\/product\/88567","targetHints":{"allow":["GET"]}}],"collection":[{"href":"https:\/\/www.autonvaraosahaku.fi\/index.php?rest_route=\/wp\/v2\/product"}],"about":[{"href":"https:\/\/www.autonvaraosahaku.fi\/index.php?rest_route=\/wp\/v2\/types\/product"}],"wp:attachment":[{"href":"https:\/\/www.autonvaraosahaku.fi\/index.php?rest_route=%2Fwp%2Fv2%2Fmedia&parent=88567"}],"wp:term":[{"taxonomy":"pwb-brand","embeddable":true,"href":"https:\/\/www.autonvaraosahaku.fi\/index.php?rest_route=%2Fwp%2Fv2%2Fpwb-brand&post=88567"},{"taxonomy":"product_cat","embeddable":true,"href":"https:\/\/www.autonvaraosahaku.fi\/index.php?rest_route=%2Fwp%2Fv2%2Fproduct_cat&post=88567"},{"taxonomy":"product_tag","embeddable":true,"href":"https:\/\/www.autonvaraosahaku.fi\/index.php?rest_route=%2Fwp%2Fv2%2Fproduct_tag&post=88567"}],"curies":[{"name":"wp","href":"https:\/\/api.w.org\/{rel}","templated":true}]}}