{"id":88572,"date":"2021-02-21T21:03:41","date_gmt":"2021-02-21T21:03:41","guid":{"rendered":"https:\/\/www.autonvaraosahaku.fi\/?product=eurotec-12046240-laturi"},"modified":"2021-02-21T21:03:43","modified_gmt":"2021-02-21T21:03:43","slug":"eurotec-12046240-laturi","status":"publish","type":"product","link":"https:\/\/www.autonvaraosahaku.fi\/?product=eurotec-12046240-laturi","title":{"rendered":"EUROTEC 12046240 Laturi"},"content":{"rendered":"<p>J\u00e4nnite (V): 14; Laturi varausvirta (A): 150; kiiloja: 6; Hihnapy\u00f6r\u00e4-\u00d8[mm]: 54; Hihnapy\u00f6r\u00e4t: V\u00e4lihihnapy\u00f6r\u00e4ll\u00e4; Laatu: AA; LANCIA: PHEDRA 179; FIAT: DUCATO Kasten 244,DUCATO Pritsche\/Fahrgestell 244,SCUDO 270_,ULYSSE 179AX,DUCATO Bus 244, Z_,SCUDO Kasten 270_,SCUDO Kasten 220L,SCUDO Combinato 220P,SCUDO Pritsche\/Fahrgestell 270_; CITRO\u00cbN: BERLINGO MF,XSARA PICASSO N68,C2 JM_,C3 I FC_,BERLINGO B9,C5 III Break TD_,C4 Picasso I UD_,C4 Grand Picasso I UA_,C8 EA_, EB_,C4 I LC_,BERLINGO Kasten M_,C5 II Break RE_,C3 Picasso,C5 I DC_,C5 I Break DE_,C5 III RD_,C4 Coupe LA_,C3 Pluriel HB_,C5 II RC_,JUMPY,BERLINGO Kasten B9,JUMPY Kasten,C4 Stufenheck L,JUMPY U6U,JUMPY Kasten BS_, BT_, BY_, BZ_,C2 ENTERPRISE,JUMPY Pritsche\/Fahrgestell BU_, BV_, BW_, BX_; PEUGEOT: 206 Schr\u00e4gheck 2A\/C,206 CC 2D,207 WA_, WC_,307 SW 3H,207 CC WD_,307 CC 3B,407 SW 6E_,307 3A\/C,207 SW WK_,308 SW,206 SW 2E\/K,807 E,206+ T3E,308 4A_, 4C_,5008,307 Break 3E,607 9D, 9U,407 6D_,3008,406 Break 8E\/F,PARTNER Tepee,308 CC,1007 KM_,PARTNER Combispace 5F,PARTNER Kasten 5,406 Coupe 8C,406 8B,407 Coupe 6C_,EXPERT Tepee VF3V_,EXPERT Kasten VF3A_, VF3U_, VF3X_,PARTNER Kasten,EXPERT Kasten 222,206 Stufenheck,EXPERT 224,207 Van,EXPERT Pritsche\/Fahrgestell; 5702C2, 5702E3, 5705AG, 5705AR, 5705AS, 5705EY, 5705NH, 96460654, 9646321780A, 96463218, 9646321880, 96665617780, 111474, 71732307, 71733552, 71783849, 71783850, 71783851, 71784025, 71786198, 71794294, 7794970, 9644037180, 9644103580, 9646065480, 9650358580, 5702C2, 5702E2, 5705AG, 5705AR, 9646065480, 9646065488, 9646321780; Generaattori<\/p>\n","protected":false},"excerpt":{"rendered":"<p>EUROTEC Laturi 12046240 Generaattori LANCIA,FIAT,CITRO\u00cbN,PHEDRA 179,DUCATO Kasten 244,DUCATO Pritsche\/Fahrgestell 244,SCUDO 270_,ULYSSE 179AX<\/p>\n","protected":false},"featured_media":0,"template":"","meta":{"site-sidebar-layout":"default","site-content-layout":"default","ast-global-header-display":"","ast-main-header-display":"","ast-hfb-above-header-display":"","ast-hfb-below-header-display":"","ast-hfb-mobile-header-display":"","site-post-title":"","ast-breadcrumbs-content":"","ast-featured-img":"","footer-sml-layout":"","theme-transparent-header-meta":"","adv-header-id-meta":"","stick-header-meta":"","header-above-stick-meta":"","header-main-stick-meta":"","header-below-stick-meta":""},"pwb-brand":[576],"product_cat":[357],"product_tag":[],"class_list":{"0":"post-88572","1":"product","2":"type-product","3":"status-publish","5":"pwb-brand-eurotec","6":"product_cat-laturi","7":"desktop-align-left","8":"tablet-align-left","9":"mobile-align-left","11":"first","12":"instock","13":"product-type-external"},"brands":[{"id":576,"name":"EUROTEC","slug":"eurotec"}],"_links":{"self":[{"href":"https:\/\/www.autonvaraosahaku.fi\/index.php?rest_route=\/wp\/v2\/product\/88572","targetHints":{"allow":["GET"]}}],"collection":[{"href":"https:\/\/www.autonvaraosahaku.fi\/index.php?rest_route=\/wp\/v2\/product"}],"about":[{"href":"https:\/\/www.autonvaraosahaku.fi\/index.php?rest_route=\/wp\/v2\/types\/product"}],"wp:attachment":[{"href":"https:\/\/www.autonvaraosahaku.fi\/index.php?rest_route=%2Fwp%2Fv2%2Fmedia&parent=88572"}],"wp:term":[{"taxonomy":"pwb-brand","embeddable":true,"href":"https:\/\/www.autonvaraosahaku.fi\/index.php?rest_route=%2Fwp%2Fv2%2Fpwb-brand&post=88572"},{"taxonomy":"product_cat","embeddable":true,"href":"https:\/\/www.autonvaraosahaku.fi\/index.php?rest_route=%2Fwp%2Fv2%2Fproduct_cat&post=88572"},{"taxonomy":"product_tag","embeddable":true,"href":"https:\/\/www.autonvaraosahaku.fi\/index.php?rest_route=%2Fwp%2Fv2%2Fproduct_tag&post=88572"}],"curies":[{"name":"wp","href":"https:\/\/api.w.org\/{rel}","templated":true}]}}