{"id":88574,"date":"2021-02-21T21:03:41","date_gmt":"2021-02-21T21:03:41","guid":{"rendered":"https:\/\/www.autonvaraosahaku.fi\/?product=a-b-s-37205-jarrupalat"},"modified":"2021-02-21T21:03:44","modified_gmt":"2021-02-21T21:03:44","slug":"a-b-s-37205-jarrupalat","status":"publish","type":"product","link":"https:\/\/www.autonvaraosahaku.fi\/?product=a-b-s-37205-jarrupalat","title":{"rendered":"A.B.S. 37205 Jarrupalat"},"content":{"rendered":"<p>Leveys 1 (mm): 131,6; Korkeus 1 (mm): 58,6; Paksuus 1 [mm]: 17,2; Jarruj\u00e4rjestelm\u00e4: LUCAS\/TRW; Valmistaja rajaus: SUMITOMO; Kulumisenilmaisimen liitos: ilman kulumisanturia; Paino [kg]: 1,58; M\u00e4\u00e4r\u00e4yksikk\u00f6: Akselisarja; Asennuspuoli: Vorderachse; NISSAN: ALMERA TINO V10,PRIMERA Kombi WP12,PRIMERA P12,PRIMERA Hatchback P12; HONDA: ACCORD VI CG, CK,ACCORD VI Hatchback CH; ROVER: 200 Hatchback XW; MG: MG ZR,MG ZS,MG ZS Hatchback,EXPRESS Kasten; 45022S1AE00, 45022S1AE02, 45022S1AE50, 45022S1AE51, GBP90346, SFP000070, SFP000370, 410604U125, 410604U126, 410604U127, 41060AV110, 41060AV125, 41060AV126, SFP000070, SFP000370; Jarrupalasarja,Jarrupala, Levyjarru<\/p>\n","protected":false},"excerpt":{"rendered":"<p>A.B.S. Jarrupalat 37205 Jarrupalasarja,Jarrupala, Levyjarru NISSAN,HONDA,ROVER,ALMERA TINO V10,PRIMERA Kombi WP12,PRIMERA P12,PRIMERA Hatchback P12<\/p>\n","protected":false},"featured_media":0,"template":"","meta":{"site-sidebar-layout":"default","site-content-layout":"default","ast-global-header-display":"","ast-main-header-display":"","ast-hfb-above-header-display":"","ast-hfb-below-header-display":"","ast-hfb-mobile-header-display":"","site-post-title":"","ast-breadcrumbs-content":"","ast-featured-img":"","footer-sml-layout":"","theme-transparent-header-meta":"","adv-header-id-meta":"","stick-header-meta":"","header-above-stick-meta":"","header-main-stick-meta":"","header-below-stick-meta":""},"pwb-brand":[326],"product_cat":[100],"product_tag":[],"class_list":{"0":"post-88574","1":"product","2":"type-product","3":"status-publish","5":"pwb-brand-a-b-s","6":"product_cat-jarrupalat","7":"desktop-align-left","8":"tablet-align-left","9":"mobile-align-left","11":"first","12":"instock","13":"product-type-external"},"brands":[{"id":326,"name":"A.B.S.","slug":"a-b-s"}],"_links":{"self":[{"href":"https:\/\/www.autonvaraosahaku.fi\/index.php?rest_route=\/wp\/v2\/product\/88574","targetHints":{"allow":["GET"]}}],"collection":[{"href":"https:\/\/www.autonvaraosahaku.fi\/index.php?rest_route=\/wp\/v2\/product"}],"about":[{"href":"https:\/\/www.autonvaraosahaku.fi\/index.php?rest_route=\/wp\/v2\/types\/product"}],"wp:attachment":[{"href":"https:\/\/www.autonvaraosahaku.fi\/index.php?rest_route=%2Fwp%2Fv2%2Fmedia&parent=88574"}],"wp:term":[{"taxonomy":"pwb-brand","embeddable":true,"href":"https:\/\/www.autonvaraosahaku.fi\/index.php?rest_route=%2Fwp%2Fv2%2Fpwb-brand&post=88574"},{"taxonomy":"product_cat","embeddable":true,"href":"https:\/\/www.autonvaraosahaku.fi\/index.php?rest_route=%2Fwp%2Fv2%2Fproduct_cat&post=88574"},{"taxonomy":"product_tag","embeddable":true,"href":"https:\/\/www.autonvaraosahaku.fi\/index.php?rest_route=%2Fwp%2Fv2%2Fproduct_tag&post=88574"}],"curies":[{"name":"wp","href":"https:\/\/api.w.org\/{rel}","templated":true}]}}