{"id":88589,"date":"2021-02-21T21:03:41","date_gmt":"2021-02-21T21:03:41","guid":{"rendered":"https:\/\/www.autonvaraosahaku.fi\/?product=ajusa-01292000-pakosarjan-tiivisteet"},"modified":"2021-02-21T21:03:53","modified_gmt":"2021-02-21T21:03:53","slug":"ajusa-01292000-pakosarjan-tiivisteet","status":"publish","type":"product","link":"https:\/\/www.autonvaraosahaku.fi\/?product=ajusa-01292000-pakosarjan-tiivisteet","title":{"rendered":"AJUSA 01292000 Pakosarjan tiivisteet"},"content":{"rendered":"<p>Asennuspuoli: Poistopuoli; Leveys (mm): 81; Korkeus (mm): 0,8; Tarvittava kappalem\u00e4\u00e4r\u00e4: 2; SUBARU: FORESTER SG,FORESTER SH,IMPREZA Stufenheck GD,LEGACY IV Station Wagon BL, BP, B13_,IMPREZA Schr\u00e4gheck GR, GH, G3,FORESTER SJ,IMPREZA Station Wagon GG,XV,IMPREZA Stufenheck GC,LEGACY IV BL, BP,LEGACY V Station Wagon BM, BR,OUTBACK BM, BR,BRZ,LEGACY V BM, BR,WRX Stufenheck GJ,OUTBACK BS; TOYOTA: GT 86 Coupe ZN6_; 44022AA131; Tiiviste, Pakoputki<\/p>\n","protected":false},"excerpt":{"rendered":"<p>AJUSA Pakoputken Tiiviste 01292000 Tiiviste, Pakoputki SUBARU,TOYOTA,FORESTER SG,FORESTER SH,IMPREZA Stufenheck GD<\/p>\n","protected":false},"featured_media":0,"template":"","meta":{"site-sidebar-layout":"default","site-content-layout":"default","ast-global-header-display":"","ast-main-header-display":"","ast-hfb-above-header-display":"","ast-hfb-below-header-display":"","ast-hfb-mobile-header-display":"","site-post-title":"","ast-breadcrumbs-content":"","ast-featured-img":"","footer-sml-layout":"","theme-transparent-header-meta":"","adv-header-id-meta":"","stick-header-meta":"","header-above-stick-meta":"","header-main-stick-meta":"","header-below-stick-meta":""},"pwb-brand":[211],"product_cat":[123],"product_tag":[],"class_list":{"0":"post-88589","1":"product","2":"type-product","3":"status-publish","5":"pwb-brand-ajusa","6":"product_cat-pakosarjan-tiivisteet","7":"desktop-align-left","8":"tablet-align-left","9":"mobile-align-left","11":"first","12":"instock","13":"product-type-external"},"brands":[{"id":211,"name":"AJUSA","slug":"ajusa"}],"_links":{"self":[{"href":"https:\/\/www.autonvaraosahaku.fi\/index.php?rest_route=\/wp\/v2\/product\/88589","targetHints":{"allow":["GET"]}}],"collection":[{"href":"https:\/\/www.autonvaraosahaku.fi\/index.php?rest_route=\/wp\/v2\/product"}],"about":[{"href":"https:\/\/www.autonvaraosahaku.fi\/index.php?rest_route=\/wp\/v2\/types\/product"}],"wp:attachment":[{"href":"https:\/\/www.autonvaraosahaku.fi\/index.php?rest_route=%2Fwp%2Fv2%2Fmedia&parent=88589"}],"wp:term":[{"taxonomy":"pwb-brand","embeddable":true,"href":"https:\/\/www.autonvaraosahaku.fi\/index.php?rest_route=%2Fwp%2Fv2%2Fpwb-brand&post=88589"},{"taxonomy":"product_cat","embeddable":true,"href":"https:\/\/www.autonvaraosahaku.fi\/index.php?rest_route=%2Fwp%2Fv2%2Fproduct_cat&post=88589"},{"taxonomy":"product_tag","embeddable":true,"href":"https:\/\/www.autonvaraosahaku.fi\/index.php?rest_route=%2Fwp%2Fv2%2Fproduct_tag&post=88589"}],"curies":[{"name":"wp","href":"https:\/\/api.w.org\/{rel}","templated":true}]}}