{"id":88590,"date":"2021-02-21T21:03:55","date_gmt":"2021-02-21T21:03:55","guid":{"rendered":"https:\/\/www.autonvaraosahaku.fi\/?product=a-b-s-36893-jarrupalat"},"modified":"2021-02-21T21:03:55","modified_gmt":"2021-02-21T21:03:55","slug":"a-b-s-36893-jarrupalat","status":"publish","type":"product","link":"https:\/\/www.autonvaraosahaku.fi\/?product=a-b-s-36893-jarrupalat","title":{"rendered":"A.B.S. 36893 Jarrupalat"},"content":{"rendered":"<p>Leveys 1 (mm): 156,3; Korkeus 1 (mm): 52,6; Paksuus 1 [mm]: 17,5; Jarruj\u00e4rjestelm\u00e4: ATE; Varoittimen pituus [mm]: 220; Kulumisenilmaisimen liitos: kulumisanturilla; Kulumisvaroittimia [pro Achse]: 2; Paino [kg]: 1,48; M\u00e4\u00e4r\u00e4yksikk\u00f6: Akselisarja; Asennuspuoli: Vorderachse; LANCIA: DELTA II 836,DEDRA 835,DEDRA SW 835; ALFA ROMEO: 145 930,146 930; FIAT: PUNTO 188,BARCHETTA 183,PUNTO 176,PUNTO Van 188AX,BRAVO I 182,BRAVA 182,MAREA Weekend 185,MAREA 185; 77362186, 9951067, 9951243, 71753041, 71753042, 71770952, 71772523, 77362090, 77362186, 77362316, 9947124, 9947630, 9948222, 9949048, 77362186, 9947124, 9947630, 9949048; Jarrupalasarja,Jarrupala, Levyjarru<\/p>\n","protected":false},"excerpt":{"rendered":"<p>A.B.S. Jarrupalat 36893 Jarrupalasarja,Jarrupala, Levyjarru LANCIA,ALFA ROMEO,FIAT,DELTA II 836,DEDRA 835,DEDRA SW 835,145 930,146 930,PUNTO 188<\/p>\n","protected":false},"featured_media":0,"template":"","meta":{"site-sidebar-layout":"default","site-content-layout":"default","ast-global-header-display":"","ast-main-header-display":"","ast-hfb-above-header-display":"","ast-hfb-below-header-display":"","ast-hfb-mobile-header-display":"","site-post-title":"","ast-breadcrumbs-content":"","ast-featured-img":"","footer-sml-layout":"","theme-transparent-header-meta":"","adv-header-id-meta":"","stick-header-meta":"","header-above-stick-meta":"","header-main-stick-meta":"","header-below-stick-meta":""},"pwb-brand":[326],"product_cat":[100],"product_tag":[],"class_list":{"0":"post-88590","1":"product","2":"type-product","3":"status-publish","5":"pwb-brand-a-b-s","6":"product_cat-jarrupalat","7":"desktop-align-left","8":"tablet-align-left","9":"mobile-align-left","11":"first","12":"instock","13":"product-type-external"},"brands":[{"id":326,"name":"A.B.S.","slug":"a-b-s"}],"_links":{"self":[{"href":"https:\/\/www.autonvaraosahaku.fi\/index.php?rest_route=\/wp\/v2\/product\/88590","targetHints":{"allow":["GET"]}}],"collection":[{"href":"https:\/\/www.autonvaraosahaku.fi\/index.php?rest_route=\/wp\/v2\/product"}],"about":[{"href":"https:\/\/www.autonvaraosahaku.fi\/index.php?rest_route=\/wp\/v2\/types\/product"}],"wp:attachment":[{"href":"https:\/\/www.autonvaraosahaku.fi\/index.php?rest_route=%2Fwp%2Fv2%2Fmedia&parent=88590"}],"wp:term":[{"taxonomy":"pwb-brand","embeddable":true,"href":"https:\/\/www.autonvaraosahaku.fi\/index.php?rest_route=%2Fwp%2Fv2%2Fpwb-brand&post=88590"},{"taxonomy":"product_cat","embeddable":true,"href":"https:\/\/www.autonvaraosahaku.fi\/index.php?rest_route=%2Fwp%2Fv2%2Fproduct_cat&post=88590"},{"taxonomy":"product_tag","embeddable":true,"href":"https:\/\/www.autonvaraosahaku.fi\/index.php?rest_route=%2Fwp%2Fv2%2Fproduct_tag&post=88590"}],"curies":[{"name":"wp","href":"https:\/\/api.w.org\/{rel}","templated":true}]}}