{"id":88595,"date":"2021-02-21T21:03:55","date_gmt":"2021-02-21T21:03:55","guid":{"rendered":"https:\/\/www.autonvaraosahaku.fi\/?product=vemo-v20-73-0031-lasinnostimen-kytkin"},"modified":"2021-02-21T21:03:58","modified_gmt":"2021-02-21T21:03:58","slug":"vemo-v20-73-0031-lasinnostimen-kytkin","status":"publish","type":"product","link":"https:\/\/www.autonvaraosahaku.fi\/?product=vemo-v20-73-0031-lasinnostimen-kytkin","title":{"rendered":"VEMO V20-73-0031 Lasinnostimen kytkin"},"content":{"rendered":"<p>Pituus (mm): 35; Leveys (mm): 19; Korkeus (mm): 37; Paino [kg]: 0,014; V\u00e4ri: Vihre\u00e4; Napojen m\u00e4\u00e4r\u00e4: 4; Pakkausleveys [cm]: 4; Pakkauskorkeus [mm]: 6,7; Pakkaussyvyys [cm]: 6,8; lis\u00e4tieto: Original VEMO Quality; Valmistusvuosi alkaen: 09\/1992; BMW: 3 Compact E36,3 E36,3 Coupe E36,Z3 E36,3 Cabriolet E36,3 Touring E36; 61318365300, 8365300; Kytkin, Lasinnostin<\/p>\n","protected":false},"excerpt":{"rendered":"<p>VEMO Lasinnostimen Kytkin V20-73-0031 Kytkin, Lasinnostin BMW,3 Compact E36,3 E36,3 Coupe E36,Z3 E36,3 Cabriolet E36,3 Touring E36<\/p>\n","protected":false},"featured_media":0,"template":"","meta":{"site-sidebar-layout":"default","site-content-layout":"default","ast-global-header-display":"","ast-main-header-display":"","ast-hfb-above-header-display":"","ast-hfb-below-header-display":"","ast-hfb-mobile-header-display":"","site-post-title":"","ast-breadcrumbs-content":"","ast-featured-img":"","footer-sml-layout":"","theme-transparent-header-meta":"","adv-header-id-meta":"","stick-header-meta":"","header-above-stick-meta":"","header-main-stick-meta":"","header-below-stick-meta":""},"pwb-brand":[168],"product_cat":[135],"product_tag":[],"class_list":{"0":"post-88595","1":"product","2":"type-product","3":"status-publish","5":"pwb-brand-vemo","6":"product_cat-lasinnostimen-kytkin","7":"desktop-align-left","8":"tablet-align-left","9":"mobile-align-left","11":"first","12":"instock","13":"product-type-external"},"brands":[{"id":168,"name":"VEMO","slug":"vemo"}],"_links":{"self":[{"href":"https:\/\/www.autonvaraosahaku.fi\/index.php?rest_route=\/wp\/v2\/product\/88595","targetHints":{"allow":["GET"]}}],"collection":[{"href":"https:\/\/www.autonvaraosahaku.fi\/index.php?rest_route=\/wp\/v2\/product"}],"about":[{"href":"https:\/\/www.autonvaraosahaku.fi\/index.php?rest_route=\/wp\/v2\/types\/product"}],"wp:attachment":[{"href":"https:\/\/www.autonvaraosahaku.fi\/index.php?rest_route=%2Fwp%2Fv2%2Fmedia&parent=88595"}],"wp:term":[{"taxonomy":"pwb-brand","embeddable":true,"href":"https:\/\/www.autonvaraosahaku.fi\/index.php?rest_route=%2Fwp%2Fv2%2Fpwb-brand&post=88595"},{"taxonomy":"product_cat","embeddable":true,"href":"https:\/\/www.autonvaraosahaku.fi\/index.php?rest_route=%2Fwp%2Fv2%2Fproduct_cat&post=88595"},{"taxonomy":"product_tag","embeddable":true,"href":"https:\/\/www.autonvaraosahaku.fi\/index.php?rest_route=%2Fwp%2Fv2%2Fproduct_tag&post=88595"}],"curies":[{"name":"wp","href":"https:\/\/api.w.org\/{rel}","templated":true}]}}