{"id":88597,"date":"2021-02-21T21:03:55","date_gmt":"2021-02-21T21:03:55","guid":{"rendered":"https:\/\/www.autonvaraosahaku.fi\/?product=calorstat-by-vernet-ws2677-jaahdytysnesteen-lampotila-anturi"},"modified":"2021-02-21T21:03:58","modified_gmt":"2021-02-21T21:03:58","slug":"calorstat-by-vernet-ws2677-jaahdytysnesteen-lampotila-anturi","status":"publish","type":"product","link":"https:\/\/www.autonvaraosahaku.fi\/?product=calorstat-by-vernet-ws2677-jaahdytysnesteen-lampotila-anturi","title":{"rendered":"CALORSTAT by Vernet WS2677 J\u00e4\u00e4hdytysnesteen l\u00e4mp\u00f6tila anturi"},"content":{"rendered":"<p>Kierremitta: 3\/8&#215;18 NPTF; TECDOC-moottorinumero: 1440; MAZDA: 2 DY,121 III JASM, JBSM; FORD USA: EXPLORER U2,WINDSTAR A3,EXPLORER UN46; VOLVO: V50 MW,S60 I,C30,S40 II MS; JAGUAR: S-TYPE CCX,XF _J05_, CC9,X-TYPE CF1,X-TYPE Estate,XJ X350, X358,XJ NAW, NBW,XK 8 Convertible QDV,XK 8 Coupe QEV,XJ X35_, _J12_, _J24_; FORD: FIESTA V JH_, JD_,FOCUS II Kombi DA_,FOCUS Kombi DNW,FOCUS II DA_,FOCUS DAW, DBW,GALAXY WGR,FOCUS C-MAX,FIESTA IV JA_, JB_,FUSION JU_,KA RB_,C-MAX DM2,FOCUS Stufenheck DFW,MONDEO II Kombi BNP,FIESTA III GFJ,TRANSIT Kasten FA_ _,FOCUS II Stufenheck DA_,TRANSIT Bus FD_ _, FB_ _, FS_ _, FZ_ _, FC_ _,FOCUS II Cabriolet,COUGAR EC_,MONDEO II BAP,PUMA EC_,TRANSIT Pritsche\/Fahrgestell FM_ _, FN_ _,ESCORT VII GAL, AAL, ABL,MONDEO II Stufenheck BFP,MONDEO I Kombi BNP,MONDEO I GBP,ESCORT VII Kombi GAL, ANL,TRANSIT  MK-5 Bus E_ _,ESCORT VII Cabriolet ALL,ESCORT VI GAL,SCORPIO II GFR, GGR,TRANSIT MK-5 Pritsche\/Fahrgestell E_ _,MONDEO I Stufenheck GBP,TRANSIT MK-5 Kasten E_ _,ESCORT &#8217;95 Express AVL,FIESTA Kasten J5_, J3_,SCORPIO II Kombi GNR, GGR,ESCORT VII Stufenheck GAL, AFL,FIESTA Kasten JV_,KA Van RB,ESCORT CLASSIC AAL, ABL,ESCORT CLASSIC Turnier ANL,FIESTA Kasten F3L, F5L,TRANSIT TOURNEO E_,FIESTA Kasten FVD,ORION III GAL; ASTON MARTIN: DB9 Vantage,VANTAGE Vantage,DB9 Volante,VANTAGE Volante; DAIMLER: DAIMLER XJ X30_; 3F1A12A648AB, LRA1600AA, XR832403, 1L2412A648BA, 3F1A12A648AA, 3F1A12A648AB, 3F1Z12A648A, 4323633, 4337456, 5042970, 5263219, 7158126, F5AF12A648AA, F5AF12A648AB, AJ810031, LRA1600AA, XR832403, XR858700, 4323633, 4337456, 1E0018510, C20118140Z01, GY0118840A, GY0118840B, GY0118840C, ZZM118707, 30711661, 30711661A; J\u00e4\u00e4hdytysnestel\u00e4mp\u00f6tilan Sensori<\/p>\n","protected":false},"excerpt":{"rendered":"<p>CALORSTAT by Vernet J\u00e4\u00e4hdytysnesteen L\u00e4mp\u00f6tila Anturi WS2677 J\u00e4\u00e4hdytysnestel\u00e4mp\u00f6tilan Sensori MAZDA,FORD USA,VOLVO,2 DY,121 III JASM, JBSM,EXPLORER U2<\/p>\n","protected":false},"featured_media":0,"template":"","meta":{"site-sidebar-layout":"default","site-content-layout":"default","ast-global-header-display":"","ast-main-header-display":"","ast-hfb-above-header-display":"","ast-hfb-below-header-display":"","ast-hfb-mobile-header-display":"","site-post-title":"","ast-breadcrumbs-content":"","ast-featured-img":"","footer-sml-layout":"","theme-transparent-header-meta":"","adv-header-id-meta":"","stick-header-meta":"","header-above-stick-meta":"","header-main-stick-meta":"","header-below-stick-meta":""},"pwb-brand":[343],"product_cat":[200],"product_tag":[],"class_list":{"0":"post-88597","1":"product","2":"type-product","3":"status-publish","5":"pwb-brand-calorstat-by-vernet","6":"product_cat-jaahdytysnesteen-lampotila-anturi","7":"desktop-align-left","8":"tablet-align-left","9":"mobile-align-left","11":"first","12":"instock","13":"product-type-external"},"brands":[{"id":343,"name":"CALORSTAT by Vernet","slug":"calorstat-by-vernet"}],"_links":{"self":[{"href":"https:\/\/www.autonvaraosahaku.fi\/index.php?rest_route=\/wp\/v2\/product\/88597","targetHints":{"allow":["GET"]}}],"collection":[{"href":"https:\/\/www.autonvaraosahaku.fi\/index.php?rest_route=\/wp\/v2\/product"}],"about":[{"href":"https:\/\/www.autonvaraosahaku.fi\/index.php?rest_route=\/wp\/v2\/types\/product"}],"wp:attachment":[{"href":"https:\/\/www.autonvaraosahaku.fi\/index.php?rest_route=%2Fwp%2Fv2%2Fmedia&parent=88597"}],"wp:term":[{"taxonomy":"pwb-brand","embeddable":true,"href":"https:\/\/www.autonvaraosahaku.fi\/index.php?rest_route=%2Fwp%2Fv2%2Fpwb-brand&post=88597"},{"taxonomy":"product_cat","embeddable":true,"href":"https:\/\/www.autonvaraosahaku.fi\/index.php?rest_route=%2Fwp%2Fv2%2Fproduct_cat&post=88597"},{"taxonomy":"product_tag","embeddable":true,"href":"https:\/\/www.autonvaraosahaku.fi\/index.php?rest_route=%2Fwp%2Fv2%2Fproduct_tag&post=88597"}],"curies":[{"name":"wp","href":"https:\/\/api.w.org\/{rel}","templated":true}]}}