{"id":88599,"date":"2021-02-21T21:03:55","date_gmt":"2021-02-21T21:03:55","guid":{"rendered":"https:\/\/www.autonvaraosahaku.fi\/?product=a-b-s-36072-jarrupalat"},"modified":"2021-02-21T21:03:59","modified_gmt":"2021-02-21T21:03:59","slug":"a-b-s-36072-jarrupalat","status":"publish","type":"product","link":"https:\/\/www.autonvaraosahaku.fi\/?product=a-b-s-36072-jarrupalat","title":{"rendered":"A.B.S. 36072 Jarrupalat"},"content":{"rendered":"<p>Leveys 1 (mm): 78,4; Korkeus 1 (mm): 59,5; Paksuus 1 [mm]: 14,5; Jarruj\u00e4rjestelm\u00e4: SUMITOMO; Kulumisenilmaisimen liitos: ilman kulumisanturia; Paino [kg]: 0,84; M\u00e4\u00e4r\u00e4yksikk\u00f6: Akselisarja; Asennuspuoli: Vorderachse; TOYOTA: COROLLA Station Wagon _E7_,COROLLA _E7_,COROLLA Liftback KE, TE,COROLLA Liftback _E7_; HYUNDAI: PONY,PONY Stufenheck X-1,PONY Wagon; DAIHATSU: CHARMANT A; MITSUBISHI: COLT I A15_A,GALANT I A12_,COLT LANCER Station Wagon A7_K,CELESTE A7_,COLT LANCER A7_,LANCER F II A17_,GALANT I Station Wagon A12_V; 0449112141, 0449112141000, 0449187117000, 5810311100, 5810311101, 5810321300, 5810321310, 5810321330, 5811511100, 037633625, 037649230, 037649230A, 037649280, 086633625, 086633625A, 086649230, 086649230A, 087033625, 087049230, 087049230A, 087049230B, 087049230C, 087049230D, 087049280, MB003968, MB003994, MB044689, MB058708, MB058709, MB082118, MB082119, MB193425, MB238889, MB316650, MB377818, 0446512360, 0449112090, 0449112091, 0449112140, 0449112141; Jarrupalasarja,Jarrupala, Levyjarru<\/p>\n","protected":false},"excerpt":{"rendered":"<p>A.B.S. Jarrupalat 36072 Jarrupalasarja,Jarrupala, Levyjarru TOYOTA,HYUNDAI,DAIHATSU,COROLLA Station Wagon _E7_,COROLLA _E7_,COROLLA Liftback KE, TE<\/p>\n","protected":false},"featured_media":0,"template":"","meta":{"site-sidebar-layout":"default","site-content-layout":"default","ast-global-header-display":"","ast-main-header-display":"","ast-hfb-above-header-display":"","ast-hfb-below-header-display":"","ast-hfb-mobile-header-display":"","site-post-title":"","ast-breadcrumbs-content":"","ast-featured-img":"","footer-sml-layout":"","theme-transparent-header-meta":"","adv-header-id-meta":"","stick-header-meta":"","header-above-stick-meta":"","header-main-stick-meta":"","header-below-stick-meta":""},"pwb-brand":[326],"product_cat":[100],"product_tag":[],"class_list":{"0":"post-88599","1":"product","2":"type-product","3":"status-publish","5":"pwb-brand-a-b-s","6":"product_cat-jarrupalat","7":"desktop-align-left","8":"tablet-align-left","9":"mobile-align-left","11":"first","12":"instock","13":"product-type-external"},"brands":[{"id":326,"name":"A.B.S.","slug":"a-b-s"}],"_links":{"self":[{"href":"https:\/\/www.autonvaraosahaku.fi\/index.php?rest_route=\/wp\/v2\/product\/88599","targetHints":{"allow":["GET"]}}],"collection":[{"href":"https:\/\/www.autonvaraosahaku.fi\/index.php?rest_route=\/wp\/v2\/product"}],"about":[{"href":"https:\/\/www.autonvaraosahaku.fi\/index.php?rest_route=\/wp\/v2\/types\/product"}],"wp:attachment":[{"href":"https:\/\/www.autonvaraosahaku.fi\/index.php?rest_route=%2Fwp%2Fv2%2Fmedia&parent=88599"}],"wp:term":[{"taxonomy":"pwb-brand","embeddable":true,"href":"https:\/\/www.autonvaraosahaku.fi\/index.php?rest_route=%2Fwp%2Fv2%2Fpwb-brand&post=88599"},{"taxonomy":"product_cat","embeddable":true,"href":"https:\/\/www.autonvaraosahaku.fi\/index.php?rest_route=%2Fwp%2Fv2%2Fproduct_cat&post=88599"},{"taxonomy":"product_tag","embeddable":true,"href":"https:\/\/www.autonvaraosahaku.fi\/index.php?rest_route=%2Fwp%2Fv2%2Fproduct_tag&post=88599"}],"curies":[{"name":"wp","href":"https:\/\/api.w.org\/{rel}","templated":true}]}}