{"id":88626,"date":"2021-02-21T21:04:04","date_gmt":"2021-02-21T21:04:04","guid":{"rendered":"https:\/\/www.autonvaraosahaku.fi\/?product=swag-62-93-6431-kierretulppa"},"modified":"2021-02-21T21:04:10","modified_gmt":"2021-02-21T21:04:10","slug":"swag-62-93-6431-kierretulppa","status":"publish","type":"product","link":"https:\/\/www.autonvaraosahaku.fi\/?product=swag-62-93-6431-kierretulppa","title":{"rendered":"SWAG 62 93 6431 Kierretulppa"},"content":{"rendered":"<p>Pituus (mm): 17; Ulkokierre [mm]: M10 x 1,25; Kierteen pituus (mm): 13; Laatu \/ luokka: 8.8; Avainv\u00e4li: 21; Ruuvikanta\/mutteriprofiili: Kuusioruuvi \/-mutteri; Materiaali: Ter\u00e4s; Pinta: Sinkitetty; Ruuvin pituus ilman p\u00e4\u00e4t\u00e4: 13; Paino [kg]: 0,15; Moottorinumero: DW10CTED4; OPEL: CROSSLAND X,GRANDLAND X A18; FORD: FIESTA V JH_, JD_,FOCUS II Kombi DA_,FIESTA VI,MONDEO IV Turnier BA7,FOCUS II DA_,S-MAX WA6,FOCUS III Turnier,FOCUS C-MAX,GALAXY WA6,FUSION JU_,C-MAX DM2,FOCUS III,C-MAX II,MONDEO IV BA7,GRAND C-MAX,FOCUS II Stufenheck DA_,ECOSPORT,FOCUS III Stufenheck,MONDEO IV Stufenheck BA7,FIESTA V Van,FIESTA VI Van,MONDEO V Turnier,GRAND C-MAX Van,MONDEO V Schr\u00e4gheck,C-MAX II Van,TOURNEO COURIER Kombi,TRANSIT COURIER Kasten,FOCUS III Kasten\/Schr\u00e4gheck,TRANSIT COURIER Kombi; PEUGEOT: 206 Schr\u00e4gheck 2A\/C,206 CC 2D,207 WA_, WC_,307 SW 3H,207 CC WD_,407 SW 6E_,307 3A\/C,207 SW WK_,107,308 SW,206 SW 2E\/K,208,807 E,206+ T3E,308 4A_, 4C_,5008,307 Break 3E,508 SW,306 Schr\u00e4gheck 7A, 7C, N3, N5,607 9D, 9U,407 6D_,3008,406 Break 8E\/F,PARTNER Tepee,RCZ,308 CC,1007 KM_,PARTNER Combispace 5F,4007 GP_,2008,PARTNER Kasten 5,306 Break 7E, N3, N5,406 8B,806 221,508,407 Coupe 6C_,EXPERT Tepee VF3V_,EXPERT Kasten VF3A_, VF3U_, VF3X_,306 7B, N3, N5,PARTNER Kasten,EXPERT Kasten 222,206 Stufenheck,BIPPER AA_,308 II,BIPPER Tepee,206 Van,EXPERT 224,4008,306 Van N_, 7_,301,EXPERT Pritsche\/Fahrgestell 223,308 SW II,207 Van,EXPERT Pritsche\/Fahrgestell,PARTNER Pritsche\/Fahrgestell,3008 SUV,306 Kasten\/Schr\u00e4gheck; TOYOTA: AYGO WNB1_, KGB1_; CITRO\u00cbN: C1 PM_, PN_,BERLINGO MF,XSARA PICASSO N68,C2 JM_,C3 I FC_,BERLINGO B9,C5 III Break TD_,C8 EA_, EB_,C4 I LC_,DS3,BERLINGO Kasten M_,C5 II Break RE_,C3 Picasso,C5 I DC_,C5 I Break DE_,C5 III RD_,C3 II,XSARA N1,C4 Coupe LA_,C3 Pluriel HB_,C4 II B7,C5 II RC_,C-CROSSER EP_,XSARA Break N2,JUMPY,BERLINGO Kasten B9,JUMPY Kasten,XANTIA X2,DS4,XSARA Coupe N0,NEMO Kasten AA_,DS5,EVASION 22, U6,C4 Stufenheck L,XANTIA Break X2,C4 AIRCROSS,NEMO Kombi,JUMPY U6U,JUMPY Kasten BS_, BT_, BY_, BZ_,C-CROSSER ENTERPRISE,DS3 Cabriolet,C2 ENTERPRISE,C15 VD-_,BERLINGO Pritsche\/Fahrgestell B9,JUMPY Pritsche\/Fahrgestell BU_, BV_, BW_, BX_,XSARA Kasten,C3 III SX,C3 AIRCROSS II,JUMPY Pritsche\/Fahrgestell,XSARA Kasten\/Schr\u00e4gheck; MAZDA: 3 BK,2 DE,3 BL,3 Stufenheck BK,3 Stufenheck BL; VOLVO: V60; MINI: MINI R56,MINI CLUBMAN R55; LAND ROVER: FREELANDER 2 FA_,RANGE ROVER EVOQUE LV; DS: DS 4 \/ DS 4 CROSSBACK; 031129, 31129, 031129, 1146063, 2S6Q6730AA, LR004304, Y40110404, 11137543584, 03642393, 3642393, 031129, 31129, 7703075033, SU00100579, 03642393, 3642393, 30735088; \u00d6ljytulppa,Kierretulppa, \u00d6ljypohja<\/p>\n","protected":false},"excerpt":{"rendered":"<p>SWAG Kierretulppa 62 93 6431 \u00d6ljytulppa,Kierretulppa, \u00d6ljypohja OPEL,FORD,PEUGEOT,CROSSLAND X,GRANDLAND X A18,FIESTA V JH_, JD_,FOCUS II Kombi DA_<\/p>\n","protected":false},"featured_media":0,"template":"","meta":{"site-sidebar-layout":"default","site-content-layout":"default","ast-global-header-display":"","ast-main-header-display":"","ast-hfb-above-header-display":"","ast-hfb-below-header-display":"","ast-hfb-mobile-header-display":"","site-post-title":"","ast-breadcrumbs-content":"","ast-featured-img":"","footer-sml-layout":"","theme-transparent-header-meta":"","adv-header-id-meta":"","stick-header-meta":"","header-above-stick-meta":"","header-main-stick-meta":"","header-below-stick-meta":""},"pwb-brand":[103],"product_cat":[40],"product_tag":[],"class_list":{"0":"post-88626","1":"product","2":"type-product","3":"status-publish","5":"pwb-brand-swag","6":"product_cat-kierretulppa","7":"desktop-align-left","8":"tablet-align-left","9":"mobile-align-left","11":"first","12":"instock","13":"product-type-external"},"brands":[{"id":103,"name":"SWAG","slug":"swag"}],"_links":{"self":[{"href":"https:\/\/www.autonvaraosahaku.fi\/index.php?rest_route=\/wp\/v2\/product\/88626","targetHints":{"allow":["GET"]}}],"collection":[{"href":"https:\/\/www.autonvaraosahaku.fi\/index.php?rest_route=\/wp\/v2\/product"}],"about":[{"href":"https:\/\/www.autonvaraosahaku.fi\/index.php?rest_route=\/wp\/v2\/types\/product"}],"wp:attachment":[{"href":"https:\/\/www.autonvaraosahaku.fi\/index.php?rest_route=%2Fwp%2Fv2%2Fmedia&parent=88626"}],"wp:term":[{"taxonomy":"pwb-brand","embeddable":true,"href":"https:\/\/www.autonvaraosahaku.fi\/index.php?rest_route=%2Fwp%2Fv2%2Fpwb-brand&post=88626"},{"taxonomy":"product_cat","embeddable":true,"href":"https:\/\/www.autonvaraosahaku.fi\/index.php?rest_route=%2Fwp%2Fv2%2Fproduct_cat&post=88626"},{"taxonomy":"product_tag","embeddable":true,"href":"https:\/\/www.autonvaraosahaku.fi\/index.php?rest_route=%2Fwp%2Fv2%2Fproduct_tag&post=88626"}],"curies":[{"name":"wp","href":"https:\/\/api.w.org\/{rel}","templated":true}]}}