{"id":88636,"date":"2021-02-21T21:04:13","date_gmt":"2021-02-21T21:04:13","guid":{"rendered":"https:\/\/www.autonvaraosahaku.fi\/?product=hella-9xw-197-765-231-pyyhkijansulat"},"modified":"2021-02-21T21:04:17","modified_gmt":"2021-02-21T21:04:17","slug":"hella-9xw-197-765-231-pyyhkijansulat","status":"publish","type":"product","link":"https:\/\/www.autonvaraosahaku.fi\/?product=hella-9xw-197-765-231-pyyhkijansulat","title":{"rendered":"HELLA 9XW 197 765-231 Pyyhkij\u00e4nsulat"},"content":{"rendered":"<p>Asennuspuoli: Edess\u00e4, fahrerseitig; Pituus (mm): 580; Lis\u00e4adapteri: Adapter 1)2)3)4)5)7); Pituus (tuumaa): 23; Vasen \/ oikea liikenne: Oikean-\/vasemmanpuolinen ohjaus; M\u00e4\u00e4r\u00e4: 1; Tuotelinja: Dyna Blade; Pyyhkij\u00e4nsulkatyyppi: Rungottomat; MERCEDES-BENZ: A-CLASS W169,B-CLASS W245,VANEO 414; OPEL: MERIVA,ZAFIRA A F75_,MERIVA B,SINTRA; FIAT: PANDA 169,PUNTO 176,PANDA Van 169,IDEA,STRADA Pick-up 178E,PUNTO Cabriolet 176C,PALIO Weekend 178DX,STRADA Pick-up 578_,PUNTO Van 176L,PALIO 178BX,SIENA 178_; NISSAN: JUKE F15; MAZDA: MPV II LW; CHEVROLET: SPARK M300; ALFA ROMEO: 159 Sportwagon 939,GIULIETTA 940,159 939,BRERA,SPIDER 939; SAAB: 9-3 YS3F,9-3 Kombi YS3F,9-3 Cabriolet YS3F,9-3X; LANCIA: Y 840A,MUSA 350; CADILLAC: BLS,BLS Wagon; Tuulilasinpyyhkimet,Pyyhkij\u00e4t,Pyyhkij\u00e4nsulka<\/p>\n","protected":false},"excerpt":{"rendered":"<p>HELLA Pyyhkij\u00e4nsulat 9XW 197 765-231 Tuulilasinpyyhkimet,Pyyhkij\u00e4t MERCEDES-BENZ,OPEL,FIAT,A-CLASS W169,B-CLASS W245,VANEO 414,MERIVA,ZAFIRA A F75_<\/p>\n","protected":false},"featured_media":0,"template":"","meta":{"site-sidebar-layout":"default","site-content-layout":"default","ast-global-header-display":"","ast-main-header-display":"","ast-hfb-above-header-display":"","ast-hfb-below-header-display":"","ast-hfb-mobile-header-display":"","site-post-title":"","ast-breadcrumbs-content":"","ast-featured-img":"","footer-sml-layout":"","theme-transparent-header-meta":"","adv-header-id-meta":"","stick-header-meta":"","header-above-stick-meta":"","header-main-stick-meta":"","header-below-stick-meta":""},"pwb-brand":[24],"product_cat":[33],"product_tag":[],"class_list":{"0":"post-88636","1":"product","2":"type-product","3":"status-publish","5":"pwb-brand-hella","6":"product_cat-pyyhkijansulat","7":"desktop-align-left","8":"tablet-align-left","9":"mobile-align-left","11":"first","12":"instock","13":"product-type-external"},"brands":[{"id":24,"name":"HELLA","slug":"hella"}],"_links":{"self":[{"href":"https:\/\/www.autonvaraosahaku.fi\/index.php?rest_route=\/wp\/v2\/product\/88636","targetHints":{"allow":["GET"]}}],"collection":[{"href":"https:\/\/www.autonvaraosahaku.fi\/index.php?rest_route=\/wp\/v2\/product"}],"about":[{"href":"https:\/\/www.autonvaraosahaku.fi\/index.php?rest_route=\/wp\/v2\/types\/product"}],"wp:attachment":[{"href":"https:\/\/www.autonvaraosahaku.fi\/index.php?rest_route=%2Fwp%2Fv2%2Fmedia&parent=88636"}],"wp:term":[{"taxonomy":"pwb-brand","embeddable":true,"href":"https:\/\/www.autonvaraosahaku.fi\/index.php?rest_route=%2Fwp%2Fv2%2Fpwb-brand&post=88636"},{"taxonomy":"product_cat","embeddable":true,"href":"https:\/\/www.autonvaraosahaku.fi\/index.php?rest_route=%2Fwp%2Fv2%2Fproduct_cat&post=88636"},{"taxonomy":"product_tag","embeddable":true,"href":"https:\/\/www.autonvaraosahaku.fi\/index.php?rest_route=%2Fwp%2Fv2%2Fproduct_tag&post=88636"}],"curies":[{"name":"wp","href":"https:\/\/api.w.org\/{rel}","templated":true}]}}