{"id":88657,"date":"2021-02-21T21:04:27","date_gmt":"2021-02-21T21:04:27","guid":{"rendered":"https:\/\/www.autonvaraosahaku.fi\/?product=febi-bilstein-116049-jarrupalat"},"modified":"2021-02-21T21:04:32","modified_gmt":"2021-02-21T21:04:32","slug":"febi-bilstein-116049-jarrupalat","status":"publish","type":"product","link":"https:\/\/www.autonvaraosahaku.fi\/?product=febi-bilstein-116049-jarrupalat","title":{"rendered":"FEBI BILSTEIN 116049 Jarrupalat"},"content":{"rendered":"<p>Pituus (mm): 140,7; Leveys (mm): 66,0; Tarkistuskilpi: ECE R90 Approved; Asennuspuoli: Etuakseli; Paksuus 1 [mm]: 19; Paino [kg]: 2,222; Kulumisenilmaisimen liitos: Sis. kulumisenilmaisimen, Sis. kulumisenilmaisimen; M\u00e4\u00e4r\u00e4yksikk\u00f6: Akselisarja; Jarruj\u00e4rjestelm\u00e4: brembo; FIAT: DUCATO Pritsche\/Fahrgestell 250,DUCATO Pritsche\/Fahrgestell 230,DUCATO Bus 250,DUCATO Bus 230,DUCATO Kasten 244,DUCATO Pritsche\/Fahrgestell 244,DUCATO Kasten 230L,DUCATO Bus 244, Z_; CITRO\u00cbN: JUMPER Kasten 244,JUMPER Kasten 230L,JUMPER Bus 244, Z_,JUMPER Bus 230P,JUMPER Pritsche\/Fahrgestell 244,JUMPER Pritsche\/Fahrgestell 230; PEUGEOT: BOXER Kasten,BOXER Kasten 230L,BOXER Kasten 244,BOXER Bus,BOXER Bus 230P,BOXER Bus 244, Z_,BOXER Pritsche\/Fahrgestell ZCT_,BOXER Pritsche\/Fahrgestell 244; 425242, 425243, 425458, 71752979, 71772526, 77362219, 77364862, 9949409, 9949482, 9949516, 425242, 425243, 425458; Jarrupalasarja,Jarrupala, Levyjarru<\/p>\n","protected":false},"excerpt":{"rendered":"<p>FEBI BILSTEIN Jarrupalat 116049 Jarrupalasarja,Jarrupala, Levyjarru FIAT,CITRO\u00cbN,PEUGEOT,DUCATO Pritsche\/Fahrgestell 250<\/p>\n","protected":false},"featured_media":0,"template":"","meta":{"site-sidebar-layout":"default","site-content-layout":"default","ast-global-header-display":"","ast-main-header-display":"","ast-hfb-above-header-display":"","ast-hfb-below-header-display":"","ast-hfb-mobile-header-display":"","site-post-title":"","ast-breadcrumbs-content":"","ast-featured-img":"","footer-sml-layout":"","theme-transparent-header-meta":"","adv-header-id-meta":"","stick-header-meta":"","header-above-stick-meta":"","header-main-stick-meta":"","header-below-stick-meta":""},"pwb-brand":[50],"product_cat":[100],"product_tag":[],"class_list":{"0":"post-88657","1":"product","2":"type-product","3":"status-publish","5":"pwb-brand-febi-bilstein","6":"product_cat-jarrupalat","7":"desktop-align-left","8":"tablet-align-left","9":"mobile-align-left","11":"first","12":"instock","13":"product-type-external"},"brands":[{"id":50,"name":"FEBI BILSTEIN","slug":"febi-bilstein"}],"_links":{"self":[{"href":"https:\/\/www.autonvaraosahaku.fi\/index.php?rest_route=\/wp\/v2\/product\/88657","targetHints":{"allow":["GET"]}}],"collection":[{"href":"https:\/\/www.autonvaraosahaku.fi\/index.php?rest_route=\/wp\/v2\/product"}],"about":[{"href":"https:\/\/www.autonvaraosahaku.fi\/index.php?rest_route=\/wp\/v2\/types\/product"}],"wp:attachment":[{"href":"https:\/\/www.autonvaraosahaku.fi\/index.php?rest_route=%2Fwp%2Fv2%2Fmedia&parent=88657"}],"wp:term":[{"taxonomy":"pwb-brand","embeddable":true,"href":"https:\/\/www.autonvaraosahaku.fi\/index.php?rest_route=%2Fwp%2Fv2%2Fpwb-brand&post=88657"},{"taxonomy":"product_cat","embeddable":true,"href":"https:\/\/www.autonvaraosahaku.fi\/index.php?rest_route=%2Fwp%2Fv2%2Fproduct_cat&post=88657"},{"taxonomy":"product_tag","embeddable":true,"href":"https:\/\/www.autonvaraosahaku.fi\/index.php?rest_route=%2Fwp%2Fv2%2Fproduct_tag&post=88657"}],"curies":[{"name":"wp","href":"https:\/\/api.w.org\/{rel}","templated":true}]}}