{"id":88659,"date":"2021-02-21T21:04:27","date_gmt":"2021-02-21T21:04:27","guid":{"rendered":"https:\/\/www.autonvaraosahaku.fi\/?product=mapco-37897-kallistuksenvakaajan-puslat"},"modified":"2021-02-21T21:04:33","modified_gmt":"2021-02-21T21:04:33","slug":"mapco-37897-kallistuksenvakaajan-puslat","status":"publish","type":"product","link":"https:\/\/www.autonvaraosahaku.fi\/?product=mapco-37897-kallistuksenvakaajan-puslat","title":{"rendered":"MAPCO 37897 Kallistuksenvakaajan puslat"},"content":{"rendered":"<p>Kiinnitysmalli: Kumilaakeri; Asennuspuoli: etuakseli molemminpuoleinen; Sis\u00e4l\u00e4pimitta [mm]: 16; Tarvittava kappalem\u00e4\u00e4r\u00e4: 2; PR-numerolle: 0AQ; VW: POLO 9N_,POLO 6R, 6C,FOX 5Z1, 5Z3,UP,POLO Stufenheck,LOAD UP; AUDI: A2 8Z0; SKODA: FABIA Combi 6Y5,FABIA,FABIA 6Y2,FABIA Combi,CITIGO,FABIA Stufenheck 6Y3,FABIA Praktik,FABIA NJ3,FABIA Kombi NJ5; SEAT: IBIZA IV 6L1,IBIZA V 6J5, 6P5,IBIZA V ST 6J8, 6P8,Mii KF1_,IBIZA V SPORTCOUPE 6J1, 6P1,CORDOBA 6L2; 6Q0411303AC, 6Q0411303H, 6Q0411305F, 6Q0411305G, 6Q0411314L, 6Q0411314P, 6Q0411314J, 6Q0411314L, 6Q0411314P, 6Q0411314J, 6Q0411314L, 6Q0411314P, 6Q0411303AC, 6Q0411303H, 6Q0411305F, 6Q0411305G, 6Q0411314J, 6Q0411314L, 6Q0411314P; Kallistuksenvakaajan Kumit,Vakaajan Hela<\/p>\n","protected":false},"excerpt":{"rendered":"<p>MAPCO Kallistuksenvakaajan Puslat 37897 Kallistuksenvakaajan Kumit,Vakaajan Hela VW,AUDI,SKODA,POLO 9N_,POLO 6R, 6C,FOX 5Z1, 5Z3,UP,POLO Stufenheck<\/p>\n","protected":false},"featured_media":0,"template":"","meta":{"site-sidebar-layout":"default","site-content-layout":"default","ast-global-header-display":"","ast-main-header-display":"","ast-hfb-above-header-display":"","ast-hfb-below-header-display":"","ast-hfb-mobile-header-display":"","site-post-title":"","ast-breadcrumbs-content":"","ast-featured-img":"","footer-sml-layout":"","theme-transparent-header-meta":"","adv-header-id-meta":"","stick-header-meta":"","header-above-stick-meta":"","header-main-stick-meta":"","header-below-stick-meta":""},"pwb-brand":[36],"product_cat":[82],"product_tag":[],"class_list":{"0":"post-88659","1":"product","2":"type-product","3":"status-publish","5":"pwb-brand-mapco","6":"product_cat-kallistuksenvakaajan-puslat","7":"desktop-align-left","8":"tablet-align-left","9":"mobile-align-left","11":"first","12":"instock","13":"product-type-external"},"brands":[{"id":36,"name":"MAPCO","slug":"mapco"}],"_links":{"self":[{"href":"https:\/\/www.autonvaraosahaku.fi\/index.php?rest_route=\/wp\/v2\/product\/88659","targetHints":{"allow":["GET"]}}],"collection":[{"href":"https:\/\/www.autonvaraosahaku.fi\/index.php?rest_route=\/wp\/v2\/product"}],"about":[{"href":"https:\/\/www.autonvaraosahaku.fi\/index.php?rest_route=\/wp\/v2\/types\/product"}],"wp:attachment":[{"href":"https:\/\/www.autonvaraosahaku.fi\/index.php?rest_route=%2Fwp%2Fv2%2Fmedia&parent=88659"}],"wp:term":[{"taxonomy":"pwb-brand","embeddable":true,"href":"https:\/\/www.autonvaraosahaku.fi\/index.php?rest_route=%2Fwp%2Fv2%2Fpwb-brand&post=88659"},{"taxonomy":"product_cat","embeddable":true,"href":"https:\/\/www.autonvaraosahaku.fi\/index.php?rest_route=%2Fwp%2Fv2%2Fproduct_cat&post=88659"},{"taxonomy":"product_tag","embeddable":true,"href":"https:\/\/www.autonvaraosahaku.fi\/index.php?rest_route=%2Fwp%2Fv2%2Fproduct_tag&post=88659"}],"curies":[{"name":"wp","href":"https:\/\/api.w.org\/{rel}","templated":true}]}}