{"id":8867,"date":"2021-02-21T14:04:16","date_gmt":"2021-02-21T14:04:16","guid":{"rendered":"https:\/\/www.autonvaraosahaku.fi\/?product=elwis-royal-1652811-venttiilinvarren-kumit"},"modified":"2021-02-21T14:04:17","modified_gmt":"2021-02-21T14:04:17","slug":"elwis-royal-1652811-venttiilinvarren-kumit","status":"publish","type":"product","link":"https:\/\/www.autonvaraosahaku.fi\/?product=elwis-royal-1652811-venttiilinvarren-kumit","title":{"rendered":"ELWIS ROYAL 1652811 Venttiilinvarren kumit"},"content":{"rendered":"<p>L\u00e4pimitta 1\/l\u00e4pimitta 2 [mm]: 6mm \/ 10,8mm; Korkeus (mm): 10,3; Materiaali: FPM (fluori-kumi); Ulkol\u00e4pimitta [mm]: 13,6; MAZDA: BT-50 CD, UN,BT-50 Pritsche\/Fahrgestell CD, UN; KIA: CEE&#8217;D SW ED,CEE&#8217;D Schr\u00e4gheck ED,SPORTAGE JE_, KM_,CARENS II FJ,RIO II JB,CARNIVAL \/ GRAND CARNIVAL III VQ,PRO CEE&#8217;D ED,SOUL AM,CERATO LD,MAGENTIS GD,MAGENTIS MG,CERATO Stufenheck LD,RIO II Stufenheck JB; LEXUS: IS I JCE1_, GXE1_,GS UZS161, JZS160,IS SportCross,LS UCF20,LS UCF10,GS JZS147,ES F1, F2,SC Coupe UZZ3_, JZZ3_; HYUNDAI: i30 FD,GETZ TB,TUCSON JM,i30 CW FD,SANTA F\u00c9 I SM,SANTA F\u00c9 II CM,MATRIX FC,COUPE GK,TRAJET FO,SONATA IV EF,ACCENT II LC,COUPE RD,ACCENT III MC,ELANTRA XD,ACCENT III Stufenheck MC,ELANTRA Stufenheck XD,ACCENT I X-3,ACCENT II Stufenheck LC,GRANDEUR TG,XG XG,LANTRA II Wagon J-2,LANTRA II J-2,ACCENT Stufenheck X-3,SONATA III Y-3,S COUPE SLC,HIGHWAY VAN,TIBURON Coupe,ELANTRA Stufenheck HD,GRANDEUR HG; VOLVO: V40 Kombi VW,S40 I VS; SUZUKI: SWIFT III MZ, EZ,JIMNY FJ,GRAND VITARA II JT,GRAND VITARA I FT,WAGON R+ MM,IGNIS FH,IGNIS II,VITARA ET, TA,VITARA Cabrio ET, TA,LIANA Schr\u00e4gheck,LIANA ER,BALENO Kombi EG,BALENO EG,BALENO Schr\u00e4gheck EG,WAGON R,GRAND VITARA I Cabriolet GT,JIMNY Gel\u00e4ndewagen offen SN; SUBARU: FORESTER SG,FORESTER SF,IMPREZA Stufenheck GD,OUTBACK BL, BP,IMPREZA Stufenheck GC,LEGACY II Station Wagon BD, BG,IMPREZA Station Wagon GF,SVX CX,LEGACY I Station Wagon BC, BJF,LEGACY II BD, BG,IMPREZA Coupe GFC,LEGACY I BC,LEGACY OUTBACK BG; CHRYSLER: STRATUS Cabriolet JX,STRATUS JA,SEBRING Coupe FJ,CIRRUS; TOYOTA: AVENSIS Kombi T25,COROLLA Verso ZER_, ZZE12_, R1_,RAV 4 II CLA2_, XA2_, ZCA2_, ACA2_,COROLLA ZZE12_, NDE12_, ZDE12_,AVENSIS T25_,STARLET EP91,COROLLA Kombi _E12J_, _E12T_,AVENSIS Stufenheck T25,AVENSIS _T22_,COROLLA Liftback _E11_,COROLLA Compact _E11_,AVENSIS Station Wagon _T22_,RAV 4 I SXA1_,COROLLA Verso ZDE12_, CDE12_,PREVIA MCR3_, ACR3_, CLR3_,COROLLA Stufenheck _E12J_, _E12T_,AVENSIS Liftback _T22_,PICNIC _XM10,LAND CRUISER 90 _J9_,AVENSIS VERSO _CLM2_, _ACM2_,SUPRA JZA70_, GA70_, MA70,MR 2 II SW2_,STARLET _P8_,PASEO Coupe EL54,COROLLA Compact _E10_,CARINA E _T19_,CELICA ST20_, AT20_,COROLLA _E11_,CARINA E Stufenheck _T19_,CELICA Coupe AT18_, ST18_,COROLLA Wagon __E11_,SUPRA JZA80,CARINA E Sportswagon _T19_,PREVIA TCR2_, TCR1_,HILUX VI Pick-up _N1_,RAV 4 \u00a0 SXA1_,CAMRY _CV2_, _XV2_,STARLET _P7_,COROLLA Liftback _E10_,COROLLA Liftback _E9_,HIACE IV Bus LH1_,MR 2 I AW1_,PASEO Cabriolet EL54,COROLLA _E10_,HIACE IV Kasten LXH1_, RZH1_, LH1_,CARINA II _T17_,CAMRY; FIAT: FULLBACK Pick-up 502_, 503_; 9091302062, 9091302062, 2222423500, 9091302062, 9091302062, 9091302062, MD184303, 9091302062, 0928906003, 2222422000, 30874486, 8943241580, 8971467330, 9004812010, 9008031019, 9091302062, 9091302066, 9091302067, 9091302071, 9091302085, 9091302086, 9091302088, 9091302089, 9091302090, 9091302119, KL0210155, MD307342<\/p>\n","protected":false},"excerpt":{"rendered":"<p>ELWIS ROYAL Tiiviste, Venttiilivarsi 1652811  MAZDA,KIA,LEXUS,BT-50 CD, UN,BT-50 Pritsche\/Fahrgestell CD, UN,CEE&#8217;D SW ED,CEE&#8217;D Schr\u00e4gheck ED<\/p>\n","protected":false},"featured_media":0,"template":"","meta":{"site-sidebar-layout":"default","site-content-layout":"default","ast-global-header-display":"","ast-main-header-display":"","ast-hfb-above-header-display":"","ast-hfb-below-header-display":"","ast-hfb-mobile-header-display":"","site-post-title":"","ast-breadcrumbs-content":"","ast-featured-img":"","footer-sml-layout":"","theme-transparent-header-meta":"","adv-header-id-meta":"","stick-header-meta":"","header-above-stick-meta":"","header-main-stick-meta":"","header-below-stick-meta":""},"pwb-brand":[120],"product_cat":[170],"product_tag":[],"class_list":{"0":"post-8867","1":"product","2":"type-product","3":"status-publish","5":"pwb-brand-elwis-royal","6":"product_cat-venttiilinvarren-kumit","7":"desktop-align-left","8":"tablet-align-left","9":"mobile-align-left","11":"first","12":"instock","13":"product-type-external"},"brands":[{"id":120,"name":"ELWIS ROYAL","slug":"elwis-royal"}],"_links":{"self":[{"href":"https:\/\/www.autonvaraosahaku.fi\/index.php?rest_route=\/wp\/v2\/product\/8867","targetHints":{"allow":["GET"]}}],"collection":[{"href":"https:\/\/www.autonvaraosahaku.fi\/index.php?rest_route=\/wp\/v2\/product"}],"about":[{"href":"https:\/\/www.autonvaraosahaku.fi\/index.php?rest_route=\/wp\/v2\/types\/product"}],"wp:attachment":[{"href":"https:\/\/www.autonvaraosahaku.fi\/index.php?rest_route=%2Fwp%2Fv2%2Fmedia&parent=8867"}],"wp:term":[{"taxonomy":"pwb-brand","embeddable":true,"href":"https:\/\/www.autonvaraosahaku.fi\/index.php?rest_route=%2Fwp%2Fv2%2Fpwb-brand&post=8867"},{"taxonomy":"product_cat","embeddable":true,"href":"https:\/\/www.autonvaraosahaku.fi\/index.php?rest_route=%2Fwp%2Fv2%2Fproduct_cat&post=8867"},{"taxonomy":"product_tag","embeddable":true,"href":"https:\/\/www.autonvaraosahaku.fi\/index.php?rest_route=%2Fwp%2Fv2%2Fproduct_tag&post=8867"}],"curies":[{"name":"wp","href":"https:\/\/api.w.org\/{rel}","templated":true}]}}