{"id":88705,"date":"2021-02-21T21:04:53","date_gmt":"2021-02-21T21:04:53","guid":{"rendered":"https:\/\/www.autonvaraosahaku.fi\/?product=mahle-original-kl-559-polttoainesuodatin"},"modified":"2021-02-21T21:05:02","modified_gmt":"2021-02-21T21:05:02","slug":"mahle-original-kl-559-polttoainesuodatin","status":"publish","type":"product","link":"https:\/\/www.autonvaraosahaku.fi\/?product=mahle-original-kl-559-polttoainesuodatin","title":{"rendered":"MAHLE ORIGINAL KL 559 Polttoainesuodatin"},"content":{"rendered":"<p>Suodatintyyppi: Letkusuodatin; L\u00e4pimitta [mm]: 55,5; Kopan l\u00e4pimitta (mm): 55,0; Korkeus 1 (mm): 92,0; Korkeus (mm): 182,0; L\u00e4pimitta 2 [mm]: 7,9; L\u00e4pimitta 3 [mm]: 7,9; Paino [g]: 0,22; Korkeus (tuumaa): 7,28; Leveys (tuumaa): 2,56; Pituus (tuumaa): 2,56; Valmistusvuosi alkaen: 08\/2002; MAZDA: 3 BK,3 BL,3 Stufenheck BK; VOLVO: V50 MW,C30,S40 II MS,C70 II Cabriolet; FORD: FOCUS II Kombi DA_,FOCUS Kombi DNW,FOCUS II DA_,FOCUS DAW, DBW,FOCUS C-MAX,C-MAX II,GRAND C-MAX,FOCUS Stufenheck DFW,FOCUS II Stufenheck DA_,C-MAX II Van; 1208747, 1208762, 1212739, 1224577, 1308406, 1348376, 1465018, 1465324, 2M5C9155AA, 2M5C9155AB, 2M5C9155AC, 2M5C9B072AA, 2M5C9B072AB, 3M519B072CC, 3M519B072CG, 3M519B072CH, 7N519155AB, AM559155AB, RFG87, Z60520490B, LFHH20490A, Z60520490, Z60520490A, Z60520490C, 30792600, 30792720, 31261059, 31271607, 312716070, 31274952, 8616804, 86168040<\/p>\n","protected":false},"excerpt":{"rendered":"<p>MAHLE ORIGINAL Polttoainesuodatin KL 559  MAZDA,VOLVO,FORD,3 BK,3 BL,3 Stufenheck BK,V50 MW,C30,S40 II MS,C70 II Cabriolet,FOCUS II Kombi DA_<\/p>\n","protected":false},"featured_media":0,"template":"","meta":{"site-sidebar-layout":"default","site-content-layout":"default","ast-global-header-display":"","ast-main-header-display":"","ast-hfb-above-header-display":"","ast-hfb-below-header-display":"","ast-hfb-mobile-header-display":"","site-post-title":"","ast-breadcrumbs-content":"","ast-featured-img":"","footer-sml-layout":"","theme-transparent-header-meta":"","adv-header-id-meta":"","stick-header-meta":"","header-above-stick-meta":"","header-main-stick-meta":"","header-below-stick-meta":""},"pwb-brand":[153],"product_cat":[29],"product_tag":[],"class_list":{"0":"post-88705","1":"product","2":"type-product","3":"status-publish","5":"pwb-brand-mahle-original","6":"product_cat-polttoainesuodatin","7":"desktop-align-left","8":"tablet-align-left","9":"mobile-align-left","11":"first","12":"instock","13":"product-type-external"},"brands":[{"id":153,"name":"MAHLE ORIGINAL","slug":"mahle-original"}],"_links":{"self":[{"href":"https:\/\/www.autonvaraosahaku.fi\/index.php?rest_route=\/wp\/v2\/product\/88705","targetHints":{"allow":["GET"]}}],"collection":[{"href":"https:\/\/www.autonvaraosahaku.fi\/index.php?rest_route=\/wp\/v2\/product"}],"about":[{"href":"https:\/\/www.autonvaraosahaku.fi\/index.php?rest_route=\/wp\/v2\/types\/product"}],"wp:attachment":[{"href":"https:\/\/www.autonvaraosahaku.fi\/index.php?rest_route=%2Fwp%2Fv2%2Fmedia&parent=88705"}],"wp:term":[{"taxonomy":"pwb-brand","embeddable":true,"href":"https:\/\/www.autonvaraosahaku.fi\/index.php?rest_route=%2Fwp%2Fv2%2Fpwb-brand&post=88705"},{"taxonomy":"product_cat","embeddable":true,"href":"https:\/\/www.autonvaraosahaku.fi\/index.php?rest_route=%2Fwp%2Fv2%2Fproduct_cat&post=88705"},{"taxonomy":"product_tag","embeddable":true,"href":"https:\/\/www.autonvaraosahaku.fi\/index.php?rest_route=%2Fwp%2Fv2%2Fproduct_tag&post=88705"}],"curies":[{"name":"wp","href":"https:\/\/api.w.org\/{rel}","templated":true}]}}