{"id":88722,"date":"2021-02-21T21:05:06","date_gmt":"2021-02-21T21:05:06","guid":{"rendered":"https:\/\/www.autonvaraosahaku.fi\/?product=mahle-original-022-01-00-manta"},"modified":"2021-02-21T21:05:13","modified_gmt":"2021-02-21T21:05:13","slug":"mahle-original-022-01-00-manta","status":"publish","type":"product","link":"https:\/\/www.autonvaraosahaku.fi\/?product=mahle-original-022-01-00-manta","title":{"rendered":"MAHLE ORIGINAL 022 01 00 M\u00e4nt\u00e4"},"content":{"rendered":"<p>Lis\u00e4tarvike\/lis\u00e4tieto: M\u00e4nn\u00e4nrenkailla; Vakiomitta (STD): ; Sylinterin halkaisija [mm]: 76,0; Pituus (mm): 66,0; Puristuskorkeus [mm]: 41,8; Venttiilitilasyvyys 1 [mm]: 0,25; Venttiilitilasyvyys 2 [mm]: 0,4; Syvennys 1 [mm]: 14,0; Syvennysl\u00e4pimitta [mm]: 39,65; et\u00e4isyys m\u00e4nn\u00e4n laen reuna &#8211; 1.m\u00e4nn\u00e4nrengasura [mm]: 9; Ruuvi-\u00d8 [mm]: 26,0; Pultinpituus [mm]: 60,0; Kiertokankirakenne: Kiertokanki vinolla yl\u00e4p\u00e4\u00e4ll\u00e4; Pinta: pinnoitettu; Tuotantonumero: 76 L 114; Korvaava tuote\/korvaava tiedote 2: M\u00e4nn\u00e4nrengasuralla, ilman j\u00e4\u00e4hdytyskanavaa; Mekaanisesti ty\u00f6stetty: Leikkauksella\/tilalla \u00f6ljysuutinta varten; Komponenttinumero: 1. R2,0 IF CrK, 2. M 2,0 IFU, 3. DSF 2,5 N; Moottorinumerosta: 021125-091025; NISSAN: QASHQAI \/ QASHQAI +2 J10, JJ10,MICRA III K12,NOTE E11,ALMERA II Hatchback N16,MICRA IV K13,TIIDA Schr\u00e4gheck,ALMERA Mk II N16,CUBE Z12,TIIDA Stufenheck SC11X,KUBISTAR Kasten X80,PULSAR Schr\u00e4gheck C13; SUZUKI: JIMNY FJ; DACIA: DUSTER,SANDERO,LOGAN MCV KS_,LOGAN LS_,LOGAN EXPRESS FS_,LOGAN Pick-up US_; RENAULT: CLIO II BB0\/1\/2_, CB0\/1\/2_,CLIO III BR0\/1, CR0\/1,SC\u00c9NIC II JM0\/1_,KANGOO KC0\/1_,TWINGO II CN0_,MODUS \/ GRAND MODUS F\/JP0_,MEGANE II Kombi KM0\/1_,MEGANE II BM0\/1_, CM0\/1_,KANGOO \/ GRAND KANGOO KW0\/1_,KANGOO Express FC0\/1_,CLIO Grandtour KR0\/1_,KANGOO Express FW0\/1_,MEGANE II Stufenheck LM0\/1_,KANGOO BE BOP KW0\/1_,CLIO II Kasten SB0\/1\/2_,THALIA I LB0\/1\/2_,CLIO III Kasten SB_, SR_,SANDERO\/STEPWAY I,DUSTER,LOGAN I Kombi KS_,LOGAN I LS_,THALIA II LU1\/2_,LOGAN EXPRESS,MEGANE II Kasten\/Kombi KM_,MEGANE II Hatchback Van KM0\/2_; 120A10282R, 120A10538R, 7701475075, 7701475077, 7701475703; M\u00e4nn\u00e4t<\/p>\n","protected":false},"excerpt":{"rendered":"<p>MAHLE ORIGINAL M\u00e4nt\u00e4 022 01 00 M\u00e4nn\u00e4t NISSAN,SUZUKI,DACIA,QASHQAI \/ QASHQAI +2 J10, JJ10,MICRA III K12,NOTE E11,ALMERA II Hatchback N16,MICRA IV K13<\/p>\n","protected":false},"featured_media":0,"template":"","meta":{"site-sidebar-layout":"default","site-content-layout":"default","ast-global-header-display":"","ast-main-header-display":"","ast-hfb-above-header-display":"","ast-hfb-below-header-display":"","ast-hfb-mobile-header-display":"","site-post-title":"","ast-breadcrumbs-content":"","ast-featured-img":"","footer-sml-layout":"","theme-transparent-header-meta":"","adv-header-id-meta":"","stick-header-meta":"","header-above-stick-meta":"","header-main-stick-meta":"","header-below-stick-meta":""},"pwb-brand":[153],"product_cat":[434],"product_tag":[],"class_list":{"0":"post-88722","1":"product","2":"type-product","3":"status-publish","5":"pwb-brand-mahle-original","6":"product_cat-manta","7":"desktop-align-left","8":"tablet-align-left","9":"mobile-align-left","11":"first","12":"instock","13":"product-type-external"},"brands":[{"id":153,"name":"MAHLE ORIGINAL","slug":"mahle-original"}],"_links":{"self":[{"href":"https:\/\/www.autonvaraosahaku.fi\/index.php?rest_route=\/wp\/v2\/product\/88722","targetHints":{"allow":["GET"]}}],"collection":[{"href":"https:\/\/www.autonvaraosahaku.fi\/index.php?rest_route=\/wp\/v2\/product"}],"about":[{"href":"https:\/\/www.autonvaraosahaku.fi\/index.php?rest_route=\/wp\/v2\/types\/product"}],"wp:attachment":[{"href":"https:\/\/www.autonvaraosahaku.fi\/index.php?rest_route=%2Fwp%2Fv2%2Fmedia&parent=88722"}],"wp:term":[{"taxonomy":"pwb-brand","embeddable":true,"href":"https:\/\/www.autonvaraosahaku.fi\/index.php?rest_route=%2Fwp%2Fv2%2Fpwb-brand&post=88722"},{"taxonomy":"product_cat","embeddable":true,"href":"https:\/\/www.autonvaraosahaku.fi\/index.php?rest_route=%2Fwp%2Fv2%2Fproduct_cat&post=88722"},{"taxonomy":"product_tag","embeddable":true,"href":"https:\/\/www.autonvaraosahaku.fi\/index.php?rest_route=%2Fwp%2Fv2%2Fproduct_tag&post=88722"}],"curies":[{"name":"wp","href":"https:\/\/api.w.org\/{rel}","templated":true}]}}