{"id":88727,"date":"2021-02-21T21:05:06","date_gmt":"2021-02-21T21:05:06","guid":{"rendered":"https:\/\/www.autonvaraosahaku.fi\/?product=topran-207-748-koiranluu"},"modified":"2021-02-21T21:05:16","modified_gmt":"2021-02-21T21:05:16","slug":"topran-207-748-koiranluu","status":"publish","type":"product","link":"https:\/\/www.autonvaraosahaku.fi\/?product=topran-207-748-koiranluu","title":{"rendered":"TOPRAN 207 748 Koiranluu"},"content":{"rendered":"<p>Tanko \/ tuki: Yhdystanko; Asennuspuoli: etuakseli molemminpuoleinen; Kierremitta: M 12; Runkomateriaali: Lasikuitu-muovi; Vaihdettava pareittain: ; lis\u00e4tieto: t+; Alustarakenne: f\u00fcr Fahrzeuge ohne FlexRide-Fahrwerk; CHEVROLET: ORLANDO J309,CRUZE J300,CRUZE Station Wagon J308,CRUZE Schr\u00e4gheck J305,MALIBU V300; OPEL: ASTRA J Sports Tourer,INSIGNIA Caravan,ASTRA J,ZAFIRA TOURER C P12,INSIGNIA,INSIGNIA Stufenheck,ASTRA J Stufenheck; VAUXHALL: INSIGNIA Mk I A,INSIGNIA Mk I A Estate,ZAFIRA Mk III P12,ASTRA Mk VI J,INSIGNIA Mk I A Sedan,ASTRA Mk VI J Sedan,ASTRA Mk VI J Estate; 13219141, 0350617, 350617, 13219141; Kallistuksenvakaajan Yhdystanko,Tanko, Kallistuksenvaimennin<\/p>\n","protected":false},"excerpt":{"rendered":"<p>TOPRAN Koiranluu 207 748 Kallistuksenvakaajan Yhdystanko,Tanko, Kallistuksenvaimennin CHEVROLET,OPEL,VAUXHALL,ORLANDO J309,CRUZE J300<\/p>\n","protected":false},"featured_media":0,"template":"","meta":{"site-sidebar-layout":"default","site-content-layout":"default","ast-global-header-display":"","ast-main-header-display":"","ast-hfb-above-header-display":"","ast-hfb-below-header-display":"","ast-hfb-mobile-header-display":"","site-post-title":"","ast-breadcrumbs-content":"","ast-featured-img":"","footer-sml-layout":"","theme-transparent-header-meta":"","adv-header-id-meta":"","stick-header-meta":"","header-above-stick-meta":"","header-main-stick-meta":"","header-below-stick-meta":""},"pwb-brand":[18],"product_cat":[38],"product_tag":[],"class_list":{"0":"post-88727","1":"product","2":"type-product","3":"status-publish","5":"pwb-brand-topran","6":"product_cat-koiranluu","7":"desktop-align-left","8":"tablet-align-left","9":"mobile-align-left","11":"first","12":"instock","13":"product-type-external"},"brands":[{"id":18,"name":"TOPRAN","slug":"topran"}],"_links":{"self":[{"href":"https:\/\/www.autonvaraosahaku.fi\/index.php?rest_route=\/wp\/v2\/product\/88727","targetHints":{"allow":["GET"]}}],"collection":[{"href":"https:\/\/www.autonvaraosahaku.fi\/index.php?rest_route=\/wp\/v2\/product"}],"about":[{"href":"https:\/\/www.autonvaraosahaku.fi\/index.php?rest_route=\/wp\/v2\/types\/product"}],"wp:attachment":[{"href":"https:\/\/www.autonvaraosahaku.fi\/index.php?rest_route=%2Fwp%2Fv2%2Fmedia&parent=88727"}],"wp:term":[{"taxonomy":"pwb-brand","embeddable":true,"href":"https:\/\/www.autonvaraosahaku.fi\/index.php?rest_route=%2Fwp%2Fv2%2Fpwb-brand&post=88727"},{"taxonomy":"product_cat","embeddable":true,"href":"https:\/\/www.autonvaraosahaku.fi\/index.php?rest_route=%2Fwp%2Fv2%2Fproduct_cat&post=88727"},{"taxonomy":"product_tag","embeddable":true,"href":"https:\/\/www.autonvaraosahaku.fi\/index.php?rest_route=%2Fwp%2Fv2%2Fproduct_tag&post=88727"}],"curies":[{"name":"wp","href":"https:\/\/api.w.org\/{rel}","templated":true}]}}