{"id":88728,"date":"2021-02-21T21:05:06","date_gmt":"2021-02-21T21:05:06","guid":{"rendered":"https:\/\/www.autonvaraosahaku.fi\/?product=ajusa-52110200-kannentiiviste"},"modified":"2021-02-21T21:05:16","modified_gmt":"2021-02-21T21:05:16","slug":"ajusa-52110200-kannentiiviste","status":"publish","type":"product","link":"https:\/\/www.autonvaraosahaku.fi\/?product=ajusa-52110200-kannentiiviste","title":{"rendered":"AJUSA 52110200 Kannentiiviste"},"content":{"rendered":"<p>Lis\u00e4tarvike\/lis\u00e4tieto: Sylinterikannen tiivisteell\u00e4, Venttiilivarren tiivisteell\u00e4; Vain jnk. yhteydess\u00e4: 81010500; Paino [g]: 431,9; lis\u00e4tieto: FIBERMAX; TECDOC-moottorinumero: 2132; MERCEDES-BENZ: C-CLASS W202,Stufenheck W124,CLK C208,C-CLASS Kombi S202,KOMBI Kombi S124,E-CLASS W124,VITO Bus 638,CLK Cabriolet A208,COUPE C124,E-CLASS Kombi S124,V-CLASS 638\/2,VITO Kasten 638,E-CLASS Cabriolet A124,E-CLASS Coupe C124; DAEWOO: KORANDO Cabrio KJ; 1110102820, 11101028201110100430<\/p>\n","protected":false},"excerpt":{"rendered":"<p>AJUSA Tiivistesarja Sylinterikansi 52110200  MERCEDES-BENZ,DAEWOO,C-CLASS W202,Stufenheck W124,CLK C208,C-CLASS Kombi S202,KOMBI Kombi S124<\/p>\n","protected":false},"featured_media":0,"template":"","meta":{"site-sidebar-layout":"default","site-content-layout":"default","ast-global-header-display":"","ast-main-header-display":"","ast-hfb-above-header-display":"","ast-hfb-below-header-display":"","ast-hfb-mobile-header-display":"","site-post-title":"","ast-breadcrumbs-content":"","ast-featured-img":"","footer-sml-layout":"","theme-transparent-header-meta":"","adv-header-id-meta":"","stick-header-meta":"","header-above-stick-meta":"","header-main-stick-meta":"","header-below-stick-meta":""},"pwb-brand":[211],"product_cat":[230],"product_tag":[],"class_list":{"0":"post-88728","1":"product","2":"type-product","3":"status-publish","5":"pwb-brand-ajusa","6":"product_cat-kannentiiviste","7":"desktop-align-left","8":"tablet-align-left","9":"mobile-align-left","11":"first","12":"instock","13":"product-type-external"},"brands":[{"id":211,"name":"AJUSA","slug":"ajusa"}],"_links":{"self":[{"href":"https:\/\/www.autonvaraosahaku.fi\/index.php?rest_route=\/wp\/v2\/product\/88728","targetHints":{"allow":["GET"]}}],"collection":[{"href":"https:\/\/www.autonvaraosahaku.fi\/index.php?rest_route=\/wp\/v2\/product"}],"about":[{"href":"https:\/\/www.autonvaraosahaku.fi\/index.php?rest_route=\/wp\/v2\/types\/product"}],"wp:attachment":[{"href":"https:\/\/www.autonvaraosahaku.fi\/index.php?rest_route=%2Fwp%2Fv2%2Fmedia&parent=88728"}],"wp:term":[{"taxonomy":"pwb-brand","embeddable":true,"href":"https:\/\/www.autonvaraosahaku.fi\/index.php?rest_route=%2Fwp%2Fv2%2Fpwb-brand&post=88728"},{"taxonomy":"product_cat","embeddable":true,"href":"https:\/\/www.autonvaraosahaku.fi\/index.php?rest_route=%2Fwp%2Fv2%2Fproduct_cat&post=88728"},{"taxonomy":"product_tag","embeddable":true,"href":"https:\/\/www.autonvaraosahaku.fi\/index.php?rest_route=%2Fwp%2Fv2%2Fproduct_tag&post=88728"}],"curies":[{"name":"wp","href":"https:\/\/api.w.org\/{rel}","templated":true}]}}