{"id":88734,"date":"2021-02-21T21:05:19","date_gmt":"2021-02-21T21:05:19","guid":{"rendered":"https:\/\/www.autonvaraosahaku.fi\/?product=denso-dea20012-lammityslaitteen-puhallin"},"modified":"2021-02-21T21:05:22","modified_gmt":"2021-02-21T21:05:22","slug":"denso-dea20012-lammityslaitteen-puhallin","status":"publish","type":"product","link":"https:\/\/www.autonvaraosahaku.fi\/?product=denso-dea20012-lammityslaitteen-puhallin","title":{"rendered":"DENSO DEA20012 L\u00e4mmityslaitteen puhallin"},"content":{"rendered":"<p>J\u00e4nnite (V): 12; Paino [g]: 2237; Vasen \/ oikea liikenne: f\u00fcr Linkslenker; OPEL: CORSA D,CORSA D Van; 1845114, 1845152; Sis\u00e4tilan Puhallin,Sis\u00e4tilapuhallin<\/p>\n","protected":false},"excerpt":{"rendered":"<p>DENSO L\u00e4mmityslaitteen Puhallin DEA20012 Sis\u00e4tilan Puhallin,Sis\u00e4tilapuhallin OPEL,CORSA D,CORSA D Van<\/p>\n","protected":false},"featured_media":0,"template":"","meta":{"site-sidebar-layout":"default","site-content-layout":"default","ast-global-header-display":"","ast-main-header-display":"","ast-hfb-above-header-display":"","ast-hfb-below-header-display":"","ast-hfb-mobile-header-display":"","site-post-title":"","ast-breadcrumbs-content":"","ast-featured-img":"","footer-sml-layout":"","theme-transparent-header-meta":"","adv-header-id-meta":"","stick-header-meta":"","header-above-stick-meta":"","header-main-stick-meta":"","header-below-stick-meta":""},"pwb-brand":[278],"product_cat":[86],"product_tag":[],"class_list":{"0":"post-88734","1":"product","2":"type-product","3":"status-publish","5":"pwb-brand-denso","6":"product_cat-lammityslaitteen-puhallin","7":"desktop-align-left","8":"tablet-align-left","9":"mobile-align-left","11":"first","12":"instock","13":"product-type-external"},"brands":[{"id":278,"name":"DENSO","slug":"denso"}],"_links":{"self":[{"href":"https:\/\/www.autonvaraosahaku.fi\/index.php?rest_route=\/wp\/v2\/product\/88734","targetHints":{"allow":["GET"]}}],"collection":[{"href":"https:\/\/www.autonvaraosahaku.fi\/index.php?rest_route=\/wp\/v2\/product"}],"about":[{"href":"https:\/\/www.autonvaraosahaku.fi\/index.php?rest_route=\/wp\/v2\/types\/product"}],"wp:attachment":[{"href":"https:\/\/www.autonvaraosahaku.fi\/index.php?rest_route=%2Fwp%2Fv2%2Fmedia&parent=88734"}],"wp:term":[{"taxonomy":"pwb-brand","embeddable":true,"href":"https:\/\/www.autonvaraosahaku.fi\/index.php?rest_route=%2Fwp%2Fv2%2Fpwb-brand&post=88734"},{"taxonomy":"product_cat","embeddable":true,"href":"https:\/\/www.autonvaraosahaku.fi\/index.php?rest_route=%2Fwp%2Fv2%2Fproduct_cat&post=88734"},{"taxonomy":"product_tag","embeddable":true,"href":"https:\/\/www.autonvaraosahaku.fi\/index.php?rest_route=%2Fwp%2Fv2%2Fproduct_tag&post=88734"}],"curies":[{"name":"wp","href":"https:\/\/api.w.org\/{rel}","templated":true}]}}