{"id":88757,"date":"2021-02-21T21:05:32","date_gmt":"2021-02-21T21:05:32","guid":{"rendered":"https:\/\/www.autonvaraosahaku.fi\/?product=ajusa-13228900-imusarjan-tiivisteet"},"modified":"2021-02-21T21:05:36","modified_gmt":"2021-02-21T21:05:36","slug":"ajusa-13228900-imusarjan-tiivisteet","status":"publish","type":"product","link":"https:\/\/www.autonvaraosahaku.fi\/?product=ajusa-13228900-imusarjan-tiivisteet","title":{"rendered":"AJUSA 13228900 Imusarjan tiivisteet"},"content":{"rendered":"<p>Asennuspuoli: Imuputki; Tarvittava kappalem\u00e4\u00e4r\u00e4: 4; BMW: 3 Touring E91,3 E90,5 E60,1 E87,5 Touring E61,X3 E83,X1 E84,1 E81,1 F20,3 Coupe E92,3 Cabriolet E93,1 Cabriolet E88,1 Coupe E82; PEUGEOT: 3008,EXPERT Kasten VF3A_, VF3U_, VF3X_; TOYOTA: PROACE Kasten\/Kombi; MINI: MINI R56,MINI CLUBMAN R55,MINI Cabriolet R57,MINI COUNTRYMAN R60,MINI Coupe R58,MINI Roadster R59,MINI PACEMAN R61,MINI CLUBVAN R55; DS: DS5; ALPINA: D3 E90,D3 Kombi E91; 11617801438, 11618507332; Tiiviste, Imusarja<\/p>\n","protected":false},"excerpt":{"rendered":"<p>AJUSA Imusarjan Tiivisteet 13228900 Tiiviste, Imusarja BMW,PEUGEOT,TOYOTA,3 Touring E91,3 E90,5 E60,1 E87,5 Touring E61,X3 E83,X1 E84,1 E81,1 F20<\/p>\n","protected":false},"featured_media":0,"template":"","meta":{"site-sidebar-layout":"default","site-content-layout":"default","ast-global-header-display":"","ast-main-header-display":"","ast-hfb-above-header-display":"","ast-hfb-below-header-display":"","ast-hfb-mobile-header-display":"","site-post-title":"","ast-breadcrumbs-content":"","ast-featured-img":"","footer-sml-layout":"","theme-transparent-header-meta":"","adv-header-id-meta":"","stick-header-meta":"","header-above-stick-meta":"","header-main-stick-meta":"","header-below-stick-meta":""},"pwb-brand":[211],"product_cat":[43],"product_tag":[],"class_list":{"0":"post-88757","1":"product","2":"type-product","3":"status-publish","5":"pwb-brand-ajusa","6":"product_cat-imusarjan-tiivisteet","7":"desktop-align-left","8":"tablet-align-left","9":"mobile-align-left","11":"first","12":"instock","13":"product-type-external"},"brands":[{"id":211,"name":"AJUSA","slug":"ajusa"}],"_links":{"self":[{"href":"https:\/\/www.autonvaraosahaku.fi\/index.php?rest_route=\/wp\/v2\/product\/88757","targetHints":{"allow":["GET"]}}],"collection":[{"href":"https:\/\/www.autonvaraosahaku.fi\/index.php?rest_route=\/wp\/v2\/product"}],"about":[{"href":"https:\/\/www.autonvaraosahaku.fi\/index.php?rest_route=\/wp\/v2\/types\/product"}],"wp:attachment":[{"href":"https:\/\/www.autonvaraosahaku.fi\/index.php?rest_route=%2Fwp%2Fv2%2Fmedia&parent=88757"}],"wp:term":[{"taxonomy":"pwb-brand","embeddable":true,"href":"https:\/\/www.autonvaraosahaku.fi\/index.php?rest_route=%2Fwp%2Fv2%2Fpwb-brand&post=88757"},{"taxonomy":"product_cat","embeddable":true,"href":"https:\/\/www.autonvaraosahaku.fi\/index.php?rest_route=%2Fwp%2Fv2%2Fproduct_cat&post=88757"},{"taxonomy":"product_tag","embeddable":true,"href":"https:\/\/www.autonvaraosahaku.fi\/index.php?rest_route=%2Fwp%2Fv2%2Fproduct_tag&post=88757"}],"curies":[{"name":"wp","href":"https:\/\/api.w.org\/{rel}","templated":true}]}}