{"id":8876,"date":"2021-02-21T14:04:16","date_gmt":"2021-02-21T14:04:16","guid":{"rendered":"https:\/\/www.autonvaraosahaku.fi\/?product=master-sport-13046039912n-set-ms-jarrupalat"},"modified":"2021-02-21T14:04:18","modified_gmt":"2021-02-21T14:04:18","slug":"master-sport-13046039912n-set-ms-jarrupalat","status":"publish","type":"product","link":"https:\/\/www.autonvaraosahaku.fi\/?product=master-sport-13046039912n-set-ms-jarrupalat","title":{"rendered":"MASTER-SPORT 13046039912N-SET-MS Jarrupalat"},"content":{"rendered":"<p>Paksuus [mm]: 16,6; Jarruj\u00e4rjestelm\u00e4: Bosch; Leveys (mm): 94,8; Korkeus (mm): 42,9; Ruuvien m\u00e4\u00e4r\u00e4: 2; Kulumisenilmaisimen liitos: Ilman kulumisenilmaisinta, Ei kulumisenilmaisimelle; Korvaava tuote\/korvaava tiedote 2: Huudonvaimennuspellill\u00e4; Nettopaino [kg]: 0,71; Bruttopaino [kg]: 0,75; Asennuspuoli: Hinterachse; LANCIA: DELTA III 844; FIAT: STILO 192,BRAVO II 198,STILO Multi Wagon 192,MULTIPLA 186; ALFA ROMEO: MITO 955; 71769094, 77362271, 77362768, 77363518, 9949280; Jarrupalasarja,Jarrupala, Levyjarru<\/p>\n","protected":false},"excerpt":{"rendered":"<p>MASTER-SPORT Jarrupalat Premium 13046039912N-SET-MS Jarrupalasarja,Jarrupala, Levyjarru LANCIA,FIAT,ALFA ROMEO,DELTA III 844,STILO 192,BRAVO II 198<\/p>\n","protected":false},"featured_media":0,"template":"","meta":{"site-sidebar-layout":"default","site-content-layout":"default","ast-global-header-display":"","ast-main-header-display":"","ast-hfb-above-header-display":"","ast-hfb-below-header-display":"","ast-hfb-mobile-header-display":"","site-post-title":"","ast-breadcrumbs-content":"","ast-featured-img":"","footer-sml-layout":"","theme-transparent-header-meta":"","adv-header-id-meta":"","stick-header-meta":"","header-above-stick-meta":"","header-main-stick-meta":"","header-below-stick-meta":""},"pwb-brand":[61],"product_cat":[100],"product_tag":[],"class_list":{"0":"post-8876","1":"product","2":"type-product","3":"status-publish","5":"pwb-brand-master-sport","6":"product_cat-jarrupalat","7":"desktop-align-left","8":"tablet-align-left","9":"mobile-align-left","11":"first","12":"instock","13":"product-type-external"},"brands":[{"id":61,"name":"MASTER-SPORT","slug":"master-sport"}],"_links":{"self":[{"href":"https:\/\/www.autonvaraosahaku.fi\/index.php?rest_route=\/wp\/v2\/product\/8876","targetHints":{"allow":["GET"]}}],"collection":[{"href":"https:\/\/www.autonvaraosahaku.fi\/index.php?rest_route=\/wp\/v2\/product"}],"about":[{"href":"https:\/\/www.autonvaraosahaku.fi\/index.php?rest_route=\/wp\/v2\/types\/product"}],"wp:attachment":[{"href":"https:\/\/www.autonvaraosahaku.fi\/index.php?rest_route=%2Fwp%2Fv2%2Fmedia&parent=8876"}],"wp:term":[{"taxonomy":"pwb-brand","embeddable":true,"href":"https:\/\/www.autonvaraosahaku.fi\/index.php?rest_route=%2Fwp%2Fv2%2Fpwb-brand&post=8876"},{"taxonomy":"product_cat","embeddable":true,"href":"https:\/\/www.autonvaraosahaku.fi\/index.php?rest_route=%2Fwp%2Fv2%2Fproduct_cat&post=8876"},{"taxonomy":"product_tag","embeddable":true,"href":"https:\/\/www.autonvaraosahaku.fi\/index.php?rest_route=%2Fwp%2Fv2%2Fproduct_tag&post=8876"}],"curies":[{"name":"wp","href":"https:\/\/api.w.org\/{rel}","templated":true}]}}