{"id":88778,"date":"2021-02-21T21:05:44","date_gmt":"2021-02-21T21:05:44","guid":{"rendered":"https:\/\/www.autonvaraosahaku.fi\/?product=ajusa-13017600-imusarjan-tiivisteet"},"modified":"2021-02-21T21:05:49","modified_gmt":"2021-02-21T21:05:49","slug":"ajusa-13017600-imusarjan-tiivisteet","status":"publish","type":"product","link":"https:\/\/www.autonvaraosahaku.fi\/?product=ajusa-13017600-imusarjan-tiivisteet","title":{"rendered":"AJUSA 13017600 Imusarjan tiivisteet"},"content":{"rendered":"<p>Asennuspuoli: Imuputki; Paksuus [mm]: 1,5; Leveys (mm): 55; Pituus (mm): 425; Paino [g]: 19,6; Tarvittava kappalem\u00e4\u00e4r\u00e4: 2; MERCEDES-BENZ: SL R107,S-CLASS W108, W109,S-CLASS W116,COUPE W111,SL Coupe C107,CABRIOLET W111; 1161411880, 1161412480, A1161411880; Tiiviste, Imusarja<\/p>\n","protected":false},"excerpt":{"rendered":"<p>AJUSA Imusarjan Tiivisteet 13017600 Tiiviste, Imusarja MERCEDES-BENZ,SL R107,S-CLASS W108, W109,S-CLASS W116,COUPE W111,SL Coupe C107,CABRIOLET W111<\/p>\n","protected":false},"featured_media":0,"template":"","meta":{"site-sidebar-layout":"default","site-content-layout":"default","ast-global-header-display":"","ast-main-header-display":"","ast-hfb-above-header-display":"","ast-hfb-below-header-display":"","ast-hfb-mobile-header-display":"","site-post-title":"","ast-breadcrumbs-content":"","ast-featured-img":"","footer-sml-layout":"","theme-transparent-header-meta":"","adv-header-id-meta":"","stick-header-meta":"","header-above-stick-meta":"","header-main-stick-meta":"","header-below-stick-meta":""},"pwb-brand":[211],"product_cat":[43],"product_tag":[],"class_list":{"0":"post-88778","1":"product","2":"type-product","3":"status-publish","5":"pwb-brand-ajusa","6":"product_cat-imusarjan-tiivisteet","7":"desktop-align-left","8":"tablet-align-left","9":"mobile-align-left","11":"first","12":"instock","13":"product-type-external"},"brands":[{"id":211,"name":"AJUSA","slug":"ajusa"}],"_links":{"self":[{"href":"https:\/\/www.autonvaraosahaku.fi\/index.php?rest_route=\/wp\/v2\/product\/88778","targetHints":{"allow":["GET"]}}],"collection":[{"href":"https:\/\/www.autonvaraosahaku.fi\/index.php?rest_route=\/wp\/v2\/product"}],"about":[{"href":"https:\/\/www.autonvaraosahaku.fi\/index.php?rest_route=\/wp\/v2\/types\/product"}],"wp:attachment":[{"href":"https:\/\/www.autonvaraosahaku.fi\/index.php?rest_route=%2Fwp%2Fv2%2Fmedia&parent=88778"}],"wp:term":[{"taxonomy":"pwb-brand","embeddable":true,"href":"https:\/\/www.autonvaraosahaku.fi\/index.php?rest_route=%2Fwp%2Fv2%2Fpwb-brand&post=88778"},{"taxonomy":"product_cat","embeddable":true,"href":"https:\/\/www.autonvaraosahaku.fi\/index.php?rest_route=%2Fwp%2Fv2%2Fproduct_cat&post=88778"},{"taxonomy":"product_tag","embeddable":true,"href":"https:\/\/www.autonvaraosahaku.fi\/index.php?rest_route=%2Fwp%2Fv2%2Fproduct_tag&post=88778"}],"curies":[{"name":"wp","href":"https:\/\/api.w.org\/{rel}","templated":true}]}}