{"id":88782,"date":"2021-02-21T21:05:44","date_gmt":"2021-02-21T21:05:44","guid":{"rendered":"https:\/\/www.autonvaraosahaku.fi\/?product=ajusa-10036900-kannentiiviste"},"modified":"2021-02-21T21:05:51","modified_gmt":"2021-02-21T21:05:51","slug":"ajusa-10036900-kannentiiviste","status":"publish","type":"product","link":"https:\/\/www.autonvaraosahaku.fi\/?product=ajusa-10036900-kannentiiviste","title":{"rendered":"AJUSA 10036900 Kannentiiviste"},"content":{"rendered":"<p>L\u00e4pimitta [mm]: 75; Paksuus [mm]: 1,2; Leveys (mm): 160; Pituus (mm): 370; Paino [g]: 127; lis\u00e4tieto: FIBERMAX; TECDOC-moottorinumero: 3659; SUZUKI: SAMURAI SJ,SWIFT II Schr\u00e4gheck EA, MA,SJ 413,BALENO EG,BALENO Schr\u00e4gheck EG,JIMNY SJ, JA, JB,SWIFT I AA,SWIFT Cabriolet SF413,SWIFT II Stufenheck AH, AJ,SAMURAI Gel\u00e4ndewagen offen SJ; 1114182600, 1114182601, 1114182602, 1114182611, 1114182811, 1114186501, 1114186502; Tiiviste, Sylinterikansi<\/p>\n","protected":false},"excerpt":{"rendered":"<p>AJUSA Kannentiiviste 10036900 Tiiviste, Sylinterikansi SUZUKI,SAMURAI SJ,SWIFT II Schr\u00e4gheck EA, MA,SJ 413,BALENO EG,BALENO Schr\u00e4gheck EG<\/p>\n","protected":false},"featured_media":0,"template":"","meta":{"site-sidebar-layout":"default","site-content-layout":"default","ast-global-header-display":"","ast-main-header-display":"","ast-hfb-above-header-display":"","ast-hfb-below-header-display":"","ast-hfb-mobile-header-display":"","site-post-title":"","ast-breadcrumbs-content":"","ast-featured-img":"","footer-sml-layout":"","theme-transparent-header-meta":"","adv-header-id-meta":"","stick-header-meta":"","header-above-stick-meta":"","header-main-stick-meta":"","header-below-stick-meta":""},"pwb-brand":[211],"product_cat":[230],"product_tag":[],"class_list":{"0":"post-88782","1":"product","2":"type-product","3":"status-publish","5":"pwb-brand-ajusa","6":"product_cat-kannentiiviste","7":"desktop-align-left","8":"tablet-align-left","9":"mobile-align-left","11":"first","12":"instock","13":"product-type-external"},"brands":[{"id":211,"name":"AJUSA","slug":"ajusa"}],"_links":{"self":[{"href":"https:\/\/www.autonvaraosahaku.fi\/index.php?rest_route=\/wp\/v2\/product\/88782","targetHints":{"allow":["GET"]}}],"collection":[{"href":"https:\/\/www.autonvaraosahaku.fi\/index.php?rest_route=\/wp\/v2\/product"}],"about":[{"href":"https:\/\/www.autonvaraosahaku.fi\/index.php?rest_route=\/wp\/v2\/types\/product"}],"wp:attachment":[{"href":"https:\/\/www.autonvaraosahaku.fi\/index.php?rest_route=%2Fwp%2Fv2%2Fmedia&parent=88782"}],"wp:term":[{"taxonomy":"pwb-brand","embeddable":true,"href":"https:\/\/www.autonvaraosahaku.fi\/index.php?rest_route=%2Fwp%2Fv2%2Fpwb-brand&post=88782"},{"taxonomy":"product_cat","embeddable":true,"href":"https:\/\/www.autonvaraosahaku.fi\/index.php?rest_route=%2Fwp%2Fv2%2Fproduct_cat&post=88782"},{"taxonomy":"product_tag","embeddable":true,"href":"https:\/\/www.autonvaraosahaku.fi\/index.php?rest_route=%2Fwp%2Fv2%2Fproduct_tag&post=88782"}],"curies":[{"name":"wp","href":"https:\/\/api.w.org\/{rel}","templated":true}]}}